{"id":1377,"date":"2021-10-25T17:15:34","date_gmt":"2021-10-25T14:15:34","guid":{"rendered":"https:\/\/kouklinostours.gr\/covid-19\/"},"modified":"2021-10-26T15:46:49","modified_gmt":"2021-10-26T12:46:49","slug":"covid-19","status":"publish","type":"page","link":"https:\/\/kouklinostours.gr\/de\/covid-19\/","title":{"rendered":"COVID-19"},"content":{"rendered":"\t\t<div data-elementor-type=\"wp-page\" data-elementor-id=\"1377\" class=\"elementor elementor-1377 elementor-1151\" data-elementor-settings=\"[]\">\n\t\t\t\t\t\t\t<div class=\"elementor-section-wrap\">\n\t\t\t\t\t\t\t<section class=\"elementor-section elementor-top-section elementor-element elementor-element-f522573 elementor-section-boxed elementor-section-height-default elementor-section-height-default\" data-id=\"f522573\" data-element_type=\"section\" data-settings=\"{&quot;background_background&quot;:&quot;classic&quot;}\">\n\t\t\t\t\t\t<div class=\"elementor-container elementor-column-gap-default\">\n\t\t\t\t\t<div class=\"elementor-column elementor-col-100 elementor-top-column elementor-element elementor-element-75e5751\" data-id=\"75e5751\" data-element_type=\"column\">\n\t\t\t<div class=\"elementor-widget-wrap elementor-element-populated\">\n\t\t\t\t\t\t\t\t<div class=\"elementor-element elementor-element-bdbfccf elementor-widget elementor-widget-heading\" data-id=\"bdbfccf\" data-element_type=\"widget\" data-widget_type=\"heading.default\">\n\t\t\t\t<div class=\"elementor-widget-container\">\n\t\t\t<h2 class=\"elementor-heading-title elementor-size-default\">COVID-19 Info<\/h2>\t\t<\/div>\n\t\t\t\t<\/div>\n\t\t\t\t\t<\/div>\n\t\t<\/div>\n\t\t\t\t\t\t\t<\/div>\n\t\t<\/section>\n\t\t\t\t<section class=\"elementor-section elementor-top-section elementor-element elementor-element-4383f7f3 elementor-section-content-top elementor-section-boxed elementor-section-height-default elementor-section-height-default\" data-id=\"4383f7f3\" data-element_type=\"section\">\n\t\t\t\t\t\t<div class=\"elementor-container elementor-column-gap-no\">\n\t\t\t\t\t<div class=\"elementor-column elementor-col-100 elementor-top-column elementor-element elementor-element-26ee6093\" data-id=\"26ee6093\" data-element_type=\"column\" data-settings=\"{&quot;background_background&quot;:&quot;classic&quot;}\">\n\t\t\t<div class=\"elementor-widget-wrap elementor-element-populated\">\n\t\t\t\t\t\t\t\t<div class=\"elementor-element elementor-element-1d8653e elementor-widget elementor-widget-heading\" data-id=\"1d8653e\" data-element_type=\"widget\" data-widget_type=\"heading.default\">\n\t\t\t\t<div class=\"elementor-widget-container\">\n\t\t\t<h3 class=\"elementor-heading-title elementor-size-default\">COVID-19 Info<\/h3>\t\t<\/div>\n\t\t\t\t<\/div>\n\t\t\t\t<div class=\"elementor-element elementor-element-1b260de elementor-widget-divider--view-line elementor-widget elementor-widget-divider\" data-id=\"1b260de\" data-element_type=\"widget\" data-widget_type=\"divider.default\">\n\t\t\t\t<div class=\"elementor-widget-container\">\n\t\t\t\t\t<div class=\"elementor-divider\">\n\t\t\t<span class=\"elementor-divider-separator\">\n\t\t\t\t\t\t<\/span>\n\t\t<\/div>\n\t\t\t\t<\/div>\n\t\t\t\t<\/div>\n\t\t\t\t<div class=\"elementor-element elementor-element-4125edff elementor-widget elementor-widget-text-editor\" data-id=\"4125edff\" data-element_type=\"widget\" data-widget_type=\"text-editor.default\">\n\t\t\t\t<div class=\"elementor-widget-container\">\n\t\t\t\t\t\t\t<h4>Unser Unternehmen trifft alle notwendigen Scicherheitsvorkehrungen und h\u00e4lt sich an alle Gesundheitsprotokolle zum Schutz vor der Pandemie.<\/h4><p>So gilt f\u00fcr alle unsere Fahrzeuge:<\/p><ul><li>Die Auslastung betr\u00e4gt 85%<\/li><li>Wir desinfizieren alle Punkte mit h\u00e4ufigem Kontakt nach jeder Fahrt und am Ende jeder Schicht erfolgt eine sorgf\u00e4ltige vollst\u00e4ndige Desinfizierung<\/li><li>An den Eingangst\u00fcren steht Antiseptikum zur Verf\u00fcgung<\/li><li>Der Gebrauch der Maske ist f\u00fcr die gesamte Fahrtdauer sowohl f\u00fcr die Passagiere als auch f\u00fcr den Fahrer vorgeschrieben<\/li><li>Alle Fahrer unseres Unternehmens haben am Ausbildungsseminar der Regionalverwaltung Kreta bez\u00fcglich der Pandemie teilgenommen.<\/li><li>F\u00fcr jedes Fahrzeug gibt es einen Aktionsplan und pers\u00f6nliche Schutzausr\u00fcstung f\u00fcr Verdachtsf\u00e4lle gem\u00e4\u00df den Richtlinien der staatlichen Gesundheitsorganisation<\/li><li>Die Fahrer sind \u00fcber die verd\u00e4chtigen Symptome aufgekl\u00e4rt<\/li><li>Sie verf\u00fcgen \u00fcber das System AIR PURIFIER ECO 3 zur Reinigung und Desinfektion der Luft<\/li><\/ul>\t\t\t\t\t\t<\/div>\n\t\t\t\t<\/div>\n\t\t\t\t\t<\/div>\n\t\t<\/div>\n\t\t\t\t\t\t\t<\/div>\n\t\t<\/section>\n\t\t\t\t\t\t<\/div>\n\t\t\t\t\t<\/div>\n\t\t","protected":false},"excerpt":{"rendered":"<p>COVID-19 Info COVID-19 Info Unser Unternehmen trifft alle notwendigen Scicherheitsvorkehrungen und h\u00e4lt sich an alle Gesundheitsprotokolle zum Schutz vor der Pandemie. So gilt f\u00fcr alle unsere Fahrzeuge: Die Auslastung betr\u00e4gt 85% Wir desinfizieren alle Punkte mit h\u00e4ufigem Kontakt nach jeder Fahrt und am Ende jeder Schicht erfolgt eine sorgf\u00e4ltige vollst\u00e4ndige Desinfizierung An den Eingangst\u00fcren steht [&hellip;]<\/p>\n","protected":false},"author":1,"featured_media":0,"parent":0,"menu_order":0,"comment_status":"closed","ping_status":"closed","template":"elementor_header_footer","meta":[],"yoast_head":"<!-- This site is optimized with the Yoast SEO plugin v17.5 - https:\/\/yoast.com\/wordpress\/plugins\/seo\/ -->\n<title>COVID-19 - Kouklinos Tours<\/title>\n<meta name=\"robots\" content=\"index, follow, max-snippet:-1, max-image-preview:large, max-video-preview:-1\" \/>\n<link rel=\"canonical\" href=\"https:\/\/kouklinostours.gr\/de\/covid-19\/\" \/>\n<meta property=\"og:locale\" content=\"de_DE\" \/>\n<meta property=\"og:type\" content=\"article\" \/>\n<meta property=\"og:title\" content=\"COVID-19 - Kouklinos Tours\" \/>\n<meta property=\"og:description\" content=\"COVID-19 Info COVID-19 Info Unser Unternehmen trifft alle notwendigen Scicherheitsvorkehrungen und h\u00e4lt sich an alle Gesundheitsprotokolle zum Schutz vor der Pandemie. So gilt f\u00fcr alle unsere Fahrzeuge: Die Auslastung betr\u00e4gt 85% Wir desinfizieren alle Punkte mit h\u00e4ufigem Kontakt nach jeder Fahrt und am Ende jeder Schicht erfolgt eine sorgf\u00e4ltige vollst\u00e4ndige Desinfizierung An den Eingangst\u00fcren steht [&hellip;]\" \/>\n<meta property=\"og:url\" content=\"https:\/\/kouklinostours.gr\/de\/covid-19\/\" \/>\n<meta property=\"og:site_name\" content=\"Kouklinos Tours\" \/>\n<meta property=\"article:modified_time\" content=\"2021-10-26T12:46:49+00:00\" \/>\n<meta name=\"twitter:card\" content=\"summary_large_image\" \/>\n<meta name=\"twitter:label1\" content=\"Gesch\u00e4tzte Lesezeit\" \/>\n\t<meta name=\"twitter:data1\" content=\"1 Minute\" \/>\n<script type=\"application\/ld+json\" class=\"yoast-schema-graph\">{\"@context\":\"https:\/\/schema.org\",\"@graph\":[{\"@type\":\"WebSite\",\"@id\":\"https:\/\/kouklinostours.gr\/#website\",\"url\":\"https:\/\/kouklinostours.gr\/\",\"name\":\"Kouklinos Tours\",\"description\":\"\\u0393\\u03c1\\u03b1\\u03c6\\u03b5\\u03af\\u03bf \\u0393\\u03b5\\u03bd\\u03b9\\u03ba\\u03bf\\u03cd \\u03a4\\u03bf\\u03c5\\u03c1\\u03b9\\u03c3\\u03bc\\u03bf\\u03cd\",\"potentialAction\":[{\"@type\":\"SearchAction\",\"target\":{\"@type\":\"EntryPoint\",\"urlTemplate\":\"https:\/\/kouklinostours.gr\/?s={search_term_string}\"},\"query-input\":\"required name=search_term_string\"}],\"inLanguage\":\"de-DE\"},{\"@type\":\"WebPage\",\"@id\":\"https:\/\/kouklinostours.gr\/de\/covid-19\/#webpage\",\"url\":\"https:\/\/kouklinostours.gr\/de\/covid-19\/\",\"name\":\"COVID-19 - Kouklinos Tours\",\"isPartOf\":{\"@id\":\"https:\/\/kouklinostours.gr\/#website\"},\"datePublished\":\"2021-10-25T14:15:34+00:00\",\"dateModified\":\"2021-10-26T12:46:49+00:00\",\"breadcrumb\":{\"@id\":\"https:\/\/kouklinostours.gr\/de\/covid-19\/#breadcrumb\"},\"inLanguage\":\"de-DE\",\"potentialAction\":[{\"@type\":\"ReadAction\",\"target\":[\"https:\/\/kouklinostours.gr\/de\/covid-19\/\"]}]},{\"@type\":\"BreadcrumbList\",\"@id\":\"https:\/\/kouklinostours.gr\/de\/covid-19\/#breadcrumb\",\"itemListElement\":[{\"@type\":\"ListItem\",\"position\":1,\"name\":\"\\u0391\\u03c1\\u03c7\\u03b9\\u03ba\\u03ae\",\"item\":\"https:\/\/kouklinostours.gr\/de\/home2\/\"},{\"@type\":\"ListItem\",\"position\":2,\"name\":\"COVID-19\"}]}]}<\/script>\n<!-- \/ Yoast SEO plugin. -->","yoast_head_json":{"title":"COVID-19 - Kouklinos Tours","robots":{"index":"index","follow":"follow","max-snippet":"max-snippet:-1","max-image-preview":"max-image-preview:large","max-video-preview":"max-video-preview:-1"},"canonical":"https:\/\/kouklinostours.gr\/de\/covid-19\/","og_locale":"de_DE","og_type":"article","og_title":"COVID-19 - Kouklinos Tours","og_description":"COVID-19 Info COVID-19 Info Unser Unternehmen trifft alle notwendigen Scicherheitsvorkehrungen und h\u00e4lt sich an alle Gesundheitsprotokolle zum Schutz vor der Pandemie. So gilt f\u00fcr alle unsere Fahrzeuge: Die Auslastung betr\u00e4gt 85% Wir desinfizieren alle Punkte mit h\u00e4ufigem Kontakt nach jeder Fahrt und am Ende jeder Schicht erfolgt eine sorgf\u00e4ltige vollst\u00e4ndige Desinfizierung An den Eingangst\u00fcren steht [&hellip;]","og_url":"https:\/\/kouklinostours.gr\/de\/covid-19\/","og_site_name":"Kouklinos Tours","article_modified_time":"2021-10-26T12:46:49+00:00","twitter_card":"summary_large_image","twitter_misc":{"Gesch\u00e4tzte Lesezeit":"1 Minute"},"schema":{"@context":"https:\/\/schema.org","@graph":[{"@type":"WebSite","@id":"https:\/\/kouklinostours.gr\/#website","url":"https:\/\/kouklinostours.gr\/","name":"Kouklinos Tours","description":"\u0393\u03c1\u03b1\u03c6\u03b5\u03af\u03bf \u0393\u03b5\u03bd\u03b9\u03ba\u03bf\u03cd \u03a4\u03bf\u03c5\u03c1\u03b9\u03c3\u03bc\u03bf\u03cd","potentialAction":[{"@type":"SearchAction","target":{"@type":"EntryPoint","urlTemplate":"https:\/\/kouklinostours.gr\/?s={search_term_string}"},"query-input":"required name=search_term_string"}],"inLanguage":"de-DE"},{"@type":"WebPage","@id":"https:\/\/kouklinostours.gr\/de\/covid-19\/#webpage","url":"https:\/\/kouklinostours.gr\/de\/covid-19\/","name":"COVID-19 - Kouklinos Tours","isPartOf":{"@id":"https:\/\/kouklinostours.gr\/#website"},"datePublished":"2021-10-25T14:15:34+00:00","dateModified":"2021-10-26T12:46:49+00:00","breadcrumb":{"@id":"https:\/\/kouklinostours.gr\/de\/covid-19\/#breadcrumb"},"inLanguage":"de-DE","potentialAction":[{"@type":"ReadAction","target":["https:\/\/kouklinostours.gr\/de\/covid-19\/"]}]},{"@type":"BreadcrumbList","@id":"https:\/\/kouklinostours.gr\/de\/covid-19\/#breadcrumb","itemListElement":[{"@type":"ListItem","position":1,"name":"\u0391\u03c1\u03c7\u03b9\u03ba\u03ae","item":"https:\/\/kouklinostours.gr\/de\/home2\/"},{"@type":"ListItem","position":2,"name":"COVID-19"}]}]}},"_links":{"self":[{"href":"https:\/\/kouklinostours.gr\/de\/wp-json\/wp\/v2\/pages\/1377"}],"collection":[{"href":"https:\/\/kouklinostours.gr\/de\/wp-json\/wp\/v2\/pages"}],"about":[{"href":"https:\/\/kouklinostours.gr\/de\/wp-json\/wp\/v2\/types\/page"}],"author":[{"embeddable":true,"href":"https:\/\/kouklinostours.gr\/de\/wp-json\/wp\/v2\/users\/1"}],"replies":[{"embeddable":true,"href":"https:\/\/kouklinostours.gr\/de\/wp-json\/wp\/v2\/comments?post=1377"}],"version-history":[{"count":4,"href":"https:\/\/kouklinostours.gr\/de\/wp-json\/wp\/v2\/pages\/1377\/revisions"}],"predecessor-version":[{"id":1381,"href":"https:\/\/kouklinostours.gr\/de\/wp-json\/wp\/v2\/pages\/1377\/revisions\/1381"}],"wp:attachment":[{"href":"https:\/\/kouklinostours.gr\/de\/wp-json\/wp\/v2\/media?parent=1377"}],"curies":[{"name":"wp","href":"https:\/\/api.w.org\/{rel}","templated":true}]}}