{"id":1394,"date":"2021-10-20T12:40:33","date_gmt":"2021-10-20T09:40:33","guid":{"rendered":"https:\/\/kouklinostours.gr\/our-company\/"},"modified":"2021-10-26T16:05:10","modified_gmt":"2021-10-26T13:05:10","slug":"our-company","status":"publish","type":"page","link":"https:\/\/kouklinostours.gr\/de\/our-company\/","title":{"rendered":"Das Unternehmen"},"content":{"rendered":"\t\t<div data-elementor-type=\"wp-page\" data-elementor-id=\"1394\" class=\"elementor elementor-1394 elementor-99\" data-elementor-settings=\"[]\">\n\t\t\t\t\t\t\t<div class=\"elementor-section-wrap\">\n\t\t\t\t\t\t\t<section class=\"elementor-section elementor-top-section elementor-element elementor-element-f522573 elementor-section-boxed elementor-section-height-default elementor-section-height-default\" data-id=\"f522573\" data-element_type=\"section\" data-settings=\"{&quot;background_background&quot;:&quot;classic&quot;}\">\n\t\t\t\t\t\t<div class=\"elementor-container elementor-column-gap-default\">\n\t\t\t\t\t<div class=\"elementor-column elementor-col-100 elementor-top-column elementor-element elementor-element-75e5751\" data-id=\"75e5751\" data-element_type=\"column\">\n\t\t\t<div class=\"elementor-widget-wrap elementor-element-populated\">\n\t\t\t\t\t\t\t\t<div class=\"elementor-element elementor-element-bdbfccf elementor-widget elementor-widget-heading\" data-id=\"bdbfccf\" data-element_type=\"widget\" data-widget_type=\"heading.default\">\n\t\t\t\t<div class=\"elementor-widget-container\">\n\t\t\t<h2 class=\"elementor-heading-title elementor-size-default\">Kouklinos Tours<\/h2>\t\t<\/div>\n\t\t\t\t<\/div>\n\t\t\t\t\t<\/div>\n\t\t<\/div>\n\t\t\t\t\t\t\t<\/div>\n\t\t<\/section>\n\t\t\t\t<section class=\"elementor-section elementor-top-section elementor-element elementor-element-4383f7f3 elementor-section-content-top elementor-section-boxed elementor-section-height-default elementor-section-height-default\" data-id=\"4383f7f3\" data-element_type=\"section\">\n\t\t\t\t\t\t<div class=\"elementor-container elementor-column-gap-no\">\n\t\t\t\t\t<div class=\"elementor-column elementor-col-50 elementor-top-column elementor-element elementor-element-301c5b6b\" data-id=\"301c5b6b\" data-element_type=\"column\" data-settings=\"{&quot;background_background&quot;:&quot;classic&quot;}\">\n\t\t\t<div class=\"elementor-widget-wrap elementor-element-populated\">\n\t\t\t\t\t\t\t\t<div class=\"elementor-element elementor-element-1ab2098 elementor-widget elementor-widget-premium-addon-banner\" data-id=\"1ab2098\" data-element_type=\"widget\" data-widget_type=\"premium-addon-banner.default\">\n\t\t\t\t<div class=\"elementor-widget-container\">\n\t\t\t\t\t<div id=\"premium-banner-1ab2098\" class=\"premium-banner\">\n\t\t\t<div class=\"premium-banner-ib premium-banner-animation7 grayscale premium-banner-min-height\">\n\t\t\t\t\t\t\t\t\t<div class=\"premium-banner-border\">\n\t\t\t\t\t\t<div class=\"premium-banner-br premium-banner-bleft premium-banner-brlr\"><\/div>\n\t\t\t\t\t\t<div class=\"premium-banner-br premium-banner-bright premium-banner-brlr\"><\/div>\n\t\t\t\t\t\t<div class=\"premium-banner-br premium-banner-btop premium-banner-brtb\"><\/div>\n\t\t\t\t\t\t<div class=\"premium-banner-br premium-banner-bottom premium-banner-brtb\"><\/div>\n\t\t\t\t\t<\/div>\n\t\t\t\t\t\t\t\t\t\t\t\t\t\t\t\t\t\t\t<img width=\"960\" height=\"1280\" src=\"https:\/\/kouklinostours.gr\/wp-content\/uploads\/2021\/10\/50-1-1.jpg\" class=\"attachment-full size-full\" alt=\"Kouklinos Tours\" loading=\"lazy\" \/>\t\t\t\t\t\t\t\t\t\t\t\t\t<div class=\"premium-banner-ib-desc\">\n\t\t\t\t\t<div class=\"premium-banner-desc-centered\">\n\t\t\t\t\t\t<div class=\"premium-banner-title-wrap\"><span class=\"premium-banner-ib-title premium_banner_title\"> <\/span><\/div>\t\t\t\t\t\t\t\t\t\t\t<\/div>\n\t\t\t\t<\/div>\n\t\t\t\t\t\t\t<\/div>\n\t\t\t\t\t<\/div>\n\t\t\t\t<\/div>\n\t\t\t\t<\/div>\n\t\t\t\t\t<\/div>\n\t\t<\/div>\n\t\t\t\t<div class=\"elementor-column elementor-col-50 elementor-top-column elementor-element elementor-element-26ee6093\" data-id=\"26ee6093\" data-element_type=\"column\" data-settings=\"{&quot;background_background&quot;:&quot;classic&quot;}\">\n\t\t\t<div class=\"elementor-widget-wrap elementor-element-populated\">\n\t\t\t\t\t\t\t\t<div class=\"elementor-element elementor-element-1d8653e elementor-widget elementor-widget-heading\" data-id=\"1d8653e\" data-element_type=\"widget\" data-widget_type=\"heading.default\">\n\t\t\t\t<div class=\"elementor-widget-container\">\n\t\t\t<h3 class=\"elementor-heading-title elementor-size-default\">\u00dcber uns<\/h3>\t\t<\/div>\n\t\t\t\t<\/div>\n\t\t\t\t<div class=\"elementor-element elementor-element-1b260de elementor-widget-divider--view-line elementor-widget elementor-widget-divider\" data-id=\"1b260de\" data-element_type=\"widget\" data-widget_type=\"divider.default\">\n\t\t\t\t<div class=\"elementor-widget-container\">\n\t\t\t\t\t<div class=\"elementor-divider\">\n\t\t\t<span class=\"elementor-divider-separator\">\n\t\t\t\t\t\t<\/span>\n\t\t<\/div>\n\t\t\t\t<\/div>\n\t\t\t\t<\/div>\n\t\t\t\t<div class=\"elementor-element elementor-element-4125edff elementor-widget elementor-widget-text-editor\" data-id=\"4125edff\" data-element_type=\"widget\" data-widget_type=\"text-editor.default\">\n\t\t\t\t<div class=\"elementor-widget-container\">\n\t\t\t\t\t\t\t<p>Herzlich willkommen auf der offiziellen Webseite von \u201cKouklinos Tours\u201d, einem Familienunternehmen, das im Gesch\u00e4ftszweig der Vermietung von Reisebussen t\u00e4tig ist und von Stefanos und Antonis Kouklinos gef\u00fchrt wird.<\/p><p>Das Unternehmen \u201c\u039aouklinos\u201d begann im Jahr 2003 mit der Vermietung von Reisebussen, mit seinen ersten firmeneigenen Bussen, mit denen es sowohl den eingehenden als auch den einheimischen Tourismus bediente.<\/p><p>Seitdem wird die Flotte st\u00e4ndig erneuert und besteht heute aus einem modernen und technisch einwandfreien firmeneigenen Fuhrpark mit den Fahrzeugarten Mercedes Sprider Minibus 10-Sitzer, Mercedes Sprider Minibus 19-Sitzer sowie Neoplan-Bussen mit 50 und mit 55 Sitzen.<\/p><p>Heute k\u00f6nnen wir mit Zuversicht sagen, dass unsere Best\u00e4ndigkeit, unsere Zuverl\u00e4ssigkeit und unser tadelloser Service anerkannt werden, was die langj\u00e4hrigen Kooperationen und die neuen Kunden belegen, die unseren Dienstleistungen vertrauen.<\/p><p>Unser Unternehmen fu\u00dft auf 2 Haupts\u00e4ulen: seinem Fuhrpark und seinem Personal, das immer korrekt gekleidet und hervorragend geschult ist und seine Dienste stets in bester Laune anbietet.<\/p>\t\t\t\t\t\t<\/div>\n\t\t\t\t<\/div>\n\t\t\t\t\t<\/div>\n\t\t<\/div>\n\t\t\t\t\t\t\t<\/div>\n\t\t<\/section>\n\t\t\t\t<section class=\"elementor-section elementor-top-section elementor-element elementor-element-868c2d5 elementor-section-boxed elementor-section-height-default elementor-section-height-default\" data-id=\"868c2d5\" data-element_type=\"section\">\n\t\t\t\t\t\t<div class=\"elementor-container elementor-column-gap-no\">\n\t\t\t\t\t<div class=\"elementor-column elementor-col-50 elementor-top-column elementor-element elementor-element-db42e4b\" data-id=\"db42e4b\" data-element_type=\"column\" data-settings=\"{&quot;background_background&quot;:&quot;classic&quot;}\">\n\t\t\t<div class=\"elementor-widget-wrap elementor-element-populated\">\n\t\t\t\t\t\t\t\t<div class=\"elementor-element elementor-element-e972d6a elementor-widget elementor-widget-heading\" data-id=\"e972d6a\" data-element_type=\"widget\" data-widget_type=\"heading.default\">\n\t\t\t\t<div class=\"elementor-widget-container\">\n\t\t\t<h3 class=\"elementor-heading-title elementor-size-default\">Unsere Geschichte <\/h3>\t\t<\/div>\n\t\t\t\t<\/div>\n\t\t\t\t<div class=\"elementor-element elementor-element-fe4b167 elementor-widget-divider--view-line elementor-widget elementor-widget-divider\" data-id=\"fe4b167\" data-element_type=\"widget\" data-widget_type=\"divider.default\">\n\t\t\t\t<div class=\"elementor-widget-container\">\n\t\t\t\t\t<div class=\"elementor-divider\">\n\t\t\t<span class=\"elementor-divider-separator\">\n\t\t\t\t\t\t<\/span>\n\t\t<\/div>\n\t\t\t\t<\/div>\n\t\t\t\t<\/div>\n\t\t\t\t<div class=\"elementor-element elementor-element-088da72 elementor-widget elementor-widget-text-editor\" data-id=\"088da72\" data-element_type=\"widget\" data-widget_type=\"text-editor.default\">\n\t\t\t\t<div class=\"elementor-widget-container\">\n\t\t\t\t\t\t\t<p>Die Firma \u201cKouklinos\u201d wurde im Jahr 2003 gegr\u00fcndet und erwarb damals auch die ersten Busse, um ein Unternehmen zur Vermietung von Reisebussen f\u00fcr Transfers zu schaffen. Wir hatten stets den Willen, sichere und angenehme Transfers zu bieten, und auf der Grundlage dieses Prinzips f\u00fchren wir auch heute noch unser Gesch\u00e4ft.<\/p><p>Aristos Kouklinos beschloss nach vielen Jahren von Kooperationen und langj\u00e4hriger Erfahrung als Fahrer gemeinsam mit seinen S\u00f6hnen Stefanos und Antonis, &#8222;Kouklinos Tours&#8220; zu gr\u00fcnden, ein Familienunternehmen, dessen Zweck es war und ist, den Besuchern Kretas und Griechenlands im Allgemeinen bei der Erkundung der herrlichen Landschaften mit Sicherheit, Bequemlichkeit und Konsequenz zu assistieren. \u00a0\u00a0<\/p><p>Seitdem und w\u00e4hrend unsere Flotte sich stetig vergr\u00f6\u00dfert, erfolgt die Auswahl der Fahrer, die in diese &#8222;Familie&#8220; aufgenommen werden, unter dem Gesichtspunkt, dass diese dieselbe Vision teilen und umsetzen, w\u00e4hrend sie gleichzeitig allen unseren Kriterien gen\u00fcgen und die notwendigen F\u00e4higkeiten und Erfahrungswerte besitzen, um jederzeit qualitativ hochwertige Dienstleistungen bieten zu k\u00f6nnen.<\/p><p>Da wir gr\u00f6\u00dfte Aufmerksamkeit und Nachdruck auf die Qualit\u00e4t richten, sorgen wir f\u00fcr die regelm\u00e4\u00dfige Erneuerung unserer Flotte, zumal wir unseren Besuchern stets bequeme, sichere und \u00a0gleichzeitig angenehme Fahrten bieten m\u00f6chten.\u00a0<\/p><p>Unser Unternehmen sieht sich in der Lage, mit Reiseagenturen zu kooperieren und Transferfahrten auf deren Rechnung zu \u00fcbernehmen.<\/p><p>Auch sind wir in der Lage, Vereine und Schultr\u00e4ger bei der Organisation von ein- oder mehrt\u00e4gigen Ausfl\u00fcgen zu unterst\u00fctzen.<\/p><p>Wir k\u00f6nnen die Transfers von Sportvereinen organisieren sowie Messe- und Konferenzdienstleistern bei den Transfers zu assistieren.<\/p><p>Die Vertreter unseres Unternehmens sind durch ihre langj\u00e4hrige Erfahrung in der Lage, alle Ihre Bed\u00fcrfnisse zu befriedigen, wobei der sichere und qualitativ hochwertige Service im Vordergrund steht.<\/p>\t\t\t\t\t\t<\/div>\n\t\t\t\t<\/div>\n\t\t\t\t\t<\/div>\n\t\t<\/div>\n\t\t\t\t<div class=\"elementor-column elementor-col-50 elementor-top-column elementor-element elementor-element-435e24e\" data-id=\"435e24e\" data-element_type=\"column\" data-settings=\"{&quot;background_background&quot;:&quot;classic&quot;}\">\n\t\t\t<div class=\"elementor-widget-wrap elementor-element-populated\">\n\t\t\t\t\t\t\t\t<div class=\"elementor-element elementor-element-25797b1 elementor-widget elementor-widget-premium-addon-banner\" data-id=\"25797b1\" data-element_type=\"widget\" data-widget_type=\"premium-addon-banner.default\">\n\t\t\t\t<div class=\"elementor-widget-container\">\n\t\t\t\t\t<div id=\"premium-banner-25797b1\" class=\"premium-banner\">\n\t\t\t<div class=\"premium-banner-ib premium-banner-animation7 grayscale premium-banner-min-height\">\n\t\t\t\t\t\t\t\t\t<div class=\"premium-banner-border\">\n\t\t\t\t\t\t<div class=\"premium-banner-br premium-banner-bleft premium-banner-brlr\"><\/div>\n\t\t\t\t\t\t<div class=\"premium-banner-br premium-banner-bright premium-banner-brlr\"><\/div>\n\t\t\t\t\t\t<div class=\"premium-banner-br premium-banner-btop premium-banner-brtb\"><\/div>\n\t\t\t\t\t\t<div class=\"premium-banner-br premium-banner-bottom premium-banner-brtb\"><\/div>\n\t\t\t\t\t<\/div>\n\t\t\t\t\t\t\t\t\t\t\t\t\t\t\t\t\t\t\t<img width=\"1201\" height=\"1600\" src=\"https:\/\/kouklinostours.gr\/wp-content\/uploads\/2021\/10\/stolo-4-1.jpg\" class=\"attachment-full size-full\" alt=\"Kouklinos Tours\" loading=\"lazy\" \/>\t\t\t\t\t\t\t\t\t\t\t\t\t<div class=\"premium-banner-ib-desc\">\n\t\t\t\t\t<div class=\"premium-banner-desc-centered\">\n\t\t\t\t\t\t<div class=\"premium-banner-title-wrap\"><span class=\"premium-banner-ib-title premium_banner_title\"> <\/span><\/div>\t\t\t\t\t\t\t\t\t\t\t<\/div>\n\t\t\t\t<\/div>\n\t\t\t\t\t\t\t<\/div>\n\t\t\t\t\t<\/div>\n\t\t\t\t<\/div>\n\t\t\t\t<\/div>\n\t\t\t\t<div class=\"elementor-element elementor-element-8f0b3a7 elementor-widget elementor-widget-premium-addon-banner\" data-id=\"8f0b3a7\" data-element_type=\"widget\" data-widget_type=\"premium-addon-banner.default\">\n\t\t\t\t<div class=\"elementor-widget-container\">\n\t\t\t\t\t<div id=\"premium-banner-8f0b3a7\" class=\"premium-banner\">\n\t\t\t<div class=\"premium-banner-ib premium-banner-animation7 grayscale premium-banner-min-height\">\n\t\t\t\t\t\t\t\t\t<div class=\"premium-banner-border\">\n\t\t\t\t\t\t<div class=\"premium-banner-br premium-banner-bleft premium-banner-brlr\"><\/div>\n\t\t\t\t\t\t<div class=\"premium-banner-br premium-banner-bright premium-banner-brlr\"><\/div>\n\t\t\t\t\t\t<div class=\"premium-banner-br premium-banner-btop premium-banner-brtb\"><\/div>\n\t\t\t\t\t\t<div class=\"premium-banner-br premium-banner-bottom premium-banner-brtb\"><\/div>\n\t\t\t\t\t<\/div>\n\t\t\t\t\t\t\t\t\t\t\t\t\t\t\t\t\t\t\t<img width=\"900\" height=\"1600\" src=\"https:\/\/kouklinostours.gr\/wp-content\/uploads\/2021\/10\/vip-1-3.jpg\" class=\"attachment-full size-full\" alt=\"VIP Transfers\" loading=\"lazy\" \/>\t\t\t\t\t\t\t\t\t\t\t\t\t<div class=\"premium-banner-ib-desc\">\n\t\t\t\t\t<div class=\"premium-banner-desc-centered\">\n\t\t\t\t\t\t<div class=\"premium-banner-title-wrap\"><span class=\"premium-banner-ib-title premium_banner_title\"> <\/span><\/div>\t\t\t\t\t\t\t\t\t\t\t<\/div>\n\t\t\t\t<\/div>\n\t\t\t\t\t\t\t<\/div>\n\t\t\t\t\t<\/div>\n\t\t\t\t<\/div>\n\t\t\t\t<\/div>\n\t\t\t\t\t<\/div>\n\t\t<\/div>\n\t\t\t\t\t\t\t<\/div>\n\t\t<\/section>\n\t\t\t\t\t\t<\/div>\n\t\t\t\t\t<\/div>\n\t\t","protected":false},"excerpt":{"rendered":"<p>Kouklinos Tours \u00dcber uns Herzlich willkommen auf der offiziellen Webseite von \u201cKouklinos Tours\u201d, einem Familienunternehmen, das im Gesch\u00e4ftszweig der Vermietung von Reisebussen t\u00e4tig ist und von Stefanos und Antonis Kouklinos gef\u00fchrt wird. Das Unternehmen \u201c\u039aouklinos\u201d begann im Jahr 2003 mit der Vermietung von Reisebussen, mit seinen ersten firmeneigenen Bussen, mit denen es sowohl den eingehenden [&hellip;]<\/p>\n","protected":false},"author":1,"featured_media":0,"parent":0,"menu_order":0,"comment_status":"closed","ping_status":"closed","template":"elementor_header_footer","meta":[],"yoast_head":"<!-- This site is optimized with the Yoast SEO plugin v17.5 - https:\/\/yoast.com\/wordpress\/plugins\/seo\/ -->\n<title>Das Unternehmen - Kouklinos Tours<\/title>\n<meta name=\"robots\" content=\"index, follow, max-snippet:-1, max-image-preview:large, max-video-preview:-1\" \/>\n<link rel=\"canonical\" href=\"https:\/\/kouklinostours.gr\/de\/our-company\/\" \/>\n<meta property=\"og:locale\" content=\"de_DE\" \/>\n<meta property=\"og:type\" content=\"article\" \/>\n<meta property=\"og:title\" content=\"Das Unternehmen - Kouklinos Tours\" \/>\n<meta property=\"og:description\" content=\"Kouklinos Tours \u00dcber uns Herzlich willkommen auf der offiziellen Webseite von \u201cKouklinos Tours\u201d, einem Familienunternehmen, das im Gesch\u00e4ftszweig der Vermietung von Reisebussen t\u00e4tig ist und von Stefanos und Antonis Kouklinos gef\u00fchrt wird. Das Unternehmen \u201c\u039aouklinos\u201d begann im Jahr 2003 mit der Vermietung von Reisebussen, mit seinen ersten firmeneigenen Bussen, mit denen es sowohl den eingehenden [&hellip;]\" \/>\n<meta property=\"og:url\" content=\"https:\/\/kouklinostours.gr\/de\/our-company\/\" \/>\n<meta property=\"og:site_name\" content=\"Kouklinos Tours\" \/>\n<meta property=\"article:modified_time\" content=\"2021-10-26T13:05:10+00:00\" \/>\n<meta property=\"og:image\" content=\"https:\/\/kouklinostours.gr\/wp-content\/uploads\/2021\/10\/50-1-1.jpg\" \/>\n<meta name=\"twitter:card\" content=\"summary_large_image\" \/>\n<meta name=\"twitter:label1\" content=\"Gesch\u00e4tzte Lesezeit\" \/>\n\t<meta name=\"twitter:data1\" content=\"2 Minuten\" \/>\n<script type=\"application\/ld+json\" class=\"yoast-schema-graph\">{\"@context\":\"https:\/\/schema.org\",\"@graph\":[{\"@type\":\"WebSite\",\"@id\":\"https:\/\/kouklinostours.gr\/#website\",\"url\":\"https:\/\/kouklinostours.gr\/\",\"name\":\"Kouklinos Tours\",\"description\":\"\\u0393\\u03c1\\u03b1\\u03c6\\u03b5\\u03af\\u03bf \\u0393\\u03b5\\u03bd\\u03b9\\u03ba\\u03bf\\u03cd \\u03a4\\u03bf\\u03c5\\u03c1\\u03b9\\u03c3\\u03bc\\u03bf\\u03cd\",\"potentialAction\":[{\"@type\":\"SearchAction\",\"target\":{\"@type\":\"EntryPoint\",\"urlTemplate\":\"https:\/\/kouklinostours.gr\/?s={search_term_string}\"},\"query-input\":\"required name=search_term_string\"}],\"inLanguage\":\"de-DE\"},{\"@type\":\"ImageObject\",\"@id\":\"https:\/\/kouklinostours.gr\/de\/our-company\/#primaryimage\",\"inLanguage\":\"de-DE\",\"url\":\"https:\/\/kouklinostours.gr\/wp-content\/uploads\/2021\/10\/50-1-1.jpg\",\"contentUrl\":\"https:\/\/kouklinostours.gr\/wp-content\/uploads\/2021\/10\/50-1-1.jpg\",\"width\":960,\"height\":1280,\"caption\":\"Kouklinos Tours\"},{\"@type\":\"WebPage\",\"@id\":\"https:\/\/kouklinostours.gr\/de\/our-company\/#webpage\",\"url\":\"https:\/\/kouklinostours.gr\/de\/our-company\/\",\"name\":\"Das Unternehmen - Kouklinos Tours\",\"isPartOf\":{\"@id\":\"https:\/\/kouklinostours.gr\/#website\"},\"primaryImageOfPage\":{\"@id\":\"https:\/\/kouklinostours.gr\/de\/our-company\/#primaryimage\"},\"datePublished\":\"2021-10-20T09:40:33+00:00\",\"dateModified\":\"2021-10-26T13:05:10+00:00\",\"breadcrumb\":{\"@id\":\"https:\/\/kouklinostours.gr\/de\/our-company\/#breadcrumb\"},\"inLanguage\":\"de-DE\",\"potentialAction\":[{\"@type\":\"ReadAction\",\"target\":[\"https:\/\/kouklinostours.gr\/de\/our-company\/\"]}]},{\"@type\":\"BreadcrumbList\",\"@id\":\"https:\/\/kouklinostours.gr\/de\/our-company\/#breadcrumb\",\"itemListElement\":[{\"@type\":\"ListItem\",\"position\":1,\"name\":\"\\u0391\\u03c1\\u03c7\\u03b9\\u03ba\\u03ae\",\"item\":\"https:\/\/kouklinostours.gr\/de\/home2\/\"},{\"@type\":\"ListItem\",\"position\":2,\"name\":\"Das Unternehmen\"}]}]}<\/script>\n<!-- \/ Yoast SEO plugin. -->","yoast_head_json":{"title":"Das Unternehmen - Kouklinos Tours","robots":{"index":"index","follow":"follow","max-snippet":"max-snippet:-1","max-image-preview":"max-image-preview:large","max-video-preview":"max-video-preview:-1"},"canonical":"https:\/\/kouklinostours.gr\/de\/our-company\/","og_locale":"de_DE","og_type":"article","og_title":"Das Unternehmen - Kouklinos Tours","og_description":"Kouklinos Tours \u00dcber uns Herzlich willkommen auf der offiziellen Webseite von \u201cKouklinos Tours\u201d, einem Familienunternehmen, das im Gesch\u00e4ftszweig der Vermietung von Reisebussen t\u00e4tig ist und von Stefanos und Antonis Kouklinos gef\u00fchrt wird. Das Unternehmen \u201c\u039aouklinos\u201d begann im Jahr 2003 mit der Vermietung von Reisebussen, mit seinen ersten firmeneigenen Bussen, mit denen es sowohl den eingehenden [&hellip;]","og_url":"https:\/\/kouklinostours.gr\/de\/our-company\/","og_site_name":"Kouklinos Tours","article_modified_time":"2021-10-26T13:05:10+00:00","og_image":[{"url":"https:\/\/kouklinostours.gr\/wp-content\/uploads\/2021\/10\/50-1-1.jpg"}],"twitter_card":"summary_large_image","twitter_misc":{"Gesch\u00e4tzte Lesezeit":"2 Minuten"},"schema":{"@context":"https:\/\/schema.org","@graph":[{"@type":"WebSite","@id":"https:\/\/kouklinostours.gr\/#website","url":"https:\/\/kouklinostours.gr\/","name":"Kouklinos Tours","description":"\u0393\u03c1\u03b1\u03c6\u03b5\u03af\u03bf \u0393\u03b5\u03bd\u03b9\u03ba\u03bf\u03cd \u03a4\u03bf\u03c5\u03c1\u03b9\u03c3\u03bc\u03bf\u03cd","potentialAction":[{"@type":"SearchAction","target":{"@type":"EntryPoint","urlTemplate":"https:\/\/kouklinostours.gr\/?s={search_term_string}"},"query-input":"required name=search_term_string"}],"inLanguage":"de-DE"},{"@type":"ImageObject","@id":"https:\/\/kouklinostours.gr\/de\/our-company\/#primaryimage","inLanguage":"de-DE","url":"https:\/\/kouklinostours.gr\/wp-content\/uploads\/2021\/10\/50-1-1.jpg","contentUrl":"https:\/\/kouklinostours.gr\/wp-content\/uploads\/2021\/10\/50-1-1.jpg","width":960,"height":1280,"caption":"Kouklinos Tours"},{"@type":"WebPage","@id":"https:\/\/kouklinostours.gr\/de\/our-company\/#webpage","url":"https:\/\/kouklinostours.gr\/de\/our-company\/","name":"Das Unternehmen - Kouklinos Tours","isPartOf":{"@id":"https:\/\/kouklinostours.gr\/#website"},"primaryImageOfPage":{"@id":"https:\/\/kouklinostours.gr\/de\/our-company\/#primaryimage"},"datePublished":"2021-10-20T09:40:33+00:00","dateModified":"2021-10-26T13:05:10+00:00","breadcrumb":{"@id":"https:\/\/kouklinostours.gr\/de\/our-company\/#breadcrumb"},"inLanguage":"de-DE","potentialAction":[{"@type":"ReadAction","target":["https:\/\/kouklinostours.gr\/de\/our-company\/"]}]},{"@type":"BreadcrumbList","@id":"https:\/\/kouklinostours.gr\/de\/our-company\/#breadcrumb","itemListElement":[{"@type":"ListItem","position":1,"name":"\u0391\u03c1\u03c7\u03b9\u03ba\u03ae","item":"https:\/\/kouklinostours.gr\/de\/home2\/"},{"@type":"ListItem","position":2,"name":"Das Unternehmen"}]}]}},"_links":{"self":[{"href":"https:\/\/kouklinostours.gr\/de\/wp-json\/wp\/v2\/pages\/1394"}],"collection":[{"href":"https:\/\/kouklinostours.gr\/de\/wp-json\/wp\/v2\/pages"}],"about":[{"href":"https:\/\/kouklinostours.gr\/de\/wp-json\/wp\/v2\/types\/page"}],"author":[{"embeddable":true,"href":"https:\/\/kouklinostours.gr\/de\/wp-json\/wp\/v2\/users\/1"}],"replies":[{"embeddable":true,"href":"https:\/\/kouklinostours.gr\/de\/wp-json\/wp\/v2\/comments?post=1394"}],"version-history":[{"count":4,"href":"https:\/\/kouklinostours.gr\/de\/wp-json\/wp\/v2\/pages\/1394\/revisions"}],"predecessor-version":[{"id":1398,"href":"https:\/\/kouklinostours.gr\/de\/wp-json\/wp\/v2\/pages\/1394\/revisions\/1398"}],"wp:attachment":[{"href":"https:\/\/kouklinostours.gr\/de\/wp-json\/wp\/v2\/media?parent=1394"}],"curies":[{"name":"wp","href":"https:\/\/api.w.org\/{rel}","templated":true}]}}