{"id":1399,"date":"2021-10-22T10:23:48","date_gmt":"2021-10-22T07:23:48","guid":{"rendered":"https:\/\/kouklinostours.gr\/stolos\/"},"modified":"2021-10-26T16:07:23","modified_gmt":"2021-10-26T13:07:23","slug":"stolos","status":"publish","type":"page","link":"https:\/\/kouklinostours.gr\/de\/stolos\/","title":{"rendered":"Unsere Flotte"},"content":{"rendered":"\t\t<div data-elementor-type=\"wp-page\" data-elementor-id=\"1399\" class=\"elementor elementor-1399 elementor-691\" data-elementor-settings=\"[]\">\n\t\t\t\t\t\t\t<div class=\"elementor-section-wrap\">\n\t\t\t\t\t\t\t<section class=\"elementor-section elementor-top-section elementor-element elementor-element-f522573 elementor-section-boxed elementor-section-height-default elementor-section-height-default\" data-id=\"f522573\" data-element_type=\"section\" data-settings=\"{&quot;background_background&quot;:&quot;classic&quot;}\">\n\t\t\t\t\t\t<div class=\"elementor-container elementor-column-gap-default\">\n\t\t\t\t\t<div class=\"elementor-column elementor-col-100 elementor-top-column elementor-element elementor-element-75e5751\" data-id=\"75e5751\" data-element_type=\"column\">\n\t\t\t<div class=\"elementor-widget-wrap elementor-element-populated\">\n\t\t\t\t\t\t\t\t<div class=\"elementor-element elementor-element-bdbfccf elementor-widget elementor-widget-heading\" data-id=\"bdbfccf\" data-element_type=\"widget\" data-widget_type=\"heading.default\">\n\t\t\t\t<div class=\"elementor-widget-container\">\n\t\t\t<h2 class=\"elementor-heading-title elementor-size-default\">Kouklinos Tours<\/h2>\t\t<\/div>\n\t\t\t\t<\/div>\n\t\t\t\t\t<\/div>\n\t\t<\/div>\n\t\t\t\t\t\t\t<\/div>\n\t\t<\/section>\n\t\t\t\t<section class=\"elementor-section elementor-top-section elementor-element elementor-element-2c379ce elementor-section-boxed elementor-section-height-default elementor-section-height-default\" data-id=\"2c379ce\" data-element_type=\"section\">\n\t\t\t\t\t\t<div class=\"elementor-container elementor-column-gap-default\">\n\t\t\t\t\t<div class=\"elementor-column elementor-col-100 elementor-top-column elementor-element elementor-element-44a2caa3\" data-id=\"44a2caa3\" data-element_type=\"column\">\n\t\t\t<div class=\"elementor-widget-wrap elementor-element-populated\">\n\t\t\t\t\t\t\t\t<div class=\"elementor-element elementor-element-3b0b0f1a elementor-widget elementor-widget-premium-addon-banner\" data-id=\"3b0b0f1a\" data-element_type=\"widget\" data-widget_type=\"premium-addon-banner.default\">\n\t\t\t\t<div class=\"elementor-widget-container\">\n\t\t\t\t\t<div id=\"premium-banner-3b0b0f1a\" class=\"premium-banner\">\n\t\t\t<div class=\"premium-banner-ib premium-banner-animation7 grayscale premium-banner-min-height\">\n\t\t\t\t\t\t\t\t\t<div class=\"premium-banner-border\">\n\t\t\t\t\t\t<div class=\"premium-banner-br premium-banner-bleft premium-banner-brlr\"><\/div>\n\t\t\t\t\t\t<div class=\"premium-banner-br premium-banner-bright premium-banner-brlr\"><\/div>\n\t\t\t\t\t\t<div class=\"premium-banner-br premium-banner-btop premium-banner-brtb\"><\/div>\n\t\t\t\t\t\t<div class=\"premium-banner-br premium-banner-bottom premium-banner-brtb\"><\/div>\n\t\t\t\t\t<\/div>\n\t\t\t\t\t\t\t\t\t\t\t\t\t\t\t\t\t\t\t<img width=\"1600\" height=\"778\" src=\"https:\/\/kouklinostours.gr\/wp-content\/uploads\/2021\/10\/IMG-40761807f0ea0f8da0dad42b98e92770-V-1.jpg\" class=\"attachment-full size-full\" alt=\"\" loading=\"lazy\" \/>\t\t\t\t\t\t\t\t\t\t\t\t\t<div class=\"premium-banner-ib-desc\">\n\t\t\t\t\t<div class=\"premium-banner-desc-centered\">\n\t\t\t\t\t\t<div class=\"premium-banner-title-wrap\"><span class=\"premium-banner-ib-title premium_banner_title\"> <\/span><\/div>\t\t\t\t\t\t\t\t\t\t\t<\/div>\n\t\t\t\t<\/div>\n\t\t\t\t\t\t\t<\/div>\n\t\t\t\t\t<\/div>\n\t\t\t\t<\/div>\n\t\t\t\t<\/div>\n\t\t\t\t\t<\/div>\n\t\t<\/div>\n\t\t\t\t\t\t\t<\/div>\n\t\t<\/section>\n\t\t\t\t<section class=\"elementor-section elementor-top-section elementor-element elementor-element-7f70ac9 elementor-section-content-top elementor-section-boxed elementor-section-height-default elementor-section-height-default\" data-id=\"7f70ac9\" data-element_type=\"section\">\n\t\t\t\t\t\t<div class=\"elementor-container elementor-column-gap-no\">\n\t\t\t\t\t<div class=\"elementor-column elementor-col-50 elementor-top-column elementor-element elementor-element-23d3b14\" data-id=\"23d3b14\" data-element_type=\"column\" data-settings=\"{&quot;background_background&quot;:&quot;classic&quot;}\">\n\t\t\t<div class=\"elementor-widget-wrap elementor-element-populated\">\n\t\t\t\t\t\t\t\t<div class=\"elementor-element elementor-element-24fbea7d elementor-widget elementor-widget-premium-addon-banner\" data-id=\"24fbea7d\" data-element_type=\"widget\" data-widget_type=\"premium-addon-banner.default\">\n\t\t\t\t<div class=\"elementor-widget-container\">\n\t\t\t\t\t<div id=\"premium-banner-24fbea7d\" class=\"premium-banner\">\n\t\t\t<div class=\"premium-banner-ib premium-banner-animation7 grayscale premium-banner-min-height\">\n\t\t\t\t\t\t\t\t\t<div class=\"premium-banner-border\">\n\t\t\t\t\t\t<div class=\"premium-banner-br premium-banner-bleft premium-banner-brlr\"><\/div>\n\t\t\t\t\t\t<div class=\"premium-banner-br premium-banner-bright premium-banner-brlr\"><\/div>\n\t\t\t\t\t\t<div class=\"premium-banner-br premium-banner-btop premium-banner-brtb\"><\/div>\n\t\t\t\t\t\t<div class=\"premium-banner-br premium-banner-bottom premium-banner-brtb\"><\/div>\n\t\t\t\t\t<\/div>\n\t\t\t\t\t\t\t\t\t\t\t\t\t\t\t\t\t\t\t<img width=\"1600\" height=\"1201\" src=\"https:\/\/kouklinostours.gr\/wp-content\/uploads\/2021\/10\/stolo7-1.jpg\" class=\"attachment-full size-full\" alt=\"\" loading=\"lazy\" \/>\t\t\t\t\t\t\t\t\t\t\t\t\t<div class=\"premium-banner-ib-desc\">\n\t\t\t\t\t<div class=\"premium-banner-desc-centered\">\n\t\t\t\t\t\t<div class=\"premium-banner-title-wrap\"><span class=\"premium-banner-ib-title premium_banner_title\"> <\/span><\/div>\t\t\t\t\t\t\t\t\t\t\t<\/div>\n\t\t\t\t<\/div>\n\t\t\t\t\t\t\t<\/div>\n\t\t\t\t\t<\/div>\n\t\t\t\t<\/div>\n\t\t\t\t<\/div>\n\t\t\t\t<div class=\"elementor-element elementor-element-1c3fcff0 elementor-widget elementor-widget-premium-addon-banner\" data-id=\"1c3fcff0\" data-element_type=\"widget\" data-widget_type=\"premium-addon-banner.default\">\n\t\t\t\t<div class=\"elementor-widget-container\">\n\t\t\t\t\t<div id=\"premium-banner-1c3fcff0\" class=\"premium-banner\">\n\t\t\t<div class=\"premium-banner-ib premium-banner-animation7 grayscale premium-banner-min-height\">\n\t\t\t\t\t\t\t\t\t<div class=\"premium-banner-border\">\n\t\t\t\t\t\t<div class=\"premium-banner-br premium-banner-bleft premium-banner-brlr\"><\/div>\n\t\t\t\t\t\t<div class=\"premium-banner-br premium-banner-bright premium-banner-brlr\"><\/div>\n\t\t\t\t\t\t<div class=\"premium-banner-br premium-banner-btop premium-banner-brtb\"><\/div>\n\t\t\t\t\t\t<div class=\"premium-banner-br premium-banner-bottom premium-banner-brtb\"><\/div>\n\t\t\t\t\t<\/div>\n\t\t\t\t\t\t\t\t\t\t\t\t\t\t\t\t\t\t\t<img width=\"761\" height=\"542\" src=\"https:\/\/kouklinostours.gr\/wp-content\/uploads\/2021\/10\/stolos-2-1.jpg\" class=\"attachment-full size-full\" alt=\"\" loading=\"lazy\" \/>\t\t\t\t\t\t\t\t\t\t\t\t\t<div class=\"premium-banner-ib-desc\">\n\t\t\t\t\t<div class=\"premium-banner-desc-centered\">\n\t\t\t\t\t\t<div class=\"premium-banner-title-wrap\"><span class=\"premium-banner-ib-title premium_banner_title\"> <\/span><\/div>\t\t\t\t\t\t\t\t\t\t\t<\/div>\n\t\t\t\t<\/div>\n\t\t\t\t\t\t\t<\/div>\n\t\t\t\t\t<\/div>\n\t\t\t\t<\/div>\n\t\t\t\t<\/div>\n\t\t\t\t\t<\/div>\n\t\t<\/div>\n\t\t\t\t<div class=\"elementor-column elementor-col-50 elementor-top-column elementor-element elementor-element-6947cbe7\" data-id=\"6947cbe7\" data-element_type=\"column\" data-settings=\"{&quot;background_background&quot;:&quot;classic&quot;}\">\n\t\t\t<div class=\"elementor-widget-wrap elementor-element-populated\">\n\t\t\t\t\t\t\t\t<div class=\"elementor-element elementor-element-ab348db elementor-widget elementor-widget-heading\" data-id=\"ab348db\" data-element_type=\"widget\" data-widget_type=\"heading.default\">\n\t\t\t\t<div class=\"elementor-widget-container\">\n\t\t\t<h3 class=\"elementor-heading-title elementor-size-default\">Unsere Flotte<\/h3>\t\t<\/div>\n\t\t\t\t<\/div>\n\t\t\t\t<div class=\"elementor-element elementor-element-7d161940 elementor-widget-divider--view-line elementor-widget elementor-widget-divider\" data-id=\"7d161940\" data-element_type=\"widget\" data-widget_type=\"divider.default\">\n\t\t\t\t<div class=\"elementor-widget-container\">\n\t\t\t\t\t<div class=\"elementor-divider\">\n\t\t\t<span class=\"elementor-divider-separator\">\n\t\t\t\t\t\t<\/span>\n\t\t<\/div>\n\t\t\t\t<\/div>\n\t\t\t\t<\/div>\n\t\t\t\t<div class=\"elementor-element elementor-element-ce378d1 elementor-widget elementor-widget-text-editor\" data-id=\"ce378d1\" data-element_type=\"widget\" data-widget_type=\"text-editor.default\">\n\t\t\t\t<div class=\"elementor-widget-container\">\n\t\t\t\t\t\t\t<p>\u201cKouklinos Tours\u201d verf\u00fcgt \u00fcber firmeneigene Reisebusse der Typen Minibus 19-Sitzer und Neoplan mit 50 bzw. 55 Sitzen, so dass wir bedienen k\u00f6nnen:<\/p><ul><li>Vereine<\/li><li>Ausfl\u00fcge<\/li><li>Ein- und mehrt\u00e4gige Gruppenfahrten<\/li><li>Konferenzen<\/li><li>Transfers vom Hafen \/ Flughafen zu Hotels auf Kreta<\/li><\/ul><div>\u00a0<\/div><p>\u00a0Alle unsere Fahrzeuge werden in firmeneigenen \u00d6rtlichkeiten und stets in tadellosem technischen Zustand gehalten.<\/p><p>\u00a0 \u00a0 \u00a0 Alle unsere Fahrer haben Erfahrung im Bereich des Reisetransfers und sind Profis bez\u00fcglich des Verhaltens im Stra\u00dfenverkehr, der Sicherheit und der Kommunikation. Sie verf\u00fcgen \u00fcber eine Berufskraftfahrer-Zertifizierung (PEI) gem\u00e4\u00df der Richtlinien der Europ\u00e4ischen Union und halten sich strikt an alle Sicherheitsma\u00dfnahmen, um Ihnen immer eine sichere und komfortable Fahrt zu bieten.<\/p><p>\u00a0 \u00a0 \u00a0Wir f\u00fchren auch \u00a0<strong>VIP\u00a0<\/strong>Transfers durch und verf\u00fcgen \u00fcber die notwendigen Fahrzeuge und das geeignete Personal.<\/p><p>\u00a0<\/p><p>\u00a0 \u00a0 \u00a0Unser B\u00fcro steht Ihnen stets zur Seite, um Sie bei allen Fragen zu unterst\u00fctzen. Z\u00f6gern Sie nicht, uns zu kontaktieren.<\/p><p>\u00a0<\/p><p>\u00a0 Je nach Auslastung k\u00f6nnen Sie Ihr Fahrzeug ausw\u00e4hlen oder auch eine Kombination aus diesen zusammenstellen.<\/p>\t\t\t\t\t\t<\/div>\n\t\t\t\t<\/div>\n\t\t\t\t\t<\/div>\n\t\t<\/div>\n\t\t\t\t\t\t\t<\/div>\n\t\t<\/section>\n\t\t\t\t<section class=\"elementor-section elementor-top-section elementor-element elementor-element-2bcbaf0 elementor-section-boxed elementor-section-height-default elementor-section-height-default\" data-id=\"2bcbaf0\" data-element_type=\"section\">\n\t\t\t\t\t\t<div class=\"elementor-container elementor-column-gap-default\">\n\t\t\t\t\t<div class=\"elementor-column elementor-col-100 elementor-top-column elementor-element elementor-element-1eaa2455\" data-id=\"1eaa2455\" data-element_type=\"column\">\n\t\t\t<div class=\"elementor-widget-wrap elementor-element-populated\">\n\t\t\t\t\t\t\t\t<div class=\"elementor-element elementor-element-5ca8cdbe elementor-widget elementor-widget-premium-addon-banner\" data-id=\"5ca8cdbe\" data-element_type=\"widget\" data-widget_type=\"premium-addon-banner.default\">\n\t\t\t\t<div class=\"elementor-widget-container\">\n\t\t\t\t\t<div id=\"premium-banner-5ca8cdbe\" class=\"premium-banner\">\n\t\t\t<div class=\"premium-banner-ib premium-banner-animation7 grayscale premium-banner-min-height\">\n\t\t\t\t\t\t\t\t\t<div class=\"premium-banner-border\">\n\t\t\t\t\t\t<div class=\"premium-banner-br premium-banner-bleft premium-banner-brlr\"><\/div>\n\t\t\t\t\t\t<div class=\"premium-banner-br premium-banner-bright premium-banner-brlr\"><\/div>\n\t\t\t\t\t\t<div class=\"premium-banner-br premium-banner-btop premium-banner-brtb\"><\/div>\n\t\t\t\t\t\t<div class=\"premium-banner-br premium-banner-bottom premium-banner-brtb\"><\/div>\n\t\t\t\t\t<\/div>\n\t\t\t\t\t\t\t\t\t\t\t\t\t\t\t\t\t\t\t<img width=\"637\" height=\"279\" src=\"https:\/\/kouklinostours.gr\/wp-content\/uploads\/2021\/10\/stolo-5-1.png\" class=\"attachment-full size-full\" alt=\"\" loading=\"lazy\" \/>\t\t\t\t\t\t\t\t\t\t\t\t\t<div class=\"premium-banner-ib-desc\">\n\t\t\t\t\t<div class=\"premium-banner-desc-centered\">\n\t\t\t\t\t\t<div class=\"premium-banner-title-wrap\"><span class=\"premium-banner-ib-title premium_banner_title\"> <\/span><\/div>\t\t\t\t\t\t\t\t\t\t\t<\/div>\n\t\t\t\t<\/div>\n\t\t\t\t\t\t\t<\/div>\n\t\t\t\t\t<\/div>\n\t\t\t\t<\/div>\n\t\t\t\t<\/div>\n\t\t\t\t\t<\/div>\n\t\t<\/div>\n\t\t\t\t\t\t\t<\/div>\n\t\t<\/section>\n\t\t\t\t\t\t<\/div>\n\t\t\t\t\t<\/div>\n\t\t","protected":false},"excerpt":{"rendered":"<p>Kouklinos Tours Unsere Flotte \u201cKouklinos Tours\u201d verf\u00fcgt \u00fcber firmeneigene Reisebusse der Typen Minibus 19-Sitzer und Neoplan mit 50 bzw. 55 Sitzen, so dass wir bedienen k\u00f6nnen: Vereine Ausfl\u00fcge Ein- und mehrt\u00e4gige Gruppenfahrten Konferenzen Transfers vom Hafen \/ Flughafen zu Hotels auf Kreta \u00a0 \u00a0Alle unsere Fahrzeuge werden in firmeneigenen \u00d6rtlichkeiten und stets in tadellosem technischen [&hellip;]<\/p>\n","protected":false},"author":1,"featured_media":0,"parent":0,"menu_order":0,"comment_status":"closed","ping_status":"closed","template":"elementor_header_footer","meta":[],"yoast_head":"<!-- This site is optimized with the Yoast SEO plugin v17.5 - https:\/\/yoast.com\/wordpress\/plugins\/seo\/ -->\n<title>Unsere Flotte - Kouklinos Tours<\/title>\n<meta name=\"robots\" content=\"index, follow, max-snippet:-1, max-image-preview:large, max-video-preview:-1\" \/>\n<link rel=\"canonical\" href=\"https:\/\/kouklinostours.gr\/de\/stolos\/\" \/>\n<meta property=\"og:locale\" content=\"de_DE\" \/>\n<meta property=\"og:type\" content=\"article\" \/>\n<meta property=\"og:title\" content=\"Unsere Flotte - Kouklinos Tours\" \/>\n<meta property=\"og:description\" content=\"Kouklinos Tours Unsere Flotte \u201cKouklinos Tours\u201d verf\u00fcgt \u00fcber firmeneigene Reisebusse der Typen Minibus 19-Sitzer und Neoplan mit 50 bzw. 55 Sitzen, so dass wir bedienen k\u00f6nnen: Vereine Ausfl\u00fcge Ein- und mehrt\u00e4gige Gruppenfahrten Konferenzen Transfers vom Hafen \/ Flughafen zu Hotels auf Kreta \u00a0 \u00a0Alle unsere Fahrzeuge werden in firmeneigenen \u00d6rtlichkeiten und stets in tadellosem technischen [&hellip;]\" \/>\n<meta property=\"og:url\" content=\"https:\/\/kouklinostours.gr\/de\/stolos\/\" \/>\n<meta property=\"og:site_name\" content=\"Kouklinos Tours\" \/>\n<meta property=\"article:modified_time\" content=\"2021-10-26T13:07:23+00:00\" \/>\n<meta property=\"og:image\" content=\"https:\/\/kouklinostours.gr\/wp-content\/uploads\/2021\/10\/IMG-40761807f0ea0f8da0dad42b98e92770-V-1.jpg\" \/>\n<meta name=\"twitter:card\" content=\"summary_large_image\" \/>\n<meta name=\"twitter:label1\" content=\"Gesch\u00e4tzte Lesezeit\" \/>\n\t<meta name=\"twitter:data1\" content=\"1 Minute\" \/>\n<script type=\"application\/ld+json\" class=\"yoast-schema-graph\">{\"@context\":\"https:\/\/schema.org\",\"@graph\":[{\"@type\":\"WebSite\",\"@id\":\"https:\/\/kouklinostours.gr\/#website\",\"url\":\"https:\/\/kouklinostours.gr\/\",\"name\":\"Kouklinos Tours\",\"description\":\"\\u0393\\u03c1\\u03b1\\u03c6\\u03b5\\u03af\\u03bf \\u0393\\u03b5\\u03bd\\u03b9\\u03ba\\u03bf\\u03cd \\u03a4\\u03bf\\u03c5\\u03c1\\u03b9\\u03c3\\u03bc\\u03bf\\u03cd\",\"potentialAction\":[{\"@type\":\"SearchAction\",\"target\":{\"@type\":\"EntryPoint\",\"urlTemplate\":\"https:\/\/kouklinostours.gr\/?s={search_term_string}\"},\"query-input\":\"required name=search_term_string\"}],\"inLanguage\":\"de-DE\"},{\"@type\":\"ImageObject\",\"@id\":\"https:\/\/kouklinostours.gr\/de\/stolos\/#primaryimage\",\"inLanguage\":\"de-DE\",\"url\":\"https:\/\/kouklinostours.gr\/wp-content\/uploads\/2021\/10\/IMG-40761807f0ea0f8da0dad42b98e92770-V-1.jpg\",\"contentUrl\":\"https:\/\/kouklinostours.gr\/wp-content\/uploads\/2021\/10\/IMG-40761807f0ea0f8da0dad42b98e92770-V-1.jpg\",\"width\":1600,\"height\":778},{\"@type\":\"WebPage\",\"@id\":\"https:\/\/kouklinostours.gr\/de\/stolos\/#webpage\",\"url\":\"https:\/\/kouklinostours.gr\/de\/stolos\/\",\"name\":\"Unsere Flotte - Kouklinos Tours\",\"isPartOf\":{\"@id\":\"https:\/\/kouklinostours.gr\/#website\"},\"primaryImageOfPage\":{\"@id\":\"https:\/\/kouklinostours.gr\/de\/stolos\/#primaryimage\"},\"datePublished\":\"2021-10-22T07:23:48+00:00\",\"dateModified\":\"2021-10-26T13:07:23+00:00\",\"breadcrumb\":{\"@id\":\"https:\/\/kouklinostours.gr\/de\/stolos\/#breadcrumb\"},\"inLanguage\":\"de-DE\",\"potentialAction\":[{\"@type\":\"ReadAction\",\"target\":[\"https:\/\/kouklinostours.gr\/de\/stolos\/\"]}]},{\"@type\":\"BreadcrumbList\",\"@id\":\"https:\/\/kouklinostours.gr\/de\/stolos\/#breadcrumb\",\"itemListElement\":[{\"@type\":\"ListItem\",\"position\":1,\"name\":\"\\u0391\\u03c1\\u03c7\\u03b9\\u03ba\\u03ae\",\"item\":\"https:\/\/kouklinostours.gr\/de\/home2\/\"},{\"@type\":\"ListItem\",\"position\":2,\"name\":\"Unsere Flotte\"}]}]}<\/script>\n<!-- \/ Yoast SEO plugin. -->","yoast_head_json":{"title":"Unsere Flotte - Kouklinos Tours","robots":{"index":"index","follow":"follow","max-snippet":"max-snippet:-1","max-image-preview":"max-image-preview:large","max-video-preview":"max-video-preview:-1"},"canonical":"https:\/\/kouklinostours.gr\/de\/stolos\/","og_locale":"de_DE","og_type":"article","og_title":"Unsere Flotte - Kouklinos Tours","og_description":"Kouklinos Tours Unsere Flotte \u201cKouklinos Tours\u201d verf\u00fcgt \u00fcber firmeneigene Reisebusse der Typen Minibus 19-Sitzer und Neoplan mit 50 bzw. 55 Sitzen, so dass wir bedienen k\u00f6nnen: Vereine Ausfl\u00fcge Ein- und mehrt\u00e4gige Gruppenfahrten Konferenzen Transfers vom Hafen \/ Flughafen zu Hotels auf Kreta \u00a0 \u00a0Alle unsere Fahrzeuge werden in firmeneigenen \u00d6rtlichkeiten und stets in tadellosem technischen [&hellip;]","og_url":"https:\/\/kouklinostours.gr\/de\/stolos\/","og_site_name":"Kouklinos Tours","article_modified_time":"2021-10-26T13:07:23+00:00","og_image":[{"url":"https:\/\/kouklinostours.gr\/wp-content\/uploads\/2021\/10\/IMG-40761807f0ea0f8da0dad42b98e92770-V-1.jpg"}],"twitter_card":"summary_large_image","twitter_misc":{"Gesch\u00e4tzte Lesezeit":"1 Minute"},"schema":{"@context":"https:\/\/schema.org","@graph":[{"@type":"WebSite","@id":"https:\/\/kouklinostours.gr\/#website","url":"https:\/\/kouklinostours.gr\/","name":"Kouklinos Tours","description":"\u0393\u03c1\u03b1\u03c6\u03b5\u03af\u03bf \u0393\u03b5\u03bd\u03b9\u03ba\u03bf\u03cd \u03a4\u03bf\u03c5\u03c1\u03b9\u03c3\u03bc\u03bf\u03cd","potentialAction":[{"@type":"SearchAction","target":{"@type":"EntryPoint","urlTemplate":"https:\/\/kouklinostours.gr\/?s={search_term_string}"},"query-input":"required name=search_term_string"}],"inLanguage":"de-DE"},{"@type":"ImageObject","@id":"https:\/\/kouklinostours.gr\/de\/stolos\/#primaryimage","inLanguage":"de-DE","url":"https:\/\/kouklinostours.gr\/wp-content\/uploads\/2021\/10\/IMG-40761807f0ea0f8da0dad42b98e92770-V-1.jpg","contentUrl":"https:\/\/kouklinostours.gr\/wp-content\/uploads\/2021\/10\/IMG-40761807f0ea0f8da0dad42b98e92770-V-1.jpg","width":1600,"height":778},{"@type":"WebPage","@id":"https:\/\/kouklinostours.gr\/de\/stolos\/#webpage","url":"https:\/\/kouklinostours.gr\/de\/stolos\/","name":"Unsere Flotte - Kouklinos Tours","isPartOf":{"@id":"https:\/\/kouklinostours.gr\/#website"},"primaryImageOfPage":{"@id":"https:\/\/kouklinostours.gr\/de\/stolos\/#primaryimage"},"datePublished":"2021-10-22T07:23:48+00:00","dateModified":"2021-10-26T13:07:23+00:00","breadcrumb":{"@id":"https:\/\/kouklinostours.gr\/de\/stolos\/#breadcrumb"},"inLanguage":"de-DE","potentialAction":[{"@type":"ReadAction","target":["https:\/\/kouklinostours.gr\/de\/stolos\/"]}]},{"@type":"BreadcrumbList","@id":"https:\/\/kouklinostours.gr\/de\/stolos\/#breadcrumb","itemListElement":[{"@type":"ListItem","position":1,"name":"\u0391\u03c1\u03c7\u03b9\u03ba\u03ae","item":"https:\/\/kouklinostours.gr\/de\/home2\/"},{"@type":"ListItem","position":2,"name":"Unsere Flotte"}]}]}},"_links":{"self":[{"href":"https:\/\/kouklinostours.gr\/de\/wp-json\/wp\/v2\/pages\/1399"}],"collection":[{"href":"https:\/\/kouklinostours.gr\/de\/wp-json\/wp\/v2\/pages"}],"about":[{"href":"https:\/\/kouklinostours.gr\/de\/wp-json\/wp\/v2\/types\/page"}],"author":[{"embeddable":true,"href":"https:\/\/kouklinostours.gr\/de\/wp-json\/wp\/v2\/users\/1"}],"replies":[{"embeddable":true,"href":"https:\/\/kouklinostours.gr\/de\/wp-json\/wp\/v2\/comments?post=1399"}],"version-history":[{"count":7,"href":"https:\/\/kouklinostours.gr\/de\/wp-json\/wp\/v2\/pages\/1399\/revisions"}],"predecessor-version":[{"id":1406,"href":"https:\/\/kouklinostours.gr\/de\/wp-json\/wp\/v2\/pages\/1399\/revisions\/1406"}],"wp:attachment":[{"href":"https:\/\/kouklinostours.gr\/de\/wp-json\/wp\/v2\/media?parent=1399"}],"curies":[{"name":"wp","href":"https:\/\/api.w.org\/{rel}","templated":true}]}}