{"id":1407,"date":"2021-10-22T08:49:44","date_gmt":"2021-10-22T05:49:44","guid":{"rendered":"https:\/\/kouklinostours.gr\/minibus\/"},"modified":"2021-10-26T16:09:20","modified_gmt":"2021-10-26T13:09:20","slug":"minibus","status":"publish","type":"page","link":"https:\/\/kouklinostours.gr\/de\/minibus\/","title":{"rendered":"Minibus Mercedes Sprider"},"content":{"rendered":"\t\t<div data-elementor-type=\"wp-page\" data-elementor-id=\"1407\" class=\"elementor elementor-1407 elementor-489\" data-elementor-settings=\"[]\">\n\t\t\t\t\t\t\t<div class=\"elementor-section-wrap\">\n\t\t\t\t\t\t\t<section class=\"elementor-section elementor-top-section elementor-element elementor-element-cf22f38 elementor-section-boxed elementor-section-height-default elementor-section-height-default\" data-id=\"cf22f38\" data-element_type=\"section\" data-settings=\"{&quot;background_background&quot;:&quot;classic&quot;}\">\n\t\t\t\t\t\t<div class=\"elementor-container elementor-column-gap-default\">\n\t\t\t\t\t<div class=\"elementor-column elementor-col-100 elementor-top-column elementor-element elementor-element-6b16b2c\" data-id=\"6b16b2c\" data-element_type=\"column\">\n\t\t\t<div class=\"elementor-widget-wrap elementor-element-populated\">\n\t\t\t\t\t\t\t\t<div class=\"elementor-element elementor-element-db63a26 elementor-widget elementor-widget-heading\" data-id=\"db63a26\" data-element_type=\"widget\" data-widget_type=\"heading.default\">\n\t\t\t\t<div class=\"elementor-widget-container\">\n\t\t\t<h2 class=\"elementor-heading-title elementor-size-default\">Minibus Mercedes Sprider <\/h2>\t\t<\/div>\n\t\t\t\t<\/div>\n\t\t\t\t\t<\/div>\n\t\t<\/div>\n\t\t\t\t\t\t\t<\/div>\n\t\t<\/section>\n\t\t\t\t<section class=\"elementor-section elementor-top-section elementor-element elementor-element-4383f7f3 elementor-section-content-top elementor-section-boxed elementor-section-height-default elementor-section-height-default\" data-id=\"4383f7f3\" data-element_type=\"section\">\n\t\t\t\t\t\t<div class=\"elementor-container elementor-column-gap-no\">\n\t\t\t\t\t<div class=\"elementor-column elementor-col-50 elementor-top-column elementor-element elementor-element-301c5b6b\" data-id=\"301c5b6b\" data-element_type=\"column\" data-settings=\"{&quot;background_background&quot;:&quot;classic&quot;}\">\n\t\t\t<div class=\"elementor-widget-wrap elementor-element-populated\">\n\t\t\t\t\t\t\t\t<div class=\"elementor-element elementor-element-f91fccd elementor-widget elementor-widget-premium-addon-banner\" data-id=\"f91fccd\" data-element_type=\"widget\" data-widget_type=\"premium-addon-banner.default\">\n\t\t\t\t<div class=\"elementor-widget-container\">\n\t\t\t\t\t<div id=\"premium-banner-f91fccd\" class=\"premium-banner\">\n\t\t\t<div class=\"premium-banner-ib premium-banner-animation7 grayscale premium-banner-min-height\">\n\t\t\t\t\t\t\t\t\t<div class=\"premium-banner-border\">\n\t\t\t\t\t\t<div class=\"premium-banner-br premium-banner-bleft premium-banner-brlr\"><\/div>\n\t\t\t\t\t\t<div class=\"premium-banner-br premium-banner-bright premium-banner-brlr\"><\/div>\n\t\t\t\t\t\t<div class=\"premium-banner-br premium-banner-btop premium-banner-brtb\"><\/div>\n\t\t\t\t\t\t<div class=\"premium-banner-br premium-banner-bottom premium-banner-brtb\"><\/div>\n\t\t\t\t\t<\/div>\n\t\t\t\t\t\t\t\t\t\t\t\t\t\t\t\t\t\t\t<img width=\"900\" height=\"1600\" src=\"https:\/\/kouklinostours.gr\/wp-content\/uploads\/2021\/10\/vip-1-3.jpg\" class=\"attachment-full size-full\" alt=\"VIP Transfers\" loading=\"lazy\" \/>\t\t\t\t\t\t\t\t\t\t\t\t\t<div class=\"premium-banner-ib-desc\">\n\t\t\t\t\t<div class=\"premium-banner-desc-centered\">\n\t\t\t\t\t\t<div class=\"premium-banner-title-wrap\"><span class=\"premium-banner-ib-title premium_banner_title\"> <\/span><\/div>\t\t\t\t\t\t\t\t\t\t\t<\/div>\n\t\t\t\t<\/div>\n\t\t\t\t\t\t\t<\/div>\n\t\t\t\t\t<\/div>\n\t\t\t\t<\/div>\n\t\t\t\t<\/div>\n\t\t\t\t\t<\/div>\n\t\t<\/div>\n\t\t\t\t<div class=\"elementor-column elementor-col-50 elementor-top-column elementor-element elementor-element-26ee6093\" data-id=\"26ee6093\" data-element_type=\"column\" data-settings=\"{&quot;background_background&quot;:&quot;classic&quot;}\">\n\t\t\t<div class=\"elementor-widget-wrap elementor-element-populated\">\n\t\t\t\t\t\t\t\t<div class=\"elementor-element elementor-element-76539db elementor-widget elementor-widget-heading\" data-id=\"76539db\" data-element_type=\"widget\" data-widget_type=\"heading.default\">\n\t\t\t\t<div class=\"elementor-widget-container\">\n\t\t\t<h3 class=\"elementor-heading-title elementor-size-default\">Minibus Mercedes Sprider <\/h3>\t\t<\/div>\n\t\t\t\t<\/div>\n\t\t\t\t<div class=\"elementor-element elementor-element-4125edff elementor-widget elementor-widget-text-editor\" data-id=\"4125edff\" data-element_type=\"widget\" data-widget_type=\"text-editor.default\">\n\t\t\t\t<div class=\"elementor-widget-container\">\n\t\t\t\t\t\t\t<p>\u00abKouklinos Tours\u00bb verf\u00fcgen \u00fcber firmeneigene Mercedes Sprider mit 19 Sitzen, um kleinere Gruppen im eingehenden und im Inlandstourismus sowie Familien zu bedienen, wobei sie wegen ihrer geringeren Gr\u00f6\u00dfe, die au\u00dferordentliche Flexibilit\u00e4t sogar bei Fahrten in Stadtgebieten bietet, f\u00fcr Bequemlichkeit und Sicherheit garantieren k\u00f6nnen.<\/p><p>Eine hervorragende Wahl, sei es f\u00fcr einen einfachen Transfer von einem Hafen oder Flughafen auf Kreta oder f\u00fcr ein- oder mehrt\u00e4gige Ausfl\u00fcge.<\/p><p>Alle Minibusse verf\u00fcgen \u00fcber :<\/p><ul><li>anatomische Sitze<\/li><li>Sicherheitssysteme<\/li><li>online GPS-System zur Lokalisierung der Flotte<\/li><li>digitales Fernsehen<\/li><li>CD-USB Player<\/li><li>DVD-Player<\/li><li>Klimaanlage<\/li><li>Mikrophonanlage<\/li><li>USB Ladestationen<\/li><li>Air Purifier Equipped &#8211; Filter f\u00fcr die Reinigung und die Desinfektion der Luft<\/li><\/ul><p>\u00a0<\/p><p>\u00a0<\/p><h4>F\u00fcr uns ist von Bedeutung, dass jede Reise zur einer einzigartigen Erfahrung wird, und wir arbeiten t\u00e4glich an unserem Ziel, genau das anzubieten, was Sie sich w\u00fcnschen.<\/h4>\t\t\t\t\t\t<\/div>\n\t\t\t\t<\/div>\n\t\t\t\t\t<\/div>\n\t\t<\/div>\n\t\t\t\t\t\t\t<\/div>\n\t\t<\/section>\n\t\t\t\t<section class=\"elementor-section elementor-top-section elementor-element elementor-element-03611ff elementor-section-boxed elementor-section-height-default elementor-section-height-default\" data-id=\"03611ff\" data-element_type=\"section\">\n\t\t\t\t\t\t<div class=\"elementor-container elementor-column-gap-default\">\n\t\t\t\t\t<div class=\"elementor-column elementor-col-33 elementor-top-column elementor-element elementor-element-2957b84\" data-id=\"2957b84\" data-element_type=\"column\">\n\t\t\t<div class=\"elementor-widget-wrap elementor-element-populated\">\n\t\t\t\t\t\t\t\t<div class=\"elementor-element elementor-element-3a3edc6 elementor-widget elementor-widget-premium-addon-banner\" data-id=\"3a3edc6\" data-element_type=\"widget\" data-widget_type=\"premium-addon-banner.default\">\n\t\t\t\t<div class=\"elementor-widget-container\">\n\t\t\t\t\t<div id=\"premium-banner-3a3edc6\" class=\"premium-banner\">\n\t\t\t<div class=\"premium-banner-ib premium-banner-animation7 grayscale premium-banner-min-height\">\n\t\t\t\t\t\t\t\t\t<div class=\"premium-banner-border\">\n\t\t\t\t\t\t<div class=\"premium-banner-br premium-banner-bleft premium-banner-brlr\"><\/div>\n\t\t\t\t\t\t<div class=\"premium-banner-br premium-banner-bright premium-banner-brlr\"><\/div>\n\t\t\t\t\t\t<div class=\"premium-banner-br premium-banner-btop premium-banner-brtb\"><\/div>\n\t\t\t\t\t\t<div class=\"premium-banner-br premium-banner-bottom premium-banner-brtb\"><\/div>\n\t\t\t\t\t<\/div>\n\t\t\t\t\t\t\t\t\t\t\t\t\t\t\t\t\t\t\t<img width=\"1200\" height=\"1600\" src=\"https:\/\/kouklinostours.gr\/wp-content\/uploads\/2021\/10\/vip-1-1.jpg\" class=\"attachment-full size-full\" alt=\"Kouklinos Tours\" loading=\"lazy\" \/>\t\t\t\t\t\t\t\t\t\t\t\t\t<div class=\"premium-banner-ib-desc\">\n\t\t\t\t\t<div class=\"premium-banner-desc-centered\">\n\t\t\t\t\t\t<div class=\"premium-banner-title-wrap\"><span class=\"premium-banner-ib-title premium_banner_title\"> <\/span><\/div>\t\t\t\t\t\t\t\t\t\t\t<\/div>\n\t\t\t\t<\/div>\n\t\t\t\t\t\t\t<\/div>\n\t\t\t\t\t<\/div>\n\t\t\t\t<\/div>\n\t\t\t\t<\/div>\n\t\t\t\t\t<\/div>\n\t\t<\/div>\n\t\t\t\t<div class=\"elementor-column elementor-col-33 elementor-top-column elementor-element elementor-element-0d4df70\" data-id=\"0d4df70\" data-element_type=\"column\">\n\t\t\t<div class=\"elementor-widget-wrap elementor-element-populated\">\n\t\t\t\t\t\t\t\t<div class=\"elementor-element elementor-element-9957b56 elementor-widget elementor-widget-premium-addon-banner\" data-id=\"9957b56\" data-element_type=\"widget\" data-widget_type=\"premium-addon-banner.default\">\n\t\t\t\t<div class=\"elementor-widget-container\">\n\t\t\t\t\t<div id=\"premium-banner-9957b56\" class=\"premium-banner\">\n\t\t\t<div class=\"premium-banner-ib premium-banner-animation7 grayscale premium-banner-min-height\">\n\t\t\t\t\t\t\t\t\t<div class=\"premium-banner-border\">\n\t\t\t\t\t\t<div class=\"premium-banner-br premium-banner-bleft premium-banner-brlr\"><\/div>\n\t\t\t\t\t\t<div class=\"premium-banner-br premium-banner-bright premium-banner-brlr\"><\/div>\n\t\t\t\t\t\t<div class=\"premium-banner-br premium-banner-btop premium-banner-brtb\"><\/div>\n\t\t\t\t\t\t<div class=\"premium-banner-br premium-banner-bottom premium-banner-brtb\"><\/div>\n\t\t\t\t\t<\/div>\n\t\t\t\t\t\t\t\t\t\t\t\t\t\t\t\t\t\t\t<img width=\"1200\" height=\"1600\" src=\"https:\/\/kouklinostours.gr\/wp-content\/uploads\/2021\/10\/vip-1-2.jpg\" class=\"attachment-full size-full\" alt=\"VIP Transfers\" loading=\"lazy\" \/>\t\t\t\t\t\t\t\t\t\t\t\t\t<div class=\"premium-banner-ib-desc\">\n\t\t\t\t\t<div class=\"premium-banner-desc-centered\">\n\t\t\t\t\t\t<div class=\"premium-banner-title-wrap\"><span class=\"premium-banner-ib-title premium_banner_title\"> <\/span><\/div>\t\t\t\t\t\t\t\t\t\t\t<\/div>\n\t\t\t\t<\/div>\n\t\t\t\t\t\t\t<\/div>\n\t\t\t\t\t<\/div>\n\t\t\t\t<\/div>\n\t\t\t\t<\/div>\n\t\t\t\t\t<\/div>\n\t\t<\/div>\n\t\t\t\t<div class=\"elementor-column elementor-col-33 elementor-top-column elementor-element elementor-element-ba5ec58\" data-id=\"ba5ec58\" data-element_type=\"column\">\n\t\t\t<div class=\"elementor-widget-wrap elementor-element-populated\">\n\t\t\t\t\t\t\t\t<div class=\"elementor-element elementor-element-100d773 elementor-widget elementor-widget-premium-addon-banner\" data-id=\"100d773\" data-element_type=\"widget\" data-widget_type=\"premium-addon-banner.default\">\n\t\t\t\t<div class=\"elementor-widget-container\">\n\t\t\t\t\t<div id=\"premium-banner-100d773\" class=\"premium-banner\">\n\t\t\t<div class=\"premium-banner-ib premium-banner-animation7 grayscale premium-banner-min-height\">\n\t\t\t\t\t\t\t\t\t<div class=\"premium-banner-border\">\n\t\t\t\t\t\t<div class=\"premium-banner-br premium-banner-bleft premium-banner-brlr\"><\/div>\n\t\t\t\t\t\t<div class=\"premium-banner-br premium-banner-bright premium-banner-brlr\"><\/div>\n\t\t\t\t\t\t<div class=\"premium-banner-br premium-banner-btop premium-banner-brtb\"><\/div>\n\t\t\t\t\t\t<div class=\"premium-banner-br premium-banner-bottom premium-banner-brtb\"><\/div>\n\t\t\t\t\t<\/div>\n\t\t\t\t\t\t\t\t\t\t\t\t\t\t\t\t\t\t\t<img width=\"960\" height=\"1280\" src=\"https:\/\/kouklinostours.gr\/wp-content\/uploads\/2021\/10\/mini-2-2.jpg\" class=\"attachment-full size-full\" alt=\"Kouklinos Tours\" loading=\"lazy\" \/>\t\t\t\t\t\t\t\t\t\t\t\t\t<div class=\"premium-banner-ib-desc\">\n\t\t\t\t\t<div class=\"premium-banner-desc-centered\">\n\t\t\t\t\t\t<div class=\"premium-banner-title-wrap\"><span class=\"premium-banner-ib-title premium_banner_title\"> <\/span><\/div>\t\t\t\t\t\t\t\t\t\t\t<\/div>\n\t\t\t\t<\/div>\n\t\t\t\t\t\t\t<\/div>\n\t\t\t\t\t<\/div>\n\t\t\t\t<\/div>\n\t\t\t\t<\/div>\n\t\t\t\t\t<\/div>\n\t\t<\/div>\n\t\t\t\t\t\t\t<\/div>\n\t\t<\/section>\n\t\t\t\t\t\t<\/div>\n\t\t\t\t\t<\/div>\n\t\t","protected":false},"excerpt":{"rendered":"<p>Minibus Mercedes Sprider Minibus Mercedes Sprider \u00abKouklinos Tours\u00bb verf\u00fcgen \u00fcber firmeneigene Mercedes Sprider mit 19 Sitzen, um kleinere Gruppen im eingehenden und im Inlandstourismus sowie Familien zu bedienen, wobei sie wegen ihrer geringeren Gr\u00f6\u00dfe, die au\u00dferordentliche Flexibilit\u00e4t sogar bei Fahrten in Stadtgebieten bietet, f\u00fcr Bequemlichkeit und Sicherheit garantieren k\u00f6nnen. Eine hervorragende Wahl, sei es f\u00fcr [&hellip;]<\/p>\n","protected":false},"author":1,"featured_media":0,"parent":0,"menu_order":0,"comment_status":"closed","ping_status":"closed","template":"elementor_header_footer","meta":[],"yoast_head":"<!-- This site is optimized with the Yoast SEO plugin v17.5 - https:\/\/yoast.com\/wordpress\/plugins\/seo\/ -->\n<title>Minibus Mercedes Sprider - Kouklinos Tours<\/title>\n<meta name=\"robots\" content=\"index, follow, max-snippet:-1, max-image-preview:large, max-video-preview:-1\" \/>\n<link rel=\"canonical\" href=\"https:\/\/kouklinostours.gr\/de\/minibus\/\" \/>\n<meta property=\"og:locale\" content=\"de_DE\" \/>\n<meta property=\"og:type\" content=\"article\" \/>\n<meta property=\"og:title\" content=\"Minibus Mercedes Sprider - Kouklinos Tours\" \/>\n<meta property=\"og:description\" content=\"Minibus Mercedes Sprider Minibus Mercedes Sprider \u00abKouklinos Tours\u00bb verf\u00fcgen \u00fcber firmeneigene Mercedes Sprider mit 19 Sitzen, um kleinere Gruppen im eingehenden und im Inlandstourismus sowie Familien zu bedienen, wobei sie wegen ihrer geringeren Gr\u00f6\u00dfe, die au\u00dferordentliche Flexibilit\u00e4t sogar bei Fahrten in Stadtgebieten bietet, f\u00fcr Bequemlichkeit und Sicherheit garantieren k\u00f6nnen. Eine hervorragende Wahl, sei es f\u00fcr [&hellip;]\" \/>\n<meta property=\"og:url\" content=\"https:\/\/kouklinostours.gr\/de\/minibus\/\" \/>\n<meta property=\"og:site_name\" content=\"Kouklinos Tours\" \/>\n<meta property=\"article:modified_time\" content=\"2021-10-26T13:09:20+00:00\" \/>\n<meta property=\"og:image\" content=\"https:\/\/kouklinostours.gr\/wp-content\/uploads\/2021\/10\/vip-1-3.jpg\" \/>\n<meta name=\"twitter:card\" content=\"summary_large_image\" \/>\n<meta name=\"twitter:label1\" content=\"Gesch\u00e4tzte Lesezeit\" \/>\n\t<meta name=\"twitter:data1\" content=\"1 Minute\" \/>\n<script type=\"application\/ld+json\" class=\"yoast-schema-graph\">{\"@context\":\"https:\/\/schema.org\",\"@graph\":[{\"@type\":\"WebSite\",\"@id\":\"https:\/\/kouklinostours.gr\/#website\",\"url\":\"https:\/\/kouklinostours.gr\/\",\"name\":\"Kouklinos Tours\",\"description\":\"\\u0393\\u03c1\\u03b1\\u03c6\\u03b5\\u03af\\u03bf \\u0393\\u03b5\\u03bd\\u03b9\\u03ba\\u03bf\\u03cd \\u03a4\\u03bf\\u03c5\\u03c1\\u03b9\\u03c3\\u03bc\\u03bf\\u03cd\",\"potentialAction\":[{\"@type\":\"SearchAction\",\"target\":{\"@type\":\"EntryPoint\",\"urlTemplate\":\"https:\/\/kouklinostours.gr\/?s={search_term_string}\"},\"query-input\":\"required name=search_term_string\"}],\"inLanguage\":\"de-DE\"},{\"@type\":\"ImageObject\",\"@id\":\"https:\/\/kouklinostours.gr\/de\/minibus\/#primaryimage\",\"inLanguage\":\"de-DE\",\"url\":\"https:\/\/kouklinostours.gr\/wp-content\/uploads\/2021\/10\/vip-1-3.jpg\",\"contentUrl\":\"https:\/\/kouklinostours.gr\/wp-content\/uploads\/2021\/10\/vip-1-3.jpg\",\"width\":900,\"height\":1600,\"caption\":\"VIP Transfers\"},{\"@type\":\"WebPage\",\"@id\":\"https:\/\/kouklinostours.gr\/de\/minibus\/#webpage\",\"url\":\"https:\/\/kouklinostours.gr\/de\/minibus\/\",\"name\":\"Minibus Mercedes Sprider - Kouklinos Tours\",\"isPartOf\":{\"@id\":\"https:\/\/kouklinostours.gr\/#website\"},\"primaryImageOfPage\":{\"@id\":\"https:\/\/kouklinostours.gr\/de\/minibus\/#primaryimage\"},\"datePublished\":\"2021-10-22T05:49:44+00:00\",\"dateModified\":\"2021-10-26T13:09:20+00:00\",\"breadcrumb\":{\"@id\":\"https:\/\/kouklinostours.gr\/de\/minibus\/#breadcrumb\"},\"inLanguage\":\"de-DE\",\"potentialAction\":[{\"@type\":\"ReadAction\",\"target\":[\"https:\/\/kouklinostours.gr\/de\/minibus\/\"]}]},{\"@type\":\"BreadcrumbList\",\"@id\":\"https:\/\/kouklinostours.gr\/de\/minibus\/#breadcrumb\",\"itemListElement\":[{\"@type\":\"ListItem\",\"position\":1,\"name\":\"\\u0391\\u03c1\\u03c7\\u03b9\\u03ba\\u03ae\",\"item\":\"https:\/\/kouklinostours.gr\/de\/home2\/\"},{\"@type\":\"ListItem\",\"position\":2,\"name\":\"Minibus Mercedes Sprider\"}]}]}<\/script>\n<!-- \/ Yoast SEO plugin. -->","yoast_head_json":{"title":"Minibus Mercedes Sprider - Kouklinos Tours","robots":{"index":"index","follow":"follow","max-snippet":"max-snippet:-1","max-image-preview":"max-image-preview:large","max-video-preview":"max-video-preview:-1"},"canonical":"https:\/\/kouklinostours.gr\/de\/minibus\/","og_locale":"de_DE","og_type":"article","og_title":"Minibus Mercedes Sprider - Kouklinos Tours","og_description":"Minibus Mercedes Sprider Minibus Mercedes Sprider \u00abKouklinos Tours\u00bb verf\u00fcgen \u00fcber firmeneigene Mercedes Sprider mit 19 Sitzen, um kleinere Gruppen im eingehenden und im Inlandstourismus sowie Familien zu bedienen, wobei sie wegen ihrer geringeren Gr\u00f6\u00dfe, die au\u00dferordentliche Flexibilit\u00e4t sogar bei Fahrten in Stadtgebieten bietet, f\u00fcr Bequemlichkeit und Sicherheit garantieren k\u00f6nnen. Eine hervorragende Wahl, sei es f\u00fcr [&hellip;]","og_url":"https:\/\/kouklinostours.gr\/de\/minibus\/","og_site_name":"Kouklinos Tours","article_modified_time":"2021-10-26T13:09:20+00:00","og_image":[{"url":"https:\/\/kouklinostours.gr\/wp-content\/uploads\/2021\/10\/vip-1-3.jpg"}],"twitter_card":"summary_large_image","twitter_misc":{"Gesch\u00e4tzte Lesezeit":"1 Minute"},"schema":{"@context":"https:\/\/schema.org","@graph":[{"@type":"WebSite","@id":"https:\/\/kouklinostours.gr\/#website","url":"https:\/\/kouklinostours.gr\/","name":"Kouklinos Tours","description":"\u0393\u03c1\u03b1\u03c6\u03b5\u03af\u03bf \u0393\u03b5\u03bd\u03b9\u03ba\u03bf\u03cd \u03a4\u03bf\u03c5\u03c1\u03b9\u03c3\u03bc\u03bf\u03cd","potentialAction":[{"@type":"SearchAction","target":{"@type":"EntryPoint","urlTemplate":"https:\/\/kouklinostours.gr\/?s={search_term_string}"},"query-input":"required name=search_term_string"}],"inLanguage":"de-DE"},{"@type":"ImageObject","@id":"https:\/\/kouklinostours.gr\/de\/minibus\/#primaryimage","inLanguage":"de-DE","url":"https:\/\/kouklinostours.gr\/wp-content\/uploads\/2021\/10\/vip-1-3.jpg","contentUrl":"https:\/\/kouklinostours.gr\/wp-content\/uploads\/2021\/10\/vip-1-3.jpg","width":900,"height":1600,"caption":"VIP Transfers"},{"@type":"WebPage","@id":"https:\/\/kouklinostours.gr\/de\/minibus\/#webpage","url":"https:\/\/kouklinostours.gr\/de\/minibus\/","name":"Minibus Mercedes Sprider - Kouklinos Tours","isPartOf":{"@id":"https:\/\/kouklinostours.gr\/#website"},"primaryImageOfPage":{"@id":"https:\/\/kouklinostours.gr\/de\/minibus\/#primaryimage"},"datePublished":"2021-10-22T05:49:44+00:00","dateModified":"2021-10-26T13:09:20+00:00","breadcrumb":{"@id":"https:\/\/kouklinostours.gr\/de\/minibus\/#breadcrumb"},"inLanguage":"de-DE","potentialAction":[{"@type":"ReadAction","target":["https:\/\/kouklinostours.gr\/de\/minibus\/"]}]},{"@type":"BreadcrumbList","@id":"https:\/\/kouklinostours.gr\/de\/minibus\/#breadcrumb","itemListElement":[{"@type":"ListItem","position":1,"name":"\u0391\u03c1\u03c7\u03b9\u03ba\u03ae","item":"https:\/\/kouklinostours.gr\/de\/home2\/"},{"@type":"ListItem","position":2,"name":"Minibus Mercedes Sprider"}]}]}},"_links":{"self":[{"href":"https:\/\/kouklinostours.gr\/de\/wp-json\/wp\/v2\/pages\/1407"}],"collection":[{"href":"https:\/\/kouklinostours.gr\/de\/wp-json\/wp\/v2\/pages"}],"about":[{"href":"https:\/\/kouklinostours.gr\/de\/wp-json\/wp\/v2\/types\/page"}],"author":[{"embeddable":true,"href":"https:\/\/kouklinostours.gr\/de\/wp-json\/wp\/v2\/users\/1"}],"replies":[{"embeddable":true,"href":"https:\/\/kouklinostours.gr\/de\/wp-json\/wp\/v2\/comments?post=1407"}],"version-history":[{"count":4,"href":"https:\/\/kouklinostours.gr\/de\/wp-json\/wp\/v2\/pages\/1407\/revisions"}],"predecessor-version":[{"id":1411,"href":"https:\/\/kouklinostours.gr\/de\/wp-json\/wp\/v2\/pages\/1407\/revisions\/1411"}],"wp:attachment":[{"href":"https:\/\/kouklinostours.gr\/de\/wp-json\/wp\/v2\/media?parent=1407"}],"curies":[{"name":"wp","href":"https:\/\/api.w.org\/{rel}","templated":true}]}}