{"id":1412,"date":"2021-10-22T08:56:46","date_gmt":"2021-10-22T05:56:46","guid":{"rendered":"https:\/\/kouklinostours.gr\/vip\/"},"modified":"2021-10-26T16:11:17","modified_gmt":"2021-10-26T13:11:17","slug":"vip","status":"publish","type":"page","link":"https:\/\/kouklinostours.gr\/de\/vip\/","title":{"rendered":"VIP Transfers"},"content":{"rendered":"\t\t<div data-elementor-type=\"wp-page\" data-elementor-id=\"1412\" class=\"elementor elementor-1412 elementor-510\" data-elementor-settings=\"[]\">\n\t\t\t\t\t\t\t<div class=\"elementor-section-wrap\">\n\t\t\t\t\t\t\t<section class=\"elementor-section elementor-top-section elementor-element elementor-element-f522573 elementor-section-boxed elementor-section-height-default elementor-section-height-default\" data-id=\"f522573\" data-element_type=\"section\" data-settings=\"{&quot;background_background&quot;:&quot;classic&quot;}\">\n\t\t\t\t\t\t<div class=\"elementor-container elementor-column-gap-default\">\n\t\t\t\t\t<div class=\"elementor-column elementor-col-100 elementor-top-column elementor-element elementor-element-75e5751\" data-id=\"75e5751\" data-element_type=\"column\">\n\t\t\t<div class=\"elementor-widget-wrap elementor-element-populated\">\n\t\t\t\t\t\t\t\t<div class=\"elementor-element elementor-element-bdbfccf elementor-widget elementor-widget-heading\" data-id=\"bdbfccf\" data-element_type=\"widget\" data-widget_type=\"heading.default\">\n\t\t\t\t<div class=\"elementor-widget-container\">\n\t\t\t<h2 class=\"elementor-heading-title elementor-size-default\">VIP Transfers<\/h2>\t\t<\/div>\n\t\t\t\t<\/div>\n\t\t\t\t\t<\/div>\n\t\t<\/div>\n\t\t\t\t\t\t\t<\/div>\n\t\t<\/section>\n\t\t\t\t<section class=\"elementor-section elementor-top-section elementor-element elementor-element-8c8c64b elementor-section-boxed elementor-section-height-default elementor-section-height-default\" data-id=\"8c8c64b\" data-element_type=\"section\">\n\t\t\t\t\t\t<div class=\"elementor-container elementor-column-gap-default\">\n\t\t\t\t\t<div class=\"elementor-column elementor-col-100 elementor-top-column elementor-element elementor-element-fabf6fa\" data-id=\"fabf6fa\" data-element_type=\"column\">\n\t\t\t<div class=\"elementor-widget-wrap elementor-element-populated\">\n\t\t\t\t\t\t\t\t<div class=\"elementor-element elementor-element-f00f799 elementor-widget elementor-widget-premium-addon-banner\" data-id=\"f00f799\" data-element_type=\"widget\" data-widget_type=\"premium-addon-banner.default\">\n\t\t\t\t<div class=\"elementor-widget-container\">\n\t\t\t\t\t<div id=\"premium-banner-f00f799\" class=\"premium-banner\">\n\t\t\t<div class=\"premium-banner-ib premium-banner-animation7 none premium-banner-min-height\">\n\t\t\t\t\t\t\t\t\t<div class=\"premium-banner-border\">\n\t\t\t\t\t\t<div class=\"premium-banner-br premium-banner-bleft premium-banner-brlr\"><\/div>\n\t\t\t\t\t\t<div class=\"premium-banner-br premium-banner-bright premium-banner-brlr\"><\/div>\n\t\t\t\t\t\t<div class=\"premium-banner-br premium-banner-btop premium-banner-brtb\"><\/div>\n\t\t\t\t\t\t<div class=\"premium-banner-br premium-banner-bottom premium-banner-brtb\"><\/div>\n\t\t\t\t\t<\/div>\n\t\t\t\t\t\t\t\t\t\t\t\t\t\t\t\t\t\t\t<img width=\"1600\" height=\"966\" src=\"https:\/\/kouklinostours.gr\/wp-content\/uploads\/2021\/10\/vip1.jpg\" class=\"attachment-full size-full\" alt=\"VIP Transfers\" loading=\"lazy\" \/>\t\t\t\t\t\t\t\t\t\t\t\t\t<div class=\"premium-banner-ib-desc\">\n\t\t\t\t\t<div class=\"premium-banner-desc-centered\">\n\t\t\t\t\t\t<div class=\"premium-banner-title-wrap\"><span class=\"premium-banner-ib-title premium_banner_title\"><\/span><\/div>\t\t\t\t\t\t\t\t\t\t\t<\/div>\n\t\t\t\t<\/div>\n\t\t\t\t\t\t\t<\/div>\n\t\t\t\t\t<\/div>\n\t\t\t\t<\/div>\n\t\t\t\t<\/div>\n\t\t\t\t\t<\/div>\n\t\t<\/div>\n\t\t\t\t\t\t\t<\/div>\n\t\t<\/section>\n\t\t\t\t<section class=\"elementor-section elementor-top-section elementor-element elementor-element-4383f7f3 elementor-section-content-top elementor-section-boxed elementor-section-height-default elementor-section-height-default\" data-id=\"4383f7f3\" data-element_type=\"section\">\n\t\t\t\t\t\t<div class=\"elementor-container elementor-column-gap-no\">\n\t\t\t\t\t<div class=\"elementor-column elementor-col-50 elementor-top-column elementor-element elementor-element-301c5b6b\" data-id=\"301c5b6b\" data-element_type=\"column\" data-settings=\"{&quot;background_background&quot;:&quot;classic&quot;}\">\n\t\t\t<div class=\"elementor-widget-wrap elementor-element-populated\">\n\t\t\t\t\t\t\t\t<div class=\"elementor-element elementor-element-d93d9fa elementor-widget elementor-widget-premium-addon-banner\" data-id=\"d93d9fa\" data-element_type=\"widget\" data-widget_type=\"premium-addon-banner.default\">\n\t\t\t\t<div class=\"elementor-widget-container\">\n\t\t\t\t\t<div id=\"premium-banner-d93d9fa\" class=\"premium-banner\">\n\t\t\t<div class=\"premium-banner-ib premium-banner-animation7 none premium-banner-min-height\">\n\t\t\t\t\t\t\t\t\t<div class=\"premium-banner-border\">\n\t\t\t\t\t\t<div class=\"premium-banner-br premium-banner-bleft premium-banner-brlr\"><\/div>\n\t\t\t\t\t\t<div class=\"premium-banner-br premium-banner-bright premium-banner-brlr\"><\/div>\n\t\t\t\t\t\t<div class=\"premium-banner-br premium-banner-btop premium-banner-brtb\"><\/div>\n\t\t\t\t\t\t<div class=\"premium-banner-br premium-banner-bottom premium-banner-brtb\"><\/div>\n\t\t\t\t\t<\/div>\n\t\t\t\t\t\t\t\t\t\t\t\t\t\t\t\t\t\t\t<img width=\"900\" height=\"1600\" src=\"https:\/\/kouklinostours.gr\/wp-content\/uploads\/2021\/10\/vip-1-3.jpg\" class=\"attachment-full size-full\" alt=\"VIP Transfers\" loading=\"lazy\" \/>\t\t\t\t\t\t\t\t\t\t\t\t\t<div class=\"premium-banner-ib-desc\">\n\t\t\t\t\t<div class=\"premium-banner-desc-centered\">\n\t\t\t\t\t\t<div class=\"premium-banner-title-wrap\"><span class=\"premium-banner-ib-title premium_banner_title\"><\/span><\/div>\t\t\t\t\t\t\t\t\t\t\t<\/div>\n\t\t\t\t<\/div>\n\t\t\t\t\t\t\t<\/div>\n\t\t\t\t\t<\/div>\n\t\t\t\t<\/div>\n\t\t\t\t<\/div>\n\t\t\t\t\t<\/div>\n\t\t<\/div>\n\t\t\t\t<div class=\"elementor-column elementor-col-50 elementor-top-column elementor-element elementor-element-26ee6093\" data-id=\"26ee6093\" data-element_type=\"column\" data-settings=\"{&quot;background_background&quot;:&quot;classic&quot;}\">\n\t\t\t<div class=\"elementor-widget-wrap elementor-element-populated\">\n\t\t\t\t\t\t\t\t<div class=\"elementor-element elementor-element-4125edff elementor-widget elementor-widget-text-editor\" data-id=\"4125edff\" data-element_type=\"widget\" data-widget_type=\"text-editor.default\">\n\t\t\t\t<div class=\"elementor-widget-container\">\n\t\t\t\t\t\t\t<p>Seit 2020 haben sich die Dienstleistungen unseres Unternehmens zus\u00e4tzlich auf den Bereich des VIP Transfers erweitert, mit luxuri\u00f6sen Reisebussen, aber insbesondere auch mit neuen 10sitzigen Mercedes Sprider-Bussen. <br \/><br \/><\/p><p>So k\u00f6nnen Sie mit allen Annehmlichkeiten und in privater Atmosph\u00e4re Ihr eigenes Programm f\u00fcr Ausfl\u00fcge und sonstige Fahrten kreieren, w\u00e4hrend wir mit unserem verantwortungsbewussten und erfahrenen Personal Ihre Transfers ausf\u00fchren. \u00a0<\/p><p>Alle Minibusse verf\u00fcgen \u00fcber :<\/p><ul><li>WLAN<\/li><li>anatomische Sitze<\/li><li>Sicherheitssysteme<\/li><li>online GPS-System zur Lokalisierung der Flotte<\/li><li>digitales Fernsehen<\/li><li>CD-USB Player<\/li><li>DVD-player<\/li><li>Klimaanlage<\/li><li>Mikrophonanlage<\/li><li>USB Ladestationen<\/li><li>Air Purifier Equipped &#8211; Filter f\u00fcr die Reinigung und die Desinfektion der Luft<\/li><\/ul><p>Senden Sie uns Informationen zur Route oder dem Ausflug, an dem Sie interessiert sind, und wir werden Ihnen in K\u00fcrze antworten!\u00a0<\/p>\t\t\t\t\t\t<\/div>\n\t\t\t\t<\/div>\n\t\t\t\t\t<\/div>\n\t\t<\/div>\n\t\t\t\t\t\t\t<\/div>\n\t\t<\/section>\n\t\t\t\t<section class=\"elementor-section elementor-top-section elementor-element elementor-element-462cc10 elementor-section-boxed elementor-section-height-default elementor-section-height-default\" data-id=\"462cc10\" data-element_type=\"section\">\n\t\t\t\t\t\t<div class=\"elementor-container elementor-column-gap-default\">\n\t\t\t\t\t<div class=\"elementor-column elementor-col-50 elementor-top-column elementor-element elementor-element-e81c705\" data-id=\"e81c705\" data-element_type=\"column\">\n\t\t\t<div class=\"elementor-widget-wrap elementor-element-populated\">\n\t\t\t\t\t\t\t\t<div class=\"elementor-element elementor-element-39829e9 elementor-widget elementor-widget-premium-addon-banner\" data-id=\"39829e9\" data-element_type=\"widget\" data-widget_type=\"premium-addon-banner.default\">\n\t\t\t\t<div class=\"elementor-widget-container\">\n\t\t\t\t\t<div id=\"premium-banner-39829e9\" class=\"premium-banner\">\n\t\t\t<div class=\"premium-banner-ib premium-banner-animation7 none premium-banner-min-height\">\n\t\t\t\t\t\t\t\t\t<div class=\"premium-banner-border\">\n\t\t\t\t\t\t<div class=\"premium-banner-br premium-banner-bleft premium-banner-brlr\"><\/div>\n\t\t\t\t\t\t<div class=\"premium-banner-br premium-banner-bright premium-banner-brlr\"><\/div>\n\t\t\t\t\t\t<div class=\"premium-banner-br premium-banner-btop premium-banner-brtb\"><\/div>\n\t\t\t\t\t\t<div class=\"premium-banner-br premium-banner-bottom premium-banner-brtb\"><\/div>\n\t\t\t\t\t<\/div>\n\t\t\t\t\t\t\t\t\t\t\t\t\t\t\t\t\t\t\t<img width=\"1200\" height=\"1600\" src=\"https:\/\/kouklinostours.gr\/wp-content\/uploads\/2021\/10\/vip-1-2.jpg\" class=\"attachment-full size-full\" alt=\"VIP Transfers\" loading=\"lazy\" \/>\t\t\t\t\t\t\t\t\t\t\t\t\t<div class=\"premium-banner-ib-desc\">\n\t\t\t\t\t<div class=\"premium-banner-desc-centered\">\n\t\t\t\t\t\t<div class=\"premium-banner-title-wrap\"><span class=\"premium-banner-ib-title premium_banner_title\"><\/span><\/div>\t\t\t\t\t\t\t\t\t\t\t<\/div>\n\t\t\t\t<\/div>\n\t\t\t\t\t\t\t<\/div>\n\t\t\t\t\t<\/div>\n\t\t\t\t<\/div>\n\t\t\t\t<\/div>\n\t\t\t\t\t<\/div>\n\t\t<\/div>\n\t\t\t\t<div class=\"elementor-column elementor-col-50 elementor-top-column elementor-element elementor-element-2f7da51\" data-id=\"2f7da51\" data-element_type=\"column\">\n\t\t\t<div class=\"elementor-widget-wrap elementor-element-populated\">\n\t\t\t\t\t\t\t\t<div class=\"elementor-element elementor-element-b61b7d7 elementor-widget elementor-widget-premium-addon-banner\" data-id=\"b61b7d7\" data-element_type=\"widget\" data-widget_type=\"premium-addon-banner.default\">\n\t\t\t\t<div class=\"elementor-widget-container\">\n\t\t\t\t\t<div id=\"premium-banner-b61b7d7\" class=\"premium-banner\">\n\t\t\t<div class=\"premium-banner-ib premium-banner-animation7 none premium-banner-min-height\">\n\t\t\t\t\t\t\t\t\t<div class=\"premium-banner-border\">\n\t\t\t\t\t\t<div class=\"premium-banner-br premium-banner-bleft premium-banner-brlr\"><\/div>\n\t\t\t\t\t\t<div class=\"premium-banner-br premium-banner-bright premium-banner-brlr\"><\/div>\n\t\t\t\t\t\t<div class=\"premium-banner-br premium-banner-btop premium-banner-brtb\"><\/div>\n\t\t\t\t\t\t<div class=\"premium-banner-br premium-banner-bottom premium-banner-brtb\"><\/div>\n\t\t\t\t\t<\/div>\n\t\t\t\t\t\t\t\t\t\t\t\t\t\t\t\t\t\t\t<img width=\"1200\" height=\"1600\" src=\"https:\/\/kouklinostours.gr\/wp-content\/uploads\/2021\/10\/vip-1-2-1.jpg\" class=\"attachment-full size-full\" alt=\"VIP Transfers\" loading=\"lazy\" \/>\t\t\t\t\t\t\t\t\t\t\t\t\t<div class=\"premium-banner-ib-desc\">\n\t\t\t\t\t<div class=\"premium-banner-desc-centered\">\n\t\t\t\t\t\t<div class=\"premium-banner-title-wrap\"><span class=\"premium-banner-ib-title premium_banner_title\"><\/span><\/div>\t\t\t\t\t\t\t\t\t\t\t<\/div>\n\t\t\t\t<\/div>\n\t\t\t\t\t\t\t<\/div>\n\t\t\t\t\t<\/div>\n\t\t\t\t<\/div>\n\t\t\t\t<\/div>\n\t\t\t\t\t<\/div>\n\t\t<\/div>\n\t\t\t\t\t\t\t<\/div>\n\t\t<\/section>\n\t\t\t\t\t\t<\/div>\n\t\t\t\t\t<\/div>\n\t\t","protected":false},"excerpt":{"rendered":"<p>VIP Transfers Seit 2020 haben sich die Dienstleistungen unseres Unternehmens zus\u00e4tzlich auf den Bereich des VIP Transfers erweitert, mit luxuri\u00f6sen Reisebussen, aber insbesondere auch mit neuen 10sitzigen Mercedes Sprider-Bussen. So k\u00f6nnen Sie mit allen Annehmlichkeiten und in privater Atmosph\u00e4re Ihr eigenes Programm f\u00fcr Ausfl\u00fcge und sonstige Fahrten kreieren, w\u00e4hrend wir mit unserem verantwortungsbewussten und erfahrenen [&hellip;]<\/p>\n","protected":false},"author":1,"featured_media":0,"parent":0,"menu_order":0,"comment_status":"closed","ping_status":"closed","template":"elementor_header_footer","meta":[],"yoast_head":"<!-- This site is optimized with the Yoast SEO plugin v17.5 - https:\/\/yoast.com\/wordpress\/plugins\/seo\/ -->\n<title>VIP Transfers - Kouklinos Tours<\/title>\n<meta name=\"robots\" content=\"index, follow, max-snippet:-1, max-image-preview:large, max-video-preview:-1\" \/>\n<link rel=\"canonical\" href=\"https:\/\/kouklinostours.gr\/de\/vip\/\" \/>\n<meta property=\"og:locale\" content=\"de_DE\" \/>\n<meta property=\"og:type\" content=\"article\" \/>\n<meta property=\"og:title\" content=\"VIP Transfers - Kouklinos Tours\" \/>\n<meta property=\"og:description\" content=\"VIP Transfers Seit 2020 haben sich die Dienstleistungen unseres Unternehmens zus\u00e4tzlich auf den Bereich des VIP Transfers erweitert, mit luxuri\u00f6sen Reisebussen, aber insbesondere auch mit neuen 10sitzigen Mercedes Sprider-Bussen. So k\u00f6nnen Sie mit allen Annehmlichkeiten und in privater Atmosph\u00e4re Ihr eigenes Programm f\u00fcr Ausfl\u00fcge und sonstige Fahrten kreieren, w\u00e4hrend wir mit unserem verantwortungsbewussten und erfahrenen [&hellip;]\" \/>\n<meta property=\"og:url\" content=\"https:\/\/kouklinostours.gr\/de\/vip\/\" \/>\n<meta property=\"og:site_name\" content=\"Kouklinos Tours\" \/>\n<meta property=\"article:modified_time\" content=\"2021-10-26T13:11:17+00:00\" \/>\n<meta property=\"og:image\" content=\"https:\/\/kouklinostours.gr\/wp-content\/uploads\/2021\/10\/vip1.jpg\" \/>\n<meta name=\"twitter:card\" content=\"summary_large_image\" \/>\n<meta name=\"twitter:label1\" content=\"Gesch\u00e4tzte Lesezeit\" \/>\n\t<meta name=\"twitter:data1\" content=\"1 Minute\" \/>\n<script type=\"application\/ld+json\" class=\"yoast-schema-graph\">{\"@context\":\"https:\/\/schema.org\",\"@graph\":[{\"@type\":\"WebSite\",\"@id\":\"https:\/\/kouklinostours.gr\/#website\",\"url\":\"https:\/\/kouklinostours.gr\/\",\"name\":\"Kouklinos Tours\",\"description\":\"\\u0393\\u03c1\\u03b1\\u03c6\\u03b5\\u03af\\u03bf \\u0393\\u03b5\\u03bd\\u03b9\\u03ba\\u03bf\\u03cd \\u03a4\\u03bf\\u03c5\\u03c1\\u03b9\\u03c3\\u03bc\\u03bf\\u03cd\",\"potentialAction\":[{\"@type\":\"SearchAction\",\"target\":{\"@type\":\"EntryPoint\",\"urlTemplate\":\"https:\/\/kouklinostours.gr\/?s={search_term_string}\"},\"query-input\":\"required name=search_term_string\"}],\"inLanguage\":\"de-DE\"},{\"@type\":\"ImageObject\",\"@id\":\"https:\/\/kouklinostours.gr\/de\/vip\/#primaryimage\",\"inLanguage\":\"de-DE\",\"url\":\"https:\/\/kouklinostours.gr\/wp-content\/uploads\/2021\/10\/vip1.jpg\",\"contentUrl\":\"https:\/\/kouklinostours.gr\/wp-content\/uploads\/2021\/10\/vip1.jpg\",\"width\":1600,\"height\":966,\"caption\":\"VIP Transfers\"},{\"@type\":\"WebPage\",\"@id\":\"https:\/\/kouklinostours.gr\/de\/vip\/#webpage\",\"url\":\"https:\/\/kouklinostours.gr\/de\/vip\/\",\"name\":\"VIP Transfers - Kouklinos Tours\",\"isPartOf\":{\"@id\":\"https:\/\/kouklinostours.gr\/#website\"},\"primaryImageOfPage\":{\"@id\":\"https:\/\/kouklinostours.gr\/de\/vip\/#primaryimage\"},\"datePublished\":\"2021-10-22T05:56:46+00:00\",\"dateModified\":\"2021-10-26T13:11:17+00:00\",\"breadcrumb\":{\"@id\":\"https:\/\/kouklinostours.gr\/de\/vip\/#breadcrumb\"},\"inLanguage\":\"de-DE\",\"potentialAction\":[{\"@type\":\"ReadAction\",\"target\":[\"https:\/\/kouklinostours.gr\/de\/vip\/\"]}]},{\"@type\":\"BreadcrumbList\",\"@id\":\"https:\/\/kouklinostours.gr\/de\/vip\/#breadcrumb\",\"itemListElement\":[{\"@type\":\"ListItem\",\"position\":1,\"name\":\"\\u0391\\u03c1\\u03c7\\u03b9\\u03ba\\u03ae\",\"item\":\"https:\/\/kouklinostours.gr\/de\/home2\/\"},{\"@type\":\"ListItem\",\"position\":2,\"name\":\"VIP Transfers\"}]}]}<\/script>\n<!-- \/ Yoast SEO plugin. -->","yoast_head_json":{"title":"VIP Transfers - Kouklinos Tours","robots":{"index":"index","follow":"follow","max-snippet":"max-snippet:-1","max-image-preview":"max-image-preview:large","max-video-preview":"max-video-preview:-1"},"canonical":"https:\/\/kouklinostours.gr\/de\/vip\/","og_locale":"de_DE","og_type":"article","og_title":"VIP Transfers - Kouklinos Tours","og_description":"VIP Transfers Seit 2020 haben sich die Dienstleistungen unseres Unternehmens zus\u00e4tzlich auf den Bereich des VIP Transfers erweitert, mit luxuri\u00f6sen Reisebussen, aber insbesondere auch mit neuen 10sitzigen Mercedes Sprider-Bussen. So k\u00f6nnen Sie mit allen Annehmlichkeiten und in privater Atmosph\u00e4re Ihr eigenes Programm f\u00fcr Ausfl\u00fcge und sonstige Fahrten kreieren, w\u00e4hrend wir mit unserem verantwortungsbewussten und erfahrenen [&hellip;]","og_url":"https:\/\/kouklinostours.gr\/de\/vip\/","og_site_name":"Kouklinos Tours","article_modified_time":"2021-10-26T13:11:17+00:00","og_image":[{"url":"https:\/\/kouklinostours.gr\/wp-content\/uploads\/2021\/10\/vip1.jpg"}],"twitter_card":"summary_large_image","twitter_misc":{"Gesch\u00e4tzte Lesezeit":"1 Minute"},"schema":{"@context":"https:\/\/schema.org","@graph":[{"@type":"WebSite","@id":"https:\/\/kouklinostours.gr\/#website","url":"https:\/\/kouklinostours.gr\/","name":"Kouklinos Tours","description":"\u0393\u03c1\u03b1\u03c6\u03b5\u03af\u03bf \u0393\u03b5\u03bd\u03b9\u03ba\u03bf\u03cd \u03a4\u03bf\u03c5\u03c1\u03b9\u03c3\u03bc\u03bf\u03cd","potentialAction":[{"@type":"SearchAction","target":{"@type":"EntryPoint","urlTemplate":"https:\/\/kouklinostours.gr\/?s={search_term_string}"},"query-input":"required name=search_term_string"}],"inLanguage":"de-DE"},{"@type":"ImageObject","@id":"https:\/\/kouklinostours.gr\/de\/vip\/#primaryimage","inLanguage":"de-DE","url":"https:\/\/kouklinostours.gr\/wp-content\/uploads\/2021\/10\/vip1.jpg","contentUrl":"https:\/\/kouklinostours.gr\/wp-content\/uploads\/2021\/10\/vip1.jpg","width":1600,"height":966,"caption":"VIP Transfers"},{"@type":"WebPage","@id":"https:\/\/kouklinostours.gr\/de\/vip\/#webpage","url":"https:\/\/kouklinostours.gr\/de\/vip\/","name":"VIP Transfers - Kouklinos Tours","isPartOf":{"@id":"https:\/\/kouklinostours.gr\/#website"},"primaryImageOfPage":{"@id":"https:\/\/kouklinostours.gr\/de\/vip\/#primaryimage"},"datePublished":"2021-10-22T05:56:46+00:00","dateModified":"2021-10-26T13:11:17+00:00","breadcrumb":{"@id":"https:\/\/kouklinostours.gr\/de\/vip\/#breadcrumb"},"inLanguage":"de-DE","potentialAction":[{"@type":"ReadAction","target":["https:\/\/kouklinostours.gr\/de\/vip\/"]}]},{"@type":"BreadcrumbList","@id":"https:\/\/kouklinostours.gr\/de\/vip\/#breadcrumb","itemListElement":[{"@type":"ListItem","position":1,"name":"\u0391\u03c1\u03c7\u03b9\u03ba\u03ae","item":"https:\/\/kouklinostours.gr\/de\/home2\/"},{"@type":"ListItem","position":2,"name":"VIP Transfers"}]}]}},"_links":{"self":[{"href":"https:\/\/kouklinostours.gr\/de\/wp-json\/wp\/v2\/pages\/1412"}],"collection":[{"href":"https:\/\/kouklinostours.gr\/de\/wp-json\/wp\/v2\/pages"}],"about":[{"href":"https:\/\/kouklinostours.gr\/de\/wp-json\/wp\/v2\/types\/page"}],"author":[{"embeddable":true,"href":"https:\/\/kouklinostours.gr\/de\/wp-json\/wp\/v2\/users\/1"}],"replies":[{"embeddable":true,"href":"https:\/\/kouklinostours.gr\/de\/wp-json\/wp\/v2\/comments?post=1412"}],"version-history":[{"count":4,"href":"https:\/\/kouklinostours.gr\/de\/wp-json\/wp\/v2\/pages\/1412\/revisions"}],"predecessor-version":[{"id":1416,"href":"https:\/\/kouklinostours.gr\/de\/wp-json\/wp\/v2\/pages\/1412\/revisions\/1416"}],"wp:attachment":[{"href":"https:\/\/kouklinostours.gr\/de\/wp-json\/wp\/v2\/media?parent=1412"}],"curies":[{"name":"wp","href":"https:\/\/api.w.org\/{rel}","templated":true}]}}