{"id":1417,"date":"2021-10-22T08:31:55","date_gmt":"2021-10-22T05:31:55","guid":{"rendered":"https:\/\/kouklinostours.gr\/leoforeia-50-theseon\/"},"modified":"2021-10-26T16:15:51","modified_gmt":"2021-10-26T13:15:51","slug":"leoforeia-50-theseon","status":"publish","type":"page","link":"https:\/\/kouklinostours.gr\/de\/leoforeia-50-theseon\/","title":{"rendered":"Reisebusse mit 50 Sitzen"},"content":{"rendered":"\t\t<div data-elementor-type=\"wp-page\" data-elementor-id=\"1417\" class=\"elementor elementor-1417 elementor-450\" data-elementor-settings=\"[]\">\n\t\t\t\t\t\t\t<div class=\"elementor-section-wrap\">\n\t\t\t\t\t\t\t<section class=\"elementor-section elementor-top-section elementor-element elementor-element-cf22f38 elementor-section-boxed elementor-section-height-default elementor-section-height-default\" data-id=\"cf22f38\" data-element_type=\"section\" data-settings=\"{&quot;background_background&quot;:&quot;classic&quot;}\">\n\t\t\t\t\t\t<div class=\"elementor-container elementor-column-gap-default\">\n\t\t\t\t\t<div class=\"elementor-column elementor-col-100 elementor-top-column elementor-element elementor-element-6b16b2c\" data-id=\"6b16b2c\" data-element_type=\"column\">\n\t\t\t<div class=\"elementor-widget-wrap elementor-element-populated\">\n\t\t\t\t\t\t\t\t<div class=\"elementor-element elementor-element-db63a26 elementor-widget elementor-widget-heading\" data-id=\"db63a26\" data-element_type=\"widget\" data-widget_type=\"heading.default\">\n\t\t\t\t<div class=\"elementor-widget-container\">\n\t\t\t<h2 class=\"elementor-heading-title elementor-size-default\">Reisebusse mit 50 Sitzen <\/h2>\t\t<\/div>\n\t\t\t\t<\/div>\n\t\t\t\t\t<\/div>\n\t\t<\/div>\n\t\t\t\t\t\t\t<\/div>\n\t\t<\/section>\n\t\t\t\t<section class=\"elementor-section elementor-top-section elementor-element elementor-element-4383f7f3 elementor-section-content-top elementor-section-boxed elementor-section-height-default elementor-section-height-default\" data-id=\"4383f7f3\" data-element_type=\"section\">\n\t\t\t\t\t\t<div class=\"elementor-container elementor-column-gap-no\">\n\t\t\t\t\t<div class=\"elementor-column elementor-col-50 elementor-top-column elementor-element elementor-element-301c5b6b\" data-id=\"301c5b6b\" data-element_type=\"column\" data-settings=\"{&quot;background_background&quot;:&quot;classic&quot;}\">\n\t\t\t<div class=\"elementor-widget-wrap elementor-element-populated\">\n\t\t\t\t\t\t\t\t<div class=\"elementor-element elementor-element-0080a55 elementor-widget elementor-widget-premium-addon-banner\" data-id=\"0080a55\" data-element_type=\"widget\" data-widget_type=\"premium-addon-banner.default\">\n\t\t\t\t<div class=\"elementor-widget-container\">\n\t\t\t\t\t<div id=\"premium-banner-0080a55\" class=\"premium-banner\">\n\t\t\t<div class=\"premium-banner-ib premium-banner-animation7 grayscale premium-banner-min-height\">\n\t\t\t\t\t\t\t\t\t<div class=\"premium-banner-border\">\n\t\t\t\t\t\t<div class=\"premium-banner-br premium-banner-bleft premium-banner-brlr\"><\/div>\n\t\t\t\t\t\t<div class=\"premium-banner-br premium-banner-bright premium-banner-brlr\"><\/div>\n\t\t\t\t\t\t<div class=\"premium-banner-br premium-banner-btop premium-banner-brtb\"><\/div>\n\t\t\t\t\t\t<div class=\"premium-banner-br premium-banner-bottom premium-banner-brtb\"><\/div>\n\t\t\t\t\t<\/div>\n\t\t\t\t\t\t\t\t\t\t\t\t\t\t\t\t\t\t\t<img width=\"1201\" height=\"1600\" src=\"https:\/\/kouklinostours.gr\/wp-content\/uploads\/2021\/10\/stolo-4-2.jpg\" class=\"attachment-full size-full\" alt=\"Kouklinos Tours\" loading=\"lazy\" \/>\t\t\t\t\t\t\t\t\t\t\t\t\t<div class=\"premium-banner-ib-desc\">\n\t\t\t\t\t<div class=\"premium-banner-desc-centered\">\n\t\t\t\t\t\t<div class=\"premium-banner-title-wrap\"><span class=\"premium-banner-ib-title premium_banner_title\"> <\/span><\/div>\t\t\t\t\t\t\t\t\t\t\t<\/div>\n\t\t\t\t<\/div>\n\t\t\t\t\t\t\t<\/div>\n\t\t\t\t\t<\/div>\n\t\t\t\t<\/div>\n\t\t\t\t<\/div>\n\t\t\t\t\t<\/div>\n\t\t<\/div>\n\t\t\t\t<div class=\"elementor-column elementor-col-50 elementor-top-column elementor-element elementor-element-26ee6093\" data-id=\"26ee6093\" data-element_type=\"column\" data-settings=\"{&quot;background_background&quot;:&quot;classic&quot;}\">\n\t\t\t<div class=\"elementor-widget-wrap elementor-element-populated\">\n\t\t\t\t\t\t\t\t<div class=\"elementor-element elementor-element-1d8653e elementor-widget elementor-widget-heading\" data-id=\"1d8653e\" data-element_type=\"widget\" data-widget_type=\"heading.default\">\n\t\t\t\t<div class=\"elementor-widget-container\">\n\t\t\t<h3 class=\"elementor-heading-title elementor-size-default\">Reisebusse mit 50 Sitzen <\/h3>\t\t<\/div>\n\t\t\t\t<\/div>\n\t\t\t\t<div class=\"elementor-element elementor-element-e7d9181 elementor-widget-divider--view-line elementor-widget elementor-widget-divider\" data-id=\"e7d9181\" data-element_type=\"widget\" data-widget_type=\"divider.default\">\n\t\t\t\t<div class=\"elementor-widget-container\">\n\t\t\t\t\t<div class=\"elementor-divider\">\n\t\t\t<span class=\"elementor-divider-separator\">\n\t\t\t\t\t\t<\/span>\n\t\t<\/div>\n\t\t\t\t<\/div>\n\t\t\t\t<\/div>\n\t\t\t\t<div class=\"elementor-element elementor-element-4125edff elementor-widget elementor-widget-text-editor\" data-id=\"4125edff\" data-element_type=\"widget\" data-widget_type=\"text-editor.default\">\n\t\t\t\t<div class=\"elementor-widget-container\">\n\t\t\t\t\t\t\t<p>\u201cKouklinos Tours\u201d verf\u00fcgen \u00fcber firmeneigene Neoplan-Reisebusse mit 50 bzw. 55 Sitzen, so dass wir auch Transfers und Ausfl\u00fcge gr\u00f6\u00dferer Personengruppen bedienen k\u00f6nnen.<\/p><p>\u00a0<\/p><p>\u00a0Alle Fahrzeuge unseres Unternehmens werden in einwandfreiem technischen Zustand gehalten, und verf\u00fcgen \u00fcber<\/p><ul><li style=\"list-style-type: none;\"><ul><li>Sicherheitsgurte (ABS, ASR, ESP, GPS-navi)<\/li><li>Klimaanlage<\/li><li>online GPS-System zur Lokalisierung der Fahrzeugflotte u.a.).<\/li><li>Mikrofonanlage<\/li><li>Bildschirme<\/li><li>DVD-Player<\/li><li>CD \u2013 USB-Player<\/li><li>K\u00fchlschrank<\/li><li>Erste Hilfe-Ausr\u00fcstung<\/li><\/ul><\/li><\/ul><p>\u00a0<\/p><p>Jeder unserer Fahrer hat Erfahrung im Bereich des Reisetransfers und ist in professionellem Verhalten im Stra\u00dfenverkehr, Sicherheit und Kommunikation geschult. Sie verf\u00fcgen \u00fcber eine Berufskraftfahrer-Zertifizierung (PEI) gem\u00e4\u00df den Richtlinien der Europ\u00e4ischen Union und halten sich strikt an alle Sicherheitsma\u00dfnahmen, um Ihnen immer eine sichere und komfortable Fahrt zu bieten.<\/p><p>Alle Fahrer unserer Firma nehmen in regelm\u00e4\u00dfigen Abst\u00e4nden an Erste-Hilfe-Kursen teil.<\/p><p>\u00a0<\/p><p>Unser B\u00fcro steht Ihnen stets f\u00fcr jede Frage zur Seite. Z\u00f6gern Sie nicht, uns zu kontaktieren.<\/p>\t\t\t\t\t\t<\/div>\n\t\t\t\t<\/div>\n\t\t\t\t\t<\/div>\n\t\t<\/div>\n\t\t\t\t\t\t\t<\/div>\n\t\t<\/section>\n\t\t\t\t<section class=\"elementor-section elementor-top-section elementor-element elementor-element-d71e4d1 elementor-section-boxed elementor-section-height-default elementor-section-height-default\" data-id=\"d71e4d1\" data-element_type=\"section\">\n\t\t\t\t\t\t<div class=\"elementor-container elementor-column-gap-default\">\n\t\t\t\t\t<div class=\"elementor-column elementor-col-33 elementor-top-column elementor-element elementor-element-dd0b281\" data-id=\"dd0b281\" data-element_type=\"column\">\n\t\t\t<div class=\"elementor-widget-wrap elementor-element-populated\">\n\t\t\t\t\t\t\t\t<div class=\"elementor-element elementor-element-a6d7022 elementor-widget elementor-widget-premium-addon-banner\" data-id=\"a6d7022\" data-element_type=\"widget\" data-widget_type=\"premium-addon-banner.default\">\n\t\t\t\t<div class=\"elementor-widget-container\">\n\t\t\t\t\t<div id=\"premium-banner-a6d7022\" class=\"premium-banner\">\n\t\t\t<div class=\"premium-banner-ib premium-banner-animation7 grayscale premium-banner-min-height\">\n\t\t\t\t\t\t\t\t\t<div class=\"premium-banner-border\">\n\t\t\t\t\t\t<div class=\"premium-banner-br premium-banner-bleft premium-banner-brlr\"><\/div>\n\t\t\t\t\t\t<div class=\"premium-banner-br premium-banner-bright premium-banner-brlr\"><\/div>\n\t\t\t\t\t\t<div class=\"premium-banner-br premium-banner-btop premium-banner-brtb\"><\/div>\n\t\t\t\t\t\t<div class=\"premium-banner-br premium-banner-bottom premium-banner-brtb\"><\/div>\n\t\t\t\t\t<\/div>\n\t\t\t\t\t\t\t\t\t\t\t\t\t\t\t\t\t\t\t<img width=\"1201\" height=\"1600\" src=\"https:\/\/kouklinostours.gr\/wp-content\/uploads\/2021\/10\/50-2-1.jpg\" class=\"attachment-full size-full\" alt=\"Kouklinos Tours\" loading=\"lazy\" \/>\t\t\t\t\t\t\t\t\t\t\t\t\t<div class=\"premium-banner-ib-desc\">\n\t\t\t\t\t<div class=\"premium-banner-desc-centered\">\n\t\t\t\t\t\t<div class=\"premium-banner-title-wrap\"><span class=\"premium-banner-ib-title premium_banner_title\"> <\/span><\/div>\t\t\t\t\t\t\t\t\t\t\t<\/div>\n\t\t\t\t<\/div>\n\t\t\t\t\t\t\t<\/div>\n\t\t\t\t\t<\/div>\n\t\t\t\t<\/div>\n\t\t\t\t<\/div>\n\t\t\t\t\t<\/div>\n\t\t<\/div>\n\t\t\t\t<div class=\"elementor-column elementor-col-33 elementor-top-column elementor-element elementor-element-7230903\" data-id=\"7230903\" data-element_type=\"column\">\n\t\t\t<div class=\"elementor-widget-wrap elementor-element-populated\">\n\t\t\t\t\t\t\t\t<div class=\"elementor-element elementor-element-27bc3d6 elementor-widget elementor-widget-premium-addon-banner\" data-id=\"27bc3d6\" data-element_type=\"widget\" data-widget_type=\"premium-addon-banner.default\">\n\t\t\t\t<div class=\"elementor-widget-container\">\n\t\t\t\t\t<div id=\"premium-banner-27bc3d6\" class=\"premium-banner\">\n\t\t\t<div class=\"premium-banner-ib premium-banner-animation7 grayscale premium-banner-min-height\">\n\t\t\t\t\t\t\t\t\t<div class=\"premium-banner-border\">\n\t\t\t\t\t\t<div class=\"premium-banner-br premium-banner-bleft premium-banner-brlr\"><\/div>\n\t\t\t\t\t\t<div class=\"premium-banner-br premium-banner-bright premium-banner-brlr\"><\/div>\n\t\t\t\t\t\t<div class=\"premium-banner-br premium-banner-btop premium-banner-brtb\"><\/div>\n\t\t\t\t\t\t<div class=\"premium-banner-br premium-banner-bottom premium-banner-brtb\"><\/div>\n\t\t\t\t\t<\/div>\n\t\t\t\t\t\t\t\t\t\t\t\t\t\t\t\t\t\t\t<img width=\"1200\" height=\"1600\" src=\"https:\/\/kouklinostours.gr\/wp-content\/uploads\/2021\/10\/50-2-2.jpg\" class=\"attachment-full size-full\" alt=\"Kouklinos Tours\" loading=\"lazy\" \/>\t\t\t\t\t\t\t\t\t\t\t\t\t<div class=\"premium-banner-ib-desc\">\n\t\t\t\t\t<div class=\"premium-banner-desc-centered\">\n\t\t\t\t\t\t<div class=\"premium-banner-title-wrap\"><span class=\"premium-banner-ib-title premium_banner_title\"> <\/span><\/div>\t\t\t\t\t\t\t\t\t\t\t<\/div>\n\t\t\t\t<\/div>\n\t\t\t\t\t\t\t<\/div>\n\t\t\t\t\t<\/div>\n\t\t\t\t<\/div>\n\t\t\t\t<\/div>\n\t\t\t\t\t<\/div>\n\t\t<\/div>\n\t\t\t\t<div class=\"elementor-column elementor-col-33 elementor-top-column elementor-element elementor-element-a4ea6c5\" data-id=\"a4ea6c5\" data-element_type=\"column\">\n\t\t\t<div class=\"elementor-widget-wrap elementor-element-populated\">\n\t\t\t\t\t\t\t\t<div class=\"elementor-element elementor-element-afc302c elementor-widget elementor-widget-premium-addon-banner\" data-id=\"afc302c\" data-element_type=\"widget\" data-widget_type=\"premium-addon-banner.default\">\n\t\t\t\t<div class=\"elementor-widget-container\">\n\t\t\t\t\t<div id=\"premium-banner-afc302c\" class=\"premium-banner\">\n\t\t\t<div class=\"premium-banner-ib premium-banner-animation7 grayscale premium-banner-min-height\">\n\t\t\t\t\t\t\t\t\t<div class=\"premium-banner-border\">\n\t\t\t\t\t\t<div class=\"premium-banner-br premium-banner-bleft premium-banner-brlr\"><\/div>\n\t\t\t\t\t\t<div class=\"premium-banner-br premium-banner-bright premium-banner-brlr\"><\/div>\n\t\t\t\t\t\t<div class=\"premium-banner-br premium-banner-btop premium-banner-brtb\"><\/div>\n\t\t\t\t\t\t<div class=\"premium-banner-br premium-banner-bottom premium-banner-brtb\"><\/div>\n\t\t\t\t\t<\/div>\n\t\t\t\t\t\t\t\t\t\t\t\t\t\t\t\t\t\t\t<img width=\"960\" height=\"1280\" src=\"https:\/\/kouklinostours.gr\/wp-content\/uploads\/2021\/10\/50-1-1-1.jpg\" class=\"attachment-full size-full\" alt=\"\" loading=\"lazy\" \/>\t\t\t\t\t\t\t\t\t\t\t\t\t<div class=\"premium-banner-ib-desc\">\n\t\t\t\t\t<div class=\"premium-banner-desc-centered\">\n\t\t\t\t\t\t<div class=\"premium-banner-title-wrap\"><span class=\"premium-banner-ib-title premium_banner_title\"> <\/span><\/div>\t\t\t\t\t\t\t\t\t\t\t<\/div>\n\t\t\t\t<\/div>\n\t\t\t\t\t\t\t<\/div>\n\t\t\t\t\t<\/div>\n\t\t\t\t<\/div>\n\t\t\t\t<\/div>\n\t\t\t\t\t<\/div>\n\t\t<\/div>\n\t\t\t\t\t\t\t<\/div>\n\t\t<\/section>\n\t\t\t\t\t\t<\/div>\n\t\t\t\t\t<\/div>\n\t\t","protected":false},"excerpt":{"rendered":"<p>Reisebusse mit 50 Sitzen Reisebusse mit 50 Sitzen \u201cKouklinos Tours\u201d verf\u00fcgen \u00fcber firmeneigene Neoplan-Reisebusse mit 50 bzw. 55 Sitzen, so dass wir auch Transfers und Ausfl\u00fcge gr\u00f6\u00dferer Personengruppen bedienen k\u00f6nnen. \u00a0 \u00a0Alle Fahrzeuge unseres Unternehmens werden in einwandfreiem technischen Zustand gehalten, und verf\u00fcgen \u00fcber Sicherheitsgurte (ABS, ASR, ESP, GPS-navi) Klimaanlage online GPS-System zur Lokalisierung der [&hellip;]<\/p>\n","protected":false},"author":1,"featured_media":0,"parent":0,"menu_order":0,"comment_status":"closed","ping_status":"closed","template":"elementor_header_footer","meta":[],"yoast_head":"<!-- This site is optimized with the Yoast SEO plugin v17.5 - https:\/\/yoast.com\/wordpress\/plugins\/seo\/ -->\n<title>Reisebusse mit 50 Sitzen - Kouklinos Tours<\/title>\n<meta name=\"robots\" content=\"index, follow, max-snippet:-1, max-image-preview:large, max-video-preview:-1\" \/>\n<link rel=\"canonical\" href=\"https:\/\/kouklinostours.gr\/de\/leoforeia-50-theseon\/\" \/>\n<meta property=\"og:locale\" content=\"de_DE\" \/>\n<meta property=\"og:type\" content=\"article\" \/>\n<meta property=\"og:title\" content=\"Reisebusse mit 50 Sitzen - Kouklinos Tours\" \/>\n<meta property=\"og:description\" content=\"Reisebusse mit 50 Sitzen Reisebusse mit 50 Sitzen \u201cKouklinos Tours\u201d verf\u00fcgen \u00fcber firmeneigene Neoplan-Reisebusse mit 50 bzw. 55 Sitzen, so dass wir auch Transfers und Ausfl\u00fcge gr\u00f6\u00dferer Personengruppen bedienen k\u00f6nnen. \u00a0 \u00a0Alle Fahrzeuge unseres Unternehmens werden in einwandfreiem technischen Zustand gehalten, und verf\u00fcgen \u00fcber Sicherheitsgurte (ABS, ASR, ESP, GPS-navi) Klimaanlage online GPS-System zur Lokalisierung der [&hellip;]\" \/>\n<meta property=\"og:url\" content=\"https:\/\/kouklinostours.gr\/de\/leoforeia-50-theseon\/\" \/>\n<meta property=\"og:site_name\" content=\"Kouklinos Tours\" \/>\n<meta property=\"article:modified_time\" content=\"2021-10-26T13:15:51+00:00\" \/>\n<meta property=\"og:image\" content=\"https:\/\/kouklinostours.gr\/wp-content\/uploads\/2021\/10\/stolo-4-2.jpg\" \/>\n<meta name=\"twitter:card\" content=\"summary_large_image\" \/>\n<meta name=\"twitter:label1\" content=\"Gesch\u00e4tzte Lesezeit\" \/>\n\t<meta name=\"twitter:data1\" content=\"1 Minute\" \/>\n<script type=\"application\/ld+json\" class=\"yoast-schema-graph\">{\"@context\":\"https:\/\/schema.org\",\"@graph\":[{\"@type\":\"WebSite\",\"@id\":\"https:\/\/kouklinostours.gr\/#website\",\"url\":\"https:\/\/kouklinostours.gr\/\",\"name\":\"Kouklinos Tours\",\"description\":\"\\u0393\\u03c1\\u03b1\\u03c6\\u03b5\\u03af\\u03bf \\u0393\\u03b5\\u03bd\\u03b9\\u03ba\\u03bf\\u03cd \\u03a4\\u03bf\\u03c5\\u03c1\\u03b9\\u03c3\\u03bc\\u03bf\\u03cd\",\"potentialAction\":[{\"@type\":\"SearchAction\",\"target\":{\"@type\":\"EntryPoint\",\"urlTemplate\":\"https:\/\/kouklinostours.gr\/?s={search_term_string}\"},\"query-input\":\"required name=search_term_string\"}],\"inLanguage\":\"de-DE\"},{\"@type\":\"ImageObject\",\"@id\":\"https:\/\/kouklinostours.gr\/de\/leoforeia-50-theseon\/#primaryimage\",\"inLanguage\":\"de-DE\",\"url\":\"https:\/\/kouklinostours.gr\/wp-content\/uploads\/2021\/10\/stolo-4-2.jpg\",\"contentUrl\":\"https:\/\/kouklinostours.gr\/wp-content\/uploads\/2021\/10\/stolo-4-2.jpg\",\"width\":1201,\"height\":1600,\"caption\":\"Kouklinos Tours\"},{\"@type\":\"WebPage\",\"@id\":\"https:\/\/kouklinostours.gr\/de\/leoforeia-50-theseon\/#webpage\",\"url\":\"https:\/\/kouklinostours.gr\/de\/leoforeia-50-theseon\/\",\"name\":\"Reisebusse mit 50 Sitzen - Kouklinos Tours\",\"isPartOf\":{\"@id\":\"https:\/\/kouklinostours.gr\/#website\"},\"primaryImageOfPage\":{\"@id\":\"https:\/\/kouklinostours.gr\/de\/leoforeia-50-theseon\/#primaryimage\"},\"datePublished\":\"2021-10-22T05:31:55+00:00\",\"dateModified\":\"2021-10-26T13:15:51+00:00\",\"breadcrumb\":{\"@id\":\"https:\/\/kouklinostours.gr\/de\/leoforeia-50-theseon\/#breadcrumb\"},\"inLanguage\":\"de-DE\",\"potentialAction\":[{\"@type\":\"ReadAction\",\"target\":[\"https:\/\/kouklinostours.gr\/de\/leoforeia-50-theseon\/\"]}]},{\"@type\":\"BreadcrumbList\",\"@id\":\"https:\/\/kouklinostours.gr\/de\/leoforeia-50-theseon\/#breadcrumb\",\"itemListElement\":[{\"@type\":\"ListItem\",\"position\":1,\"name\":\"\\u0391\\u03c1\\u03c7\\u03b9\\u03ba\\u03ae\",\"item\":\"https:\/\/kouklinostours.gr\/de\/home2\/\"},{\"@type\":\"ListItem\",\"position\":2,\"name\":\"Reisebusse mit 50 Sitzen\"}]}]}<\/script>\n<!-- \/ Yoast SEO plugin. -->","yoast_head_json":{"title":"Reisebusse mit 50 Sitzen - Kouklinos Tours","robots":{"index":"index","follow":"follow","max-snippet":"max-snippet:-1","max-image-preview":"max-image-preview:large","max-video-preview":"max-video-preview:-1"},"canonical":"https:\/\/kouklinostours.gr\/de\/leoforeia-50-theseon\/","og_locale":"de_DE","og_type":"article","og_title":"Reisebusse mit 50 Sitzen - Kouklinos Tours","og_description":"Reisebusse mit 50 Sitzen Reisebusse mit 50 Sitzen \u201cKouklinos Tours\u201d verf\u00fcgen \u00fcber firmeneigene Neoplan-Reisebusse mit 50 bzw. 55 Sitzen, so dass wir auch Transfers und Ausfl\u00fcge gr\u00f6\u00dferer Personengruppen bedienen k\u00f6nnen. \u00a0 \u00a0Alle Fahrzeuge unseres Unternehmens werden in einwandfreiem technischen Zustand gehalten, und verf\u00fcgen \u00fcber Sicherheitsgurte (ABS, ASR, ESP, GPS-navi) Klimaanlage online GPS-System zur Lokalisierung der [&hellip;]","og_url":"https:\/\/kouklinostours.gr\/de\/leoforeia-50-theseon\/","og_site_name":"Kouklinos Tours","article_modified_time":"2021-10-26T13:15:51+00:00","og_image":[{"url":"https:\/\/kouklinostours.gr\/wp-content\/uploads\/2021\/10\/stolo-4-2.jpg"}],"twitter_card":"summary_large_image","twitter_misc":{"Gesch\u00e4tzte Lesezeit":"1 Minute"},"schema":{"@context":"https:\/\/schema.org","@graph":[{"@type":"WebSite","@id":"https:\/\/kouklinostours.gr\/#website","url":"https:\/\/kouklinostours.gr\/","name":"Kouklinos Tours","description":"\u0393\u03c1\u03b1\u03c6\u03b5\u03af\u03bf \u0393\u03b5\u03bd\u03b9\u03ba\u03bf\u03cd \u03a4\u03bf\u03c5\u03c1\u03b9\u03c3\u03bc\u03bf\u03cd","potentialAction":[{"@type":"SearchAction","target":{"@type":"EntryPoint","urlTemplate":"https:\/\/kouklinostours.gr\/?s={search_term_string}"},"query-input":"required name=search_term_string"}],"inLanguage":"de-DE"},{"@type":"ImageObject","@id":"https:\/\/kouklinostours.gr\/de\/leoforeia-50-theseon\/#primaryimage","inLanguage":"de-DE","url":"https:\/\/kouklinostours.gr\/wp-content\/uploads\/2021\/10\/stolo-4-2.jpg","contentUrl":"https:\/\/kouklinostours.gr\/wp-content\/uploads\/2021\/10\/stolo-4-2.jpg","width":1201,"height":1600,"caption":"Kouklinos Tours"},{"@type":"WebPage","@id":"https:\/\/kouklinostours.gr\/de\/leoforeia-50-theseon\/#webpage","url":"https:\/\/kouklinostours.gr\/de\/leoforeia-50-theseon\/","name":"Reisebusse mit 50 Sitzen - Kouklinos Tours","isPartOf":{"@id":"https:\/\/kouklinostours.gr\/#website"},"primaryImageOfPage":{"@id":"https:\/\/kouklinostours.gr\/de\/leoforeia-50-theseon\/#primaryimage"},"datePublished":"2021-10-22T05:31:55+00:00","dateModified":"2021-10-26T13:15:51+00:00","breadcrumb":{"@id":"https:\/\/kouklinostours.gr\/de\/leoforeia-50-theseon\/#breadcrumb"},"inLanguage":"de-DE","potentialAction":[{"@type":"ReadAction","target":["https:\/\/kouklinostours.gr\/de\/leoforeia-50-theseon\/"]}]},{"@type":"BreadcrumbList","@id":"https:\/\/kouklinostours.gr\/de\/leoforeia-50-theseon\/#breadcrumb","itemListElement":[{"@type":"ListItem","position":1,"name":"\u0391\u03c1\u03c7\u03b9\u03ba\u03ae","item":"https:\/\/kouklinostours.gr\/de\/home2\/"},{"@type":"ListItem","position":2,"name":"Reisebusse mit 50 Sitzen"}]}]}},"_links":{"self":[{"href":"https:\/\/kouklinostours.gr\/de\/wp-json\/wp\/v2\/pages\/1417"}],"collection":[{"href":"https:\/\/kouklinostours.gr\/de\/wp-json\/wp\/v2\/pages"}],"about":[{"href":"https:\/\/kouklinostours.gr\/de\/wp-json\/wp\/v2\/types\/page"}],"author":[{"embeddable":true,"href":"https:\/\/kouklinostours.gr\/de\/wp-json\/wp\/v2\/users\/1"}],"replies":[{"embeddable":true,"href":"https:\/\/kouklinostours.gr\/de\/wp-json\/wp\/v2\/comments?post=1417"}],"version-history":[{"count":4,"href":"https:\/\/kouklinostours.gr\/de\/wp-json\/wp\/v2\/pages\/1417\/revisions"}],"predecessor-version":[{"id":1421,"href":"https:\/\/kouklinostours.gr\/de\/wp-json\/wp\/v2\/pages\/1417\/revisions\/1421"}],"wp:attachment":[{"href":"https:\/\/kouklinostours.gr\/de\/wp-json\/wp\/v2\/media?parent=1417"}],"curies":[{"name":"wp","href":"https:\/\/api.w.org\/{rel}","templated":true}]}}