{"id":1336,"date":"2021-10-20T12:40:33","date_gmt":"2021-10-20T09:40:33","guid":{"rendered":"https:\/\/kouklinostours.gr\/our-company\/"},"modified":"2021-10-26T15:20:46","modified_gmt":"2021-10-26T12:20:46","slug":"our-company","status":"publish","type":"page","link":"https:\/\/kouklinostours.gr\/fr\/our-company\/","title":{"rendered":"Notre compagnie"},"content":{"rendered":"\t\t<div data-elementor-type=\"wp-page\" data-elementor-id=\"1336\" class=\"elementor elementor-1336 elementor-99\" data-elementor-settings=\"[]\">\n\t\t\t\t\t\t\t<div class=\"elementor-section-wrap\">\n\t\t\t\t\t\t\t<section class=\"elementor-section elementor-top-section elementor-element elementor-element-f522573 elementor-section-boxed elementor-section-height-default elementor-section-height-default\" data-id=\"f522573\" data-element_type=\"section\" data-settings=\"{&quot;background_background&quot;:&quot;classic&quot;}\">\n\t\t\t\t\t\t<div class=\"elementor-container elementor-column-gap-default\">\n\t\t\t\t\t<div class=\"elementor-column elementor-col-100 elementor-top-column elementor-element elementor-element-75e5751\" data-id=\"75e5751\" data-element_type=\"column\">\n\t\t\t<div class=\"elementor-widget-wrap elementor-element-populated\">\n\t\t\t\t\t\t\t\t<div class=\"elementor-element elementor-element-bdbfccf elementor-widget elementor-widget-heading\" data-id=\"bdbfccf\" data-element_type=\"widget\" data-widget_type=\"heading.default\">\n\t\t\t\t<div class=\"elementor-widget-container\">\n\t\t\t<h2 class=\"elementor-heading-title elementor-size-default\">Notre compagnie<\/h2>\t\t<\/div>\n\t\t\t\t<\/div>\n\t\t\t\t\t<\/div>\n\t\t<\/div>\n\t\t\t\t\t\t\t<\/div>\n\t\t<\/section>\n\t\t\t\t<section class=\"elementor-section elementor-top-section elementor-element elementor-element-4383f7f3 elementor-section-content-top elementor-section-boxed elementor-section-height-default elementor-section-height-default\" data-id=\"4383f7f3\" data-element_type=\"section\">\n\t\t\t\t\t\t<div class=\"elementor-container elementor-column-gap-no\">\n\t\t\t\t\t<div class=\"elementor-column elementor-col-50 elementor-top-column elementor-element elementor-element-301c5b6b\" data-id=\"301c5b6b\" data-element_type=\"column\" data-settings=\"{&quot;background_background&quot;:&quot;classic&quot;}\">\n\t\t\t<div class=\"elementor-widget-wrap elementor-element-populated\">\n\t\t\t\t\t\t\t\t<div class=\"elementor-element elementor-element-1ab2098 elementor-widget elementor-widget-premium-addon-banner\" data-id=\"1ab2098\" data-element_type=\"widget\" data-widget_type=\"premium-addon-banner.default\">\n\t\t\t\t<div class=\"elementor-widget-container\">\n\t\t\t\t\t<div id=\"premium-banner-1ab2098\" class=\"premium-banner\">\n\t\t\t<div class=\"premium-banner-ib premium-banner-animation7 grayscale premium-banner-min-height\">\n\t\t\t\t\t\t\t\t\t<div class=\"premium-banner-border\">\n\t\t\t\t\t\t<div class=\"premium-banner-br premium-banner-bleft premium-banner-brlr\"><\/div>\n\t\t\t\t\t\t<div class=\"premium-banner-br premium-banner-bright premium-banner-brlr\"><\/div>\n\t\t\t\t\t\t<div class=\"premium-banner-br premium-banner-btop premium-banner-brtb\"><\/div>\n\t\t\t\t\t\t<div class=\"premium-banner-br premium-banner-bottom premium-banner-brtb\"><\/div>\n\t\t\t\t\t<\/div>\n\t\t\t\t\t\t\t\t\t\t\t\t\t\t\t\t\t\t\t<img width=\"960\" height=\"1280\" src=\"https:\/\/kouklinostours.gr\/wp-content\/uploads\/2021\/10\/50-1-1.jpg\" class=\"attachment-full size-full\" alt=\"Kouklinos Tours\" loading=\"lazy\" \/>\t\t\t\t\t\t\t\t\t\t\t\t\t<div class=\"premium-banner-ib-desc\">\n\t\t\t\t\t<div class=\"premium-banner-desc-centered\">\n\t\t\t\t\t\t<div class=\"premium-banner-title-wrap\"><span class=\"premium-banner-ib-title premium_banner_title\"> <\/span><\/div>\t\t\t\t\t\t\t\t\t\t\t<\/div>\n\t\t\t\t<\/div>\n\t\t\t\t\t\t\t<\/div>\n\t\t\t\t\t<\/div>\n\t\t\t\t<\/div>\n\t\t\t\t<\/div>\n\t\t\t\t\t<\/div>\n\t\t<\/div>\n\t\t\t\t<div class=\"elementor-column elementor-col-50 elementor-top-column elementor-element elementor-element-26ee6093\" data-id=\"26ee6093\" data-element_type=\"column\" data-settings=\"{&quot;background_background&quot;:&quot;classic&quot;}\">\n\t\t\t<div class=\"elementor-widget-wrap elementor-element-populated\">\n\t\t\t\t\t\t\t\t<div class=\"elementor-element elementor-element-1d8653e elementor-widget elementor-widget-heading\" data-id=\"1d8653e\" data-element_type=\"widget\" data-widget_type=\"heading.default\">\n\t\t\t\t<div class=\"elementor-widget-container\">\n\t\t\t<h3 class=\"elementor-heading-title elementor-size-default\">Notre compagnie<\/h3>\t\t<\/div>\n\t\t\t\t<\/div>\n\t\t\t\t<div class=\"elementor-element elementor-element-1b260de elementor-widget-divider--view-line elementor-widget elementor-widget-divider\" data-id=\"1b260de\" data-element_type=\"widget\" data-widget_type=\"divider.default\">\n\t\t\t\t<div class=\"elementor-widget-container\">\n\t\t\t\t\t<div class=\"elementor-divider\">\n\t\t\t<span class=\"elementor-divider-separator\">\n\t\t\t\t\t\t<\/span>\n\t\t<\/div>\n\t\t\t\t<\/div>\n\t\t\t\t<\/div>\n\t\t\t\t<div class=\"elementor-element elementor-element-4125edff elementor-widget elementor-widget-text-editor\" data-id=\"4125edff\" data-element_type=\"widget\" data-widget_type=\"text-editor.default\">\n\t\t\t\t<div class=\"elementor-widget-container\">\n\t\t\t\t\t\t\t<p>Bienvenue sur la page officielle de \u201cKouklinos Tours\u201d, une soci\u00e9t\u00e9 de bus touristiques \u00e0 caract\u00e8re familial qui appartient \u00e0 M. Kouklinos Stefanos et M. Kouklinos Antonis.<\/p>\n<p>La compagnie \u201cKouklinos\u201d a \u00e9t\u00e9 fond\u00e9e en 2003 avec des bus de location appartenant \u00e0 la soci\u00e9t\u00e9 pour le tourisme domestique et international.<\/p>\n<p>Depuis, en renouvelant notre flotte sans cesse, nous nous sommes aujourd&rsquo;hui parvenus \u00e0 nous doter d&rsquo;une flotte priv\u00e9e moderne \u00e0 la pointe de la technologie compos\u00e9e de minibus Mercedes Sprinter 10 places et 19 places, ainsi que de bus Neoplan 50 places et 55 places.<\/p>\n<p>Aujourd&rsquo;hui, nous pouvons dire avec confiance que notre coh\u00e9rence, notre fiabilit\u00e9 et notre service impeccable, ont \u00e9t\u00e9 reconnus et prouv\u00e9s par les collaborations que nous avons entretenues toutes ces ann\u00e9es, ainsi que celles que nous avons r\u00e9cemment d\u00e9velopp\u00e9es.<\/p>\n<p>Notre entreprise repose sur 2 piliers : sa flotte et son personnel toujours bien habill\u00e9, form\u00e9 et ravi d\u2019offrir ses services.<\/p>\t\t\t\t\t\t<\/div>\n\t\t\t\t<\/div>\n\t\t\t\t\t<\/div>\n\t\t<\/div>\n\t\t\t\t\t\t\t<\/div>\n\t\t<\/section>\n\t\t\t\t<section class=\"elementor-section elementor-top-section elementor-element elementor-element-868c2d5 elementor-section-boxed elementor-section-height-default elementor-section-height-default\" data-id=\"868c2d5\" data-element_type=\"section\">\n\t\t\t\t\t\t<div class=\"elementor-container elementor-column-gap-no\">\n\t\t\t\t\t<div class=\"elementor-column elementor-col-50 elementor-top-column elementor-element elementor-element-db42e4b\" data-id=\"db42e4b\" data-element_type=\"column\" data-settings=\"{&quot;background_background&quot;:&quot;classic&quot;}\">\n\t\t\t<div class=\"elementor-widget-wrap elementor-element-populated\">\n\t\t\t\t\t\t\t\t<div class=\"elementor-element elementor-element-e972d6a elementor-widget elementor-widget-heading\" data-id=\"e972d6a\" data-element_type=\"widget\" data-widget_type=\"heading.default\">\n\t\t\t\t<div class=\"elementor-widget-container\">\n\t\t\t<h3 class=\"elementor-heading-title elementor-size-default\">Notre Histoire<\/h3>\t\t<\/div>\n\t\t\t\t<\/div>\n\t\t\t\t<div class=\"elementor-element elementor-element-fe4b167 elementor-widget-divider--view-line elementor-widget elementor-widget-divider\" data-id=\"fe4b167\" data-element_type=\"widget\" data-widget_type=\"divider.default\">\n\t\t\t\t<div class=\"elementor-widget-container\">\n\t\t\t\t\t<div class=\"elementor-divider\">\n\t\t\t<span class=\"elementor-divider-separator\">\n\t\t\t\t\t\t<\/span>\n\t\t<\/div>\n\t\t\t\t<\/div>\n\t\t\t\t<\/div>\n\t\t\t\t<div class=\"elementor-element elementor-element-088da72 elementor-widget elementor-widget-text-editor\" data-id=\"088da72\" data-element_type=\"widget\" data-widget_type=\"text-editor.default\">\n\t\t\t\t<div class=\"elementor-widget-container\">\n\t\t\t\t\t\t\t<p>La compagnie \u201cKouklinos\u201d a \u00e9t\u00e9 fond\u00e9e en 2003 lorsqu&rsquo;elle a acquis ses premiers bus, cr\u00e9ant une soci\u00e9t\u00e9 de location de bus touristiques pour le transport. Son objectif \u00e0 sa cr\u00e9ation comme aujourd\u2019hui, est d&rsquo;offrir un transport s\u00fbr et agr\u00e9able.<\/p>\n<p>Apr\u00e8s de nombreuses ann\u00e9es de collaboration et d&rsquo;exp\u00e9rience de conduite, Aristos Kouklinos, avec ses enfants Stefanos et Antonis, avaient d\u00e9cid\u00e9 de cr\u00e9er \u201cKouklinos Tours\u201d, une entreprise \u00e0 caract\u00e8re familial. Le but de cette soci\u00e9t\u00e9 \u00e9tait et est d\u2019aider les touristes &#8211; venant de la Cr\u00e8te ou du reste de la Gr\u00e8ce &#8211; \u00e0 d\u00e9couvrir les beaut\u00e9s de notre \u00eele avec s\u00e9curit\u00e9, confort et coh\u00e9rence.<\/p>\n<p>Depuis lors, notre flotte s&rsquo;\u00e9tait agrandit et chaque chauffeur s\u00e9lectionn\u00e9 pour joindre cette \u201cfamille\u201d adh\u00e8rent \u00e0 et entretiennent notre vision tout en r\u00e9pondant \u00e0 nos crit\u00e8res. Ils ont les comp\u00e9tences et l&rsquo;exp\u00e9rience requises, et fournissent de mani\u00e8re coh\u00e9rente des services de la plus haute qualit\u00e9.<\/p>\n<p>Nous cherchons toujours \u00e0 offrir aux visiteurs un voyage confortable, s\u00fbr et agr\u00e9able. Pour ce but, nous mettons fortement l\u2019accent sur la qualit\u00e9 et donc renouvelons r\u00e9guli\u00e8rement notre flotte.<\/p>\n<p>Notre soci\u00e9t\u00e9 est en mesure de proposer ses services aux agences de voyages et effectuer des transports routier en leur nom.<\/p>\n<p>Nous pouvons coop\u00e9rer avec des clubs et des \u00e9coles, pour l&rsquo;organisation d&rsquo;excursions d&rsquo;une ou plusieurs journ\u00e9es.<\/p>\n<p>Nous sommes apte d\u2019organiser des transferts au noms de clubs sportifs et d&rsquo;entreprises qui organisent ou r\u00e9alisent des conf\u00e9rences.<\/p>\n<p>Les repr\u00e9sentants de notre entreprise, gr\u00e2ce \u00e0 leur longue exp\u00e9rience, sont en mesure de satisfaire tous vos besoins et leur premier souci est de vous offrir un service s\u00fbr et de haute qualit\u00e9.<\/p>\t\t\t\t\t\t<\/div>\n\t\t\t\t<\/div>\n\t\t\t\t\t<\/div>\n\t\t<\/div>\n\t\t\t\t<div class=\"elementor-column elementor-col-50 elementor-top-column elementor-element elementor-element-435e24e\" data-id=\"435e24e\" data-element_type=\"column\" data-settings=\"{&quot;background_background&quot;:&quot;classic&quot;}\">\n\t\t\t<div class=\"elementor-widget-wrap elementor-element-populated\">\n\t\t\t\t\t\t\t\t<div class=\"elementor-element elementor-element-25797b1 elementor-widget elementor-widget-premium-addon-banner\" data-id=\"25797b1\" data-element_type=\"widget\" data-widget_type=\"premium-addon-banner.default\">\n\t\t\t\t<div class=\"elementor-widget-container\">\n\t\t\t\t\t<div id=\"premium-banner-25797b1\" class=\"premium-banner\">\n\t\t\t<div class=\"premium-banner-ib premium-banner-animation7 grayscale premium-banner-min-height\">\n\t\t\t\t\t\t\t\t\t<div class=\"premium-banner-border\">\n\t\t\t\t\t\t<div class=\"premium-banner-br premium-banner-bleft premium-banner-brlr\"><\/div>\n\t\t\t\t\t\t<div class=\"premium-banner-br premium-banner-bright premium-banner-brlr\"><\/div>\n\t\t\t\t\t\t<div class=\"premium-banner-br premium-banner-btop premium-banner-brtb\"><\/div>\n\t\t\t\t\t\t<div class=\"premium-banner-br premium-banner-bottom premium-banner-brtb\"><\/div>\n\t\t\t\t\t<\/div>\n\t\t\t\t\t\t\t\t\t\t\t\t\t\t\t\t\t\t\t<img width=\"1201\" height=\"1600\" src=\"https:\/\/kouklinostours.gr\/wp-content\/uploads\/2021\/10\/stolo-4-1.jpg\" class=\"attachment-full size-full\" alt=\"Kouklinos Tours\" loading=\"lazy\" \/>\t\t\t\t\t\t\t\t\t\t\t\t\t<div class=\"premium-banner-ib-desc\">\n\t\t\t\t\t<div class=\"premium-banner-desc-centered\">\n\t\t\t\t\t\t<div class=\"premium-banner-title-wrap\"><span class=\"premium-banner-ib-title premium_banner_title\"> <\/span><\/div>\t\t\t\t\t\t\t\t\t\t\t<\/div>\n\t\t\t\t<\/div>\n\t\t\t\t\t\t\t<\/div>\n\t\t\t\t\t<\/div>\n\t\t\t\t<\/div>\n\t\t\t\t<\/div>\n\t\t\t\t<div class=\"elementor-element elementor-element-8f0b3a7 elementor-widget elementor-widget-premium-addon-banner\" data-id=\"8f0b3a7\" data-element_type=\"widget\" data-widget_type=\"premium-addon-banner.default\">\n\t\t\t\t<div class=\"elementor-widget-container\">\n\t\t\t\t\t<div id=\"premium-banner-8f0b3a7\" class=\"premium-banner\">\n\t\t\t<div class=\"premium-banner-ib premium-banner-animation7 grayscale premium-banner-min-height\">\n\t\t\t\t\t\t\t\t\t<div class=\"premium-banner-border\">\n\t\t\t\t\t\t<div class=\"premium-banner-br premium-banner-bleft premium-banner-brlr\"><\/div>\n\t\t\t\t\t\t<div class=\"premium-banner-br premium-banner-bright premium-banner-brlr\"><\/div>\n\t\t\t\t\t\t<div class=\"premium-banner-br premium-banner-btop premium-banner-brtb\"><\/div>\n\t\t\t\t\t\t<div class=\"premium-banner-br premium-banner-bottom premium-banner-brtb\"><\/div>\n\t\t\t\t\t<\/div>\n\t\t\t\t\t\t\t\t\t\t\t\t\t\t\t\t\t\t\t<img width=\"900\" height=\"1600\" src=\"https:\/\/kouklinostours.gr\/wp-content\/uploads\/2021\/10\/vip-1-3.jpg\" class=\"attachment-full size-full\" alt=\"VIP Transfers\" loading=\"lazy\" \/>\t\t\t\t\t\t\t\t\t\t\t\t\t<div class=\"premium-banner-ib-desc\">\n\t\t\t\t\t<div class=\"premium-banner-desc-centered\">\n\t\t\t\t\t\t<div class=\"premium-banner-title-wrap\"><span class=\"premium-banner-ib-title premium_banner_title\"> <\/span><\/div>\t\t\t\t\t\t\t\t\t\t\t<\/div>\n\t\t\t\t<\/div>\n\t\t\t\t\t\t\t<\/div>\n\t\t\t\t\t<\/div>\n\t\t\t\t<\/div>\n\t\t\t\t<\/div>\n\t\t\t\t\t<\/div>\n\t\t<\/div>\n\t\t\t\t\t\t\t<\/div>\n\t\t<\/section>\n\t\t\t\t\t\t<\/div>\n\t\t\t\t\t<\/div>\n\t\t","protected":false},"excerpt":{"rendered":"<p>Notre compagnie Notre compagnie Bienvenue sur la page officielle de \u201cKouklinos Tours\u201d, une soci\u00e9t\u00e9 de bus touristiques \u00e0 caract\u00e8re familial qui appartient \u00e0 M. Kouklinos Stefanos et M. Kouklinos Antonis. La compagnie \u201cKouklinos\u201d a \u00e9t\u00e9 fond\u00e9e en 2003 avec des bus de location appartenant \u00e0 la soci\u00e9t\u00e9 pour le tourisme domestique et international. Depuis, en [&hellip;]<\/p>\n","protected":false},"author":1,"featured_media":0,"parent":0,"menu_order":0,"comment_status":"closed","ping_status":"closed","template":"elementor_header_footer","meta":[],"yoast_head":"<!-- This site is optimized with the Yoast SEO plugin v17.5 - https:\/\/yoast.com\/wordpress\/plugins\/seo\/ -->\n<title>Notre compagnie - Kouklinos Tours<\/title>\n<meta name=\"robots\" content=\"index, follow, max-snippet:-1, max-image-preview:large, max-video-preview:-1\" \/>\n<link rel=\"canonical\" href=\"https:\/\/kouklinostours.gr\/fr\/our-company\/\" \/>\n<meta property=\"og:locale\" content=\"fr_FR\" \/>\n<meta property=\"og:type\" content=\"article\" \/>\n<meta property=\"og:title\" content=\"Notre compagnie - Kouklinos Tours\" \/>\n<meta property=\"og:description\" content=\"Notre compagnie Notre compagnie Bienvenue sur la page officielle de \u201cKouklinos Tours\u201d, une soci\u00e9t\u00e9 de bus touristiques \u00e0 caract\u00e8re familial qui appartient \u00e0 M. Kouklinos Stefanos et M. Kouklinos Antonis. La compagnie \u201cKouklinos\u201d a \u00e9t\u00e9 fond\u00e9e en 2003 avec des bus de location appartenant \u00e0 la soci\u00e9t\u00e9 pour le tourisme domestique et international. Depuis, en [&hellip;]\" \/>\n<meta property=\"og:url\" content=\"https:\/\/kouklinostours.gr\/fr\/our-company\/\" \/>\n<meta property=\"og:site_name\" content=\"Kouklinos Tours\" \/>\n<meta property=\"article:modified_time\" content=\"2021-10-26T12:20:46+00:00\" \/>\n<meta property=\"og:image\" content=\"https:\/\/kouklinostours.gr\/wp-content\/uploads\/2021\/10\/50-1-1.jpg\" \/>\n<meta name=\"twitter:card\" content=\"summary_large_image\" \/>\n<meta name=\"twitter:label1\" content=\"Dur\u00e9e de lecture est.\" \/>\n\t<meta name=\"twitter:data1\" content=\"2 minutes\" \/>\n<script type=\"application\/ld+json\" class=\"yoast-schema-graph\">{\"@context\":\"https:\/\/schema.org\",\"@graph\":[{\"@type\":\"WebSite\",\"@id\":\"https:\/\/kouklinostours.gr\/#website\",\"url\":\"https:\/\/kouklinostours.gr\/\",\"name\":\"Kouklinos Tours\",\"description\":\"\\u0393\\u03c1\\u03b1\\u03c6\\u03b5\\u03af\\u03bf \\u0393\\u03b5\\u03bd\\u03b9\\u03ba\\u03bf\\u03cd \\u03a4\\u03bf\\u03c5\\u03c1\\u03b9\\u03c3\\u03bc\\u03bf\\u03cd\",\"potentialAction\":[{\"@type\":\"SearchAction\",\"target\":{\"@type\":\"EntryPoint\",\"urlTemplate\":\"https:\/\/kouklinostours.gr\/?s={search_term_string}\"},\"query-input\":\"required name=search_term_string\"}],\"inLanguage\":\"fr-FR\"},{\"@type\":\"ImageObject\",\"@id\":\"https:\/\/kouklinostours.gr\/fr\/our-company\/#primaryimage\",\"inLanguage\":\"fr-FR\",\"url\":\"https:\/\/kouklinostours.gr\/wp-content\/uploads\/2021\/10\/50-1-1.jpg\",\"contentUrl\":\"https:\/\/kouklinostours.gr\/wp-content\/uploads\/2021\/10\/50-1-1.jpg\",\"width\":960,\"height\":1280,\"caption\":\"Kouklinos Tours\"},{\"@type\":\"WebPage\",\"@id\":\"https:\/\/kouklinostours.gr\/fr\/our-company\/#webpage\",\"url\":\"https:\/\/kouklinostours.gr\/fr\/our-company\/\",\"name\":\"Notre compagnie - Kouklinos Tours\",\"isPartOf\":{\"@id\":\"https:\/\/kouklinostours.gr\/#website\"},\"primaryImageOfPage\":{\"@id\":\"https:\/\/kouklinostours.gr\/fr\/our-company\/#primaryimage\"},\"datePublished\":\"2021-10-20T09:40:33+00:00\",\"dateModified\":\"2021-10-26T12:20:46+00:00\",\"breadcrumb\":{\"@id\":\"https:\/\/kouklinostours.gr\/fr\/our-company\/#breadcrumb\"},\"inLanguage\":\"fr-FR\",\"potentialAction\":[{\"@type\":\"ReadAction\",\"target\":[\"https:\/\/kouklinostours.gr\/fr\/our-company\/\"]}]},{\"@type\":\"BreadcrumbList\",\"@id\":\"https:\/\/kouklinostours.gr\/fr\/our-company\/#breadcrumb\",\"itemListElement\":[{\"@type\":\"ListItem\",\"position\":1,\"name\":\"\\u0391\\u03c1\\u03c7\\u03b9\\u03ba\\u03ae\",\"item\":\"https:\/\/kouklinostours.gr\/fr\/home2\/\"},{\"@type\":\"ListItem\",\"position\":2,\"name\":\"Notre compagnie\"}]}]}<\/script>\n<!-- \/ Yoast SEO plugin. -->","yoast_head_json":{"title":"Notre compagnie - Kouklinos Tours","robots":{"index":"index","follow":"follow","max-snippet":"max-snippet:-1","max-image-preview":"max-image-preview:large","max-video-preview":"max-video-preview:-1"},"canonical":"https:\/\/kouklinostours.gr\/fr\/our-company\/","og_locale":"fr_FR","og_type":"article","og_title":"Notre compagnie - Kouklinos Tours","og_description":"Notre compagnie Notre compagnie Bienvenue sur la page officielle de \u201cKouklinos Tours\u201d, une soci\u00e9t\u00e9 de bus touristiques \u00e0 caract\u00e8re familial qui appartient \u00e0 M. Kouklinos Stefanos et M. Kouklinos Antonis. La compagnie \u201cKouklinos\u201d a \u00e9t\u00e9 fond\u00e9e en 2003 avec des bus de location appartenant \u00e0 la soci\u00e9t\u00e9 pour le tourisme domestique et international. Depuis, en [&hellip;]","og_url":"https:\/\/kouklinostours.gr\/fr\/our-company\/","og_site_name":"Kouklinos Tours","article_modified_time":"2021-10-26T12:20:46+00:00","og_image":[{"url":"https:\/\/kouklinostours.gr\/wp-content\/uploads\/2021\/10\/50-1-1.jpg"}],"twitter_card":"summary_large_image","twitter_misc":{"Dur\u00e9e de lecture est.":"2 minutes"},"schema":{"@context":"https:\/\/schema.org","@graph":[{"@type":"WebSite","@id":"https:\/\/kouklinostours.gr\/#website","url":"https:\/\/kouklinostours.gr\/","name":"Kouklinos Tours","description":"\u0393\u03c1\u03b1\u03c6\u03b5\u03af\u03bf \u0393\u03b5\u03bd\u03b9\u03ba\u03bf\u03cd \u03a4\u03bf\u03c5\u03c1\u03b9\u03c3\u03bc\u03bf\u03cd","potentialAction":[{"@type":"SearchAction","target":{"@type":"EntryPoint","urlTemplate":"https:\/\/kouklinostours.gr\/?s={search_term_string}"},"query-input":"required name=search_term_string"}],"inLanguage":"fr-FR"},{"@type":"ImageObject","@id":"https:\/\/kouklinostours.gr\/fr\/our-company\/#primaryimage","inLanguage":"fr-FR","url":"https:\/\/kouklinostours.gr\/wp-content\/uploads\/2021\/10\/50-1-1.jpg","contentUrl":"https:\/\/kouklinostours.gr\/wp-content\/uploads\/2021\/10\/50-1-1.jpg","width":960,"height":1280,"caption":"Kouklinos Tours"},{"@type":"WebPage","@id":"https:\/\/kouklinostours.gr\/fr\/our-company\/#webpage","url":"https:\/\/kouklinostours.gr\/fr\/our-company\/","name":"Notre compagnie - Kouklinos Tours","isPartOf":{"@id":"https:\/\/kouklinostours.gr\/#website"},"primaryImageOfPage":{"@id":"https:\/\/kouklinostours.gr\/fr\/our-company\/#primaryimage"},"datePublished":"2021-10-20T09:40:33+00:00","dateModified":"2021-10-26T12:20:46+00:00","breadcrumb":{"@id":"https:\/\/kouklinostours.gr\/fr\/our-company\/#breadcrumb"},"inLanguage":"fr-FR","potentialAction":[{"@type":"ReadAction","target":["https:\/\/kouklinostours.gr\/fr\/our-company\/"]}]},{"@type":"BreadcrumbList","@id":"https:\/\/kouklinostours.gr\/fr\/our-company\/#breadcrumb","itemListElement":[{"@type":"ListItem","position":1,"name":"\u0391\u03c1\u03c7\u03b9\u03ba\u03ae","item":"https:\/\/kouklinostours.gr\/fr\/home2\/"},{"@type":"ListItem","position":2,"name":"Notre compagnie"}]}]}},"_links":{"self":[{"href":"https:\/\/kouklinostours.gr\/fr\/wp-json\/wp\/v2\/pages\/1336"}],"collection":[{"href":"https:\/\/kouklinostours.gr\/fr\/wp-json\/wp\/v2\/pages"}],"about":[{"href":"https:\/\/kouklinostours.gr\/fr\/wp-json\/wp\/v2\/types\/page"}],"author":[{"embeddable":true,"href":"https:\/\/kouklinostours.gr\/fr\/wp-json\/wp\/v2\/users\/1"}],"replies":[{"embeddable":true,"href":"https:\/\/kouklinostours.gr\/fr\/wp-json\/wp\/v2\/comments?post=1336"}],"version-history":[{"count":4,"href":"https:\/\/kouklinostours.gr\/fr\/wp-json\/wp\/v2\/pages\/1336\/revisions"}],"predecessor-version":[{"id":1341,"href":"https:\/\/kouklinostours.gr\/fr\/wp-json\/wp\/v2\/pages\/1336\/revisions\/1341"}],"wp:attachment":[{"href":"https:\/\/kouklinostours.gr\/fr\/wp-json\/wp\/v2\/media?parent=1336"}],"curies":[{"name":"wp","href":"https:\/\/api.w.org\/{rel}","templated":true}]}}