{"id":1342,"date":"2021-10-22T08:31:55","date_gmt":"2021-10-22T05:31:55","guid":{"rendered":"https:\/\/kouklinostours.gr\/leoforeia-50-theseon\/"},"modified":"2021-10-26T15:25:33","modified_gmt":"2021-10-26T12:25:33","slug":"leoforeia-50-theseon","status":"publish","type":"page","link":"https:\/\/kouklinostours.gr\/fr\/leoforeia-50-theseon\/","title":{"rendered":"Bus \u00e0 50 places"},"content":{"rendered":"\t\t<div data-elementor-type=\"wp-page\" data-elementor-id=\"1342\" class=\"elementor elementor-1342 elementor-450\" data-elementor-settings=\"[]\">\n\t\t\t\t\t\t\t<div class=\"elementor-section-wrap\">\n\t\t\t\t\t\t\t<section class=\"elementor-section elementor-top-section elementor-element elementor-element-cf22f38 elementor-section-boxed elementor-section-height-default elementor-section-height-default\" data-id=\"cf22f38\" data-element_type=\"section\" data-settings=\"{&quot;background_background&quot;:&quot;classic&quot;}\">\n\t\t\t\t\t\t<div class=\"elementor-container elementor-column-gap-default\">\n\t\t\t\t\t<div class=\"elementor-column elementor-col-100 elementor-top-column elementor-element elementor-element-6b16b2c\" data-id=\"6b16b2c\" data-element_type=\"column\">\n\t\t\t<div class=\"elementor-widget-wrap elementor-element-populated\">\n\t\t\t\t\t\t\t\t<div class=\"elementor-element elementor-element-db63a26 elementor-widget elementor-widget-heading\" data-id=\"db63a26\" data-element_type=\"widget\" data-widget_type=\"heading.default\">\n\t\t\t\t<div class=\"elementor-widget-container\">\n\t\t\t<h2 class=\"elementor-heading-title elementor-size-default\">Bus \u00e0 50 places <\/h2>\t\t<\/div>\n\t\t\t\t<\/div>\n\t\t\t\t\t<\/div>\n\t\t<\/div>\n\t\t\t\t\t\t\t<\/div>\n\t\t<\/section>\n\t\t\t\t<section class=\"elementor-section elementor-top-section elementor-element elementor-element-4383f7f3 elementor-section-content-top elementor-section-boxed elementor-section-height-default elementor-section-height-default\" data-id=\"4383f7f3\" data-element_type=\"section\">\n\t\t\t\t\t\t<div class=\"elementor-container elementor-column-gap-no\">\n\t\t\t\t\t<div class=\"elementor-column elementor-col-50 elementor-top-column elementor-element elementor-element-301c5b6b\" data-id=\"301c5b6b\" data-element_type=\"column\" data-settings=\"{&quot;background_background&quot;:&quot;classic&quot;}\">\n\t\t\t<div class=\"elementor-widget-wrap elementor-element-populated\">\n\t\t\t\t\t\t\t\t<div class=\"elementor-element elementor-element-0080a55 elementor-widget elementor-widget-premium-addon-banner\" data-id=\"0080a55\" data-element_type=\"widget\" data-widget_type=\"premium-addon-banner.default\">\n\t\t\t\t<div class=\"elementor-widget-container\">\n\t\t\t\t\t<div id=\"premium-banner-0080a55\" class=\"premium-banner\">\n\t\t\t<div class=\"premium-banner-ib premium-banner-animation7 grayscale premium-banner-min-height\">\n\t\t\t\t\t\t\t\t\t<div class=\"premium-banner-border\">\n\t\t\t\t\t\t<div class=\"premium-banner-br premium-banner-bleft premium-banner-brlr\"><\/div>\n\t\t\t\t\t\t<div class=\"premium-banner-br premium-banner-bright premium-banner-brlr\"><\/div>\n\t\t\t\t\t\t<div class=\"premium-banner-br premium-banner-btop premium-banner-brtb\"><\/div>\n\t\t\t\t\t\t<div class=\"premium-banner-br premium-banner-bottom premium-banner-brtb\"><\/div>\n\t\t\t\t\t<\/div>\n\t\t\t\t\t\t\t\t\t\t\t\t\t\t\t\t\t\t\t<img width=\"1201\" height=\"1600\" src=\"https:\/\/kouklinostours.gr\/wp-content\/uploads\/2021\/10\/stolo-4-2.jpg\" class=\"attachment-full size-full\" alt=\"Kouklinos Tours\" loading=\"lazy\" \/>\t\t\t\t\t\t\t\t\t\t\t\t\t<div class=\"premium-banner-ib-desc\">\n\t\t\t\t\t<div class=\"premium-banner-desc-centered\">\n\t\t\t\t\t\t<div class=\"premium-banner-title-wrap\"><span class=\"premium-banner-ib-title premium_banner_title\"> <\/span><\/div>\t\t\t\t\t\t\t\t\t\t\t<\/div>\n\t\t\t\t<\/div>\n\t\t\t\t\t\t\t<\/div>\n\t\t\t\t\t<\/div>\n\t\t\t\t<\/div>\n\t\t\t\t<\/div>\n\t\t\t\t\t<\/div>\n\t\t<\/div>\n\t\t\t\t<div class=\"elementor-column elementor-col-50 elementor-top-column elementor-element elementor-element-26ee6093\" data-id=\"26ee6093\" data-element_type=\"column\" data-settings=\"{&quot;background_background&quot;:&quot;classic&quot;}\">\n\t\t\t<div class=\"elementor-widget-wrap elementor-element-populated\">\n\t\t\t\t\t\t\t\t<div class=\"elementor-element elementor-element-1d8653e elementor-widget elementor-widget-heading\" data-id=\"1d8653e\" data-element_type=\"widget\" data-widget_type=\"heading.default\">\n\t\t\t\t<div class=\"elementor-widget-container\">\n\t\t\t<h3 class=\"elementor-heading-title elementor-size-default\">Bus \u00e0 50 places <\/h3>\t\t<\/div>\n\t\t\t\t<\/div>\n\t\t\t\t<div class=\"elementor-element elementor-element-e7d9181 elementor-widget-divider--view-line elementor-widget elementor-widget-divider\" data-id=\"e7d9181\" data-element_type=\"widget\" data-widget_type=\"divider.default\">\n\t\t\t\t<div class=\"elementor-widget-container\">\n\t\t\t\t\t<div class=\"elementor-divider\">\n\t\t\t<span class=\"elementor-divider-separator\">\n\t\t\t\t\t\t<\/span>\n\t\t<\/div>\n\t\t\t\t<\/div>\n\t\t\t\t<\/div>\n\t\t\t\t<div class=\"elementor-element elementor-element-4125edff elementor-widget elementor-widget-text-editor\" data-id=\"4125edff\" data-element_type=\"widget\" data-widget_type=\"text-editor.default\">\n\t\t\t\t<div class=\"elementor-widget-container\">\n\t\t\t\t\t\t\t<p>\u201cKouklinos Tours\u201d dispose de bus touristiques de location Neoplan de 50 places et 55 places afin de servir un grand nombre de clients et d\u2019offrir des transferts et des excursions.<\/p><p>\u00a0<\/p><p>Tous nos v\u00e9hicules sont entretenus et en parfait \u00e9tat avec:<\/p><ul><li>Ceintures de s\u00e9curit\u00e9<\/li><li>Dispositifs ABS, ASR et ESP<\/li><li>Navigateur GPS<\/li><li>Climatiseur<\/li><li>Un syst\u00e8me de suivi de flotte GPS en ligne<\/li><li>Installation de microphone<\/li><li>\u00c9crans<\/li><li>Lecteur DVD<\/li><li>Lecteur CD \u2013 USB<\/li><li>R\u00e9frig\u00e9rateur<\/li><li>Trousse de premier secours<\/li><\/ul><p>\u00a0<\/p><p>\u00a0\u00a0\u00a0\u00a0\u00a0\u00a0\u00a0 Tous nos chauffeurs se sont familiaris\u00e9s avec le transport touristique, sont parfaitement inform\u00e9s en mati\u00e8re de comportement routier, de s\u00e9curit\u00e9 et de communication et, selon la directive de l&rsquo;Union europ\u00e9enne, sont en possession d\u2019un certificat d&rsquo;aptitude professionnelle (CAP) de chauffeurs touristiques. De plus, ils suivent strictement toutes les mesures de s\u00e9curit\u00e9 afin d\u2019assurer que chaque voyage soit s\u00fbr et confortable.<\/p><p>Tous nos chauffeurs assistent r\u00e9guli\u00e8rement \u00e0 des s\u00e9minaires \u201cpremiers secours\u201d.<\/p><p>\u00a0<\/p><p>Notre bureau est toujours \u00e0 votre disposition pour r\u00e9pondre \u00e0 vos probl\u00e8mes et nous vous prions de ne pas h\u00e9siter \u00e0 nous contacter.<\/p>\t\t\t\t\t\t<\/div>\n\t\t\t\t<\/div>\n\t\t\t\t\t<\/div>\n\t\t<\/div>\n\t\t\t\t\t\t\t<\/div>\n\t\t<\/section>\n\t\t\t\t<section class=\"elementor-section elementor-top-section elementor-element elementor-element-d71e4d1 elementor-section-boxed elementor-section-height-default elementor-section-height-default\" data-id=\"d71e4d1\" data-element_type=\"section\">\n\t\t\t\t\t\t<div class=\"elementor-container elementor-column-gap-default\">\n\t\t\t\t\t<div class=\"elementor-column elementor-col-33 elementor-top-column elementor-element elementor-element-dd0b281\" data-id=\"dd0b281\" data-element_type=\"column\">\n\t\t\t<div class=\"elementor-widget-wrap elementor-element-populated\">\n\t\t\t\t\t\t\t\t<div class=\"elementor-element elementor-element-a6d7022 elementor-widget elementor-widget-premium-addon-banner\" data-id=\"a6d7022\" data-element_type=\"widget\" data-widget_type=\"premium-addon-banner.default\">\n\t\t\t\t<div class=\"elementor-widget-container\">\n\t\t\t\t\t<div id=\"premium-banner-a6d7022\" class=\"premium-banner\">\n\t\t\t<div class=\"premium-banner-ib premium-banner-animation7 grayscale premium-banner-min-height\">\n\t\t\t\t\t\t\t\t\t<div class=\"premium-banner-border\">\n\t\t\t\t\t\t<div class=\"premium-banner-br premium-banner-bleft premium-banner-brlr\"><\/div>\n\t\t\t\t\t\t<div class=\"premium-banner-br premium-banner-bright premium-banner-brlr\"><\/div>\n\t\t\t\t\t\t<div class=\"premium-banner-br premium-banner-btop premium-banner-brtb\"><\/div>\n\t\t\t\t\t\t<div class=\"premium-banner-br premium-banner-bottom premium-banner-brtb\"><\/div>\n\t\t\t\t\t<\/div>\n\t\t\t\t\t\t\t\t\t\t\t\t\t\t\t\t\t\t\t<img width=\"1201\" height=\"1600\" src=\"https:\/\/kouklinostours.gr\/wp-content\/uploads\/2021\/10\/50-2-1.jpg\" class=\"attachment-full size-full\" alt=\"Kouklinos Tours\" loading=\"lazy\" \/>\t\t\t\t\t\t\t\t\t\t\t\t\t<div class=\"premium-banner-ib-desc\">\n\t\t\t\t\t<div class=\"premium-banner-desc-centered\">\n\t\t\t\t\t\t<div class=\"premium-banner-title-wrap\"><span class=\"premium-banner-ib-title premium_banner_title\"> <\/span><\/div>\t\t\t\t\t\t\t\t\t\t\t<\/div>\n\t\t\t\t<\/div>\n\t\t\t\t\t\t\t<\/div>\n\t\t\t\t\t<\/div>\n\t\t\t\t<\/div>\n\t\t\t\t<\/div>\n\t\t\t\t\t<\/div>\n\t\t<\/div>\n\t\t\t\t<div class=\"elementor-column elementor-col-33 elementor-top-column elementor-element elementor-element-7230903\" data-id=\"7230903\" data-element_type=\"column\">\n\t\t\t<div class=\"elementor-widget-wrap elementor-element-populated\">\n\t\t\t\t\t\t\t\t<div class=\"elementor-element elementor-element-27bc3d6 elementor-widget elementor-widget-premium-addon-banner\" data-id=\"27bc3d6\" data-element_type=\"widget\" data-widget_type=\"premium-addon-banner.default\">\n\t\t\t\t<div class=\"elementor-widget-container\">\n\t\t\t\t\t<div id=\"premium-banner-27bc3d6\" class=\"premium-banner\">\n\t\t\t<div class=\"premium-banner-ib premium-banner-animation7 grayscale premium-banner-min-height\">\n\t\t\t\t\t\t\t\t\t<div class=\"premium-banner-border\">\n\t\t\t\t\t\t<div class=\"premium-banner-br premium-banner-bleft premium-banner-brlr\"><\/div>\n\t\t\t\t\t\t<div class=\"premium-banner-br premium-banner-bright premium-banner-brlr\"><\/div>\n\t\t\t\t\t\t<div class=\"premium-banner-br premium-banner-btop premium-banner-brtb\"><\/div>\n\t\t\t\t\t\t<div class=\"premium-banner-br premium-banner-bottom premium-banner-brtb\"><\/div>\n\t\t\t\t\t<\/div>\n\t\t\t\t\t\t\t\t\t\t\t\t\t\t\t\t\t\t\t<img width=\"1200\" height=\"1600\" src=\"https:\/\/kouklinostours.gr\/wp-content\/uploads\/2021\/10\/50-2-2.jpg\" class=\"attachment-full size-full\" alt=\"Kouklinos Tours\" loading=\"lazy\" \/>\t\t\t\t\t\t\t\t\t\t\t\t\t<div class=\"premium-banner-ib-desc\">\n\t\t\t\t\t<div class=\"premium-banner-desc-centered\">\n\t\t\t\t\t\t<div class=\"premium-banner-title-wrap\"><span class=\"premium-banner-ib-title premium_banner_title\"> <\/span><\/div>\t\t\t\t\t\t\t\t\t\t\t<\/div>\n\t\t\t\t<\/div>\n\t\t\t\t\t\t\t<\/div>\n\t\t\t\t\t<\/div>\n\t\t\t\t<\/div>\n\t\t\t\t<\/div>\n\t\t\t\t\t<\/div>\n\t\t<\/div>\n\t\t\t\t<div class=\"elementor-column elementor-col-33 elementor-top-column elementor-element elementor-element-a4ea6c5\" data-id=\"a4ea6c5\" data-element_type=\"column\">\n\t\t\t<div class=\"elementor-widget-wrap elementor-element-populated\">\n\t\t\t\t\t\t\t\t<div class=\"elementor-element elementor-element-afc302c elementor-widget elementor-widget-premium-addon-banner\" data-id=\"afc302c\" data-element_type=\"widget\" data-widget_type=\"premium-addon-banner.default\">\n\t\t\t\t<div class=\"elementor-widget-container\">\n\t\t\t\t\t<div id=\"premium-banner-afc302c\" class=\"premium-banner\">\n\t\t\t<div class=\"premium-banner-ib premium-banner-animation7 grayscale premium-banner-min-height\">\n\t\t\t\t\t\t\t\t\t<div class=\"premium-banner-border\">\n\t\t\t\t\t\t<div class=\"premium-banner-br premium-banner-bleft premium-banner-brlr\"><\/div>\n\t\t\t\t\t\t<div class=\"premium-banner-br premium-banner-bright premium-banner-brlr\"><\/div>\n\t\t\t\t\t\t<div class=\"premium-banner-br premium-banner-btop premium-banner-brtb\"><\/div>\n\t\t\t\t\t\t<div class=\"premium-banner-br premium-banner-bottom premium-banner-brtb\"><\/div>\n\t\t\t\t\t<\/div>\n\t\t\t\t\t\t\t\t\t\t\t\t\t\t\t\t\t\t\t<img width=\"960\" height=\"1280\" src=\"https:\/\/kouklinostours.gr\/wp-content\/uploads\/2021\/10\/50-1-1-1.jpg\" class=\"attachment-full size-full\" alt=\"\" loading=\"lazy\" \/>\t\t\t\t\t\t\t\t\t\t\t\t\t<div class=\"premium-banner-ib-desc\">\n\t\t\t\t\t<div class=\"premium-banner-desc-centered\">\n\t\t\t\t\t\t<div class=\"premium-banner-title-wrap\"><span class=\"premium-banner-ib-title premium_banner_title\"> <\/span><\/div>\t\t\t\t\t\t\t\t\t\t\t<\/div>\n\t\t\t\t<\/div>\n\t\t\t\t\t\t\t<\/div>\n\t\t\t\t\t<\/div>\n\t\t\t\t<\/div>\n\t\t\t\t<\/div>\n\t\t\t\t\t<\/div>\n\t\t<\/div>\n\t\t\t\t\t\t\t<\/div>\n\t\t<\/section>\n\t\t\t\t\t\t<\/div>\n\t\t\t\t\t<\/div>\n\t\t","protected":false},"excerpt":{"rendered":"<p>Bus \u00e0 50 places Bus \u00e0 50 places \u201cKouklinos Tours\u201d dispose de bus touristiques de location Neoplan de 50 places et 55 places afin de servir un grand nombre de clients et d\u2019offrir des transferts et des excursions. \u00a0 Tous nos v\u00e9hicules sont entretenus et en parfait \u00e9tat avec: Ceintures de s\u00e9curit\u00e9 Dispositifs ABS, ASR [&hellip;]<\/p>\n","protected":false},"author":1,"featured_media":0,"parent":0,"menu_order":0,"comment_status":"closed","ping_status":"closed","template":"elementor_header_footer","meta":[],"yoast_head":"<!-- This site is optimized with the Yoast SEO plugin v17.5 - https:\/\/yoast.com\/wordpress\/plugins\/seo\/ -->\n<title>Bus \u00e0 50 places - Kouklinos Tours<\/title>\n<meta name=\"robots\" content=\"index, follow, max-snippet:-1, max-image-preview:large, max-video-preview:-1\" \/>\n<link rel=\"canonical\" href=\"https:\/\/kouklinostours.gr\/fr\/leoforeia-50-theseon\/\" \/>\n<meta property=\"og:locale\" content=\"fr_FR\" \/>\n<meta property=\"og:type\" content=\"article\" \/>\n<meta property=\"og:title\" content=\"Bus \u00e0 50 places - Kouklinos Tours\" \/>\n<meta property=\"og:description\" content=\"Bus \u00e0 50 places Bus \u00e0 50 places \u201cKouklinos Tours\u201d dispose de bus touristiques de location Neoplan de 50 places et 55 places afin de servir un grand nombre de clients et d\u2019offrir des transferts et des excursions. \u00a0 Tous nos v\u00e9hicules sont entretenus et en parfait \u00e9tat avec: Ceintures de s\u00e9curit\u00e9 Dispositifs ABS, ASR [&hellip;]\" \/>\n<meta property=\"og:url\" content=\"https:\/\/kouklinostours.gr\/fr\/leoforeia-50-theseon\/\" \/>\n<meta property=\"og:site_name\" content=\"Kouklinos Tours\" \/>\n<meta property=\"article:modified_time\" content=\"2021-10-26T12:25:33+00:00\" \/>\n<meta property=\"og:image\" content=\"https:\/\/kouklinostours.gr\/wp-content\/uploads\/2021\/10\/stolo-4-2.jpg\" \/>\n<meta name=\"twitter:card\" content=\"summary_large_image\" \/>\n<meta name=\"twitter:label1\" content=\"Dur\u00e9e de lecture est.\" \/>\n\t<meta name=\"twitter:data1\" content=\"1 minute\" \/>\n<script type=\"application\/ld+json\" class=\"yoast-schema-graph\">{\"@context\":\"https:\/\/schema.org\",\"@graph\":[{\"@type\":\"WebSite\",\"@id\":\"https:\/\/kouklinostours.gr\/#website\",\"url\":\"https:\/\/kouklinostours.gr\/\",\"name\":\"Kouklinos Tours\",\"description\":\"\\u0393\\u03c1\\u03b1\\u03c6\\u03b5\\u03af\\u03bf \\u0393\\u03b5\\u03bd\\u03b9\\u03ba\\u03bf\\u03cd \\u03a4\\u03bf\\u03c5\\u03c1\\u03b9\\u03c3\\u03bc\\u03bf\\u03cd\",\"potentialAction\":[{\"@type\":\"SearchAction\",\"target\":{\"@type\":\"EntryPoint\",\"urlTemplate\":\"https:\/\/kouklinostours.gr\/?s={search_term_string}\"},\"query-input\":\"required name=search_term_string\"}],\"inLanguage\":\"fr-FR\"},{\"@type\":\"ImageObject\",\"@id\":\"https:\/\/kouklinostours.gr\/fr\/leoforeia-50-theseon\/#primaryimage\",\"inLanguage\":\"fr-FR\",\"url\":\"https:\/\/kouklinostours.gr\/wp-content\/uploads\/2021\/10\/stolo-4-2.jpg\",\"contentUrl\":\"https:\/\/kouklinostours.gr\/wp-content\/uploads\/2021\/10\/stolo-4-2.jpg\",\"width\":1201,\"height\":1600,\"caption\":\"Kouklinos Tours\"},{\"@type\":\"WebPage\",\"@id\":\"https:\/\/kouklinostours.gr\/fr\/leoforeia-50-theseon\/#webpage\",\"url\":\"https:\/\/kouklinostours.gr\/fr\/leoforeia-50-theseon\/\",\"name\":\"Bus \\u00e0 50 places - Kouklinos Tours\",\"isPartOf\":{\"@id\":\"https:\/\/kouklinostours.gr\/#website\"},\"primaryImageOfPage\":{\"@id\":\"https:\/\/kouklinostours.gr\/fr\/leoforeia-50-theseon\/#primaryimage\"},\"datePublished\":\"2021-10-22T05:31:55+00:00\",\"dateModified\":\"2021-10-26T12:25:33+00:00\",\"breadcrumb\":{\"@id\":\"https:\/\/kouklinostours.gr\/fr\/leoforeia-50-theseon\/#breadcrumb\"},\"inLanguage\":\"fr-FR\",\"potentialAction\":[{\"@type\":\"ReadAction\",\"target\":[\"https:\/\/kouklinostours.gr\/fr\/leoforeia-50-theseon\/\"]}]},{\"@type\":\"BreadcrumbList\",\"@id\":\"https:\/\/kouklinostours.gr\/fr\/leoforeia-50-theseon\/#breadcrumb\",\"itemListElement\":[{\"@type\":\"ListItem\",\"position\":1,\"name\":\"\\u0391\\u03c1\\u03c7\\u03b9\\u03ba\\u03ae\",\"item\":\"https:\/\/kouklinostours.gr\/fr\/home2\/\"},{\"@type\":\"ListItem\",\"position\":2,\"name\":\"Bus \\u00e0 50 places\"}]}]}<\/script>\n<!-- \/ Yoast SEO plugin. -->","yoast_head_json":{"title":"Bus \u00e0 50 places - Kouklinos Tours","robots":{"index":"index","follow":"follow","max-snippet":"max-snippet:-1","max-image-preview":"max-image-preview:large","max-video-preview":"max-video-preview:-1"},"canonical":"https:\/\/kouklinostours.gr\/fr\/leoforeia-50-theseon\/","og_locale":"fr_FR","og_type":"article","og_title":"Bus \u00e0 50 places - Kouklinos Tours","og_description":"Bus \u00e0 50 places Bus \u00e0 50 places \u201cKouklinos Tours\u201d dispose de bus touristiques de location Neoplan de 50 places et 55 places afin de servir un grand nombre de clients et d\u2019offrir des transferts et des excursions. \u00a0 Tous nos v\u00e9hicules sont entretenus et en parfait \u00e9tat avec: Ceintures de s\u00e9curit\u00e9 Dispositifs ABS, ASR [&hellip;]","og_url":"https:\/\/kouklinostours.gr\/fr\/leoforeia-50-theseon\/","og_site_name":"Kouklinos Tours","article_modified_time":"2021-10-26T12:25:33+00:00","og_image":[{"url":"https:\/\/kouklinostours.gr\/wp-content\/uploads\/2021\/10\/stolo-4-2.jpg"}],"twitter_card":"summary_large_image","twitter_misc":{"Dur\u00e9e de lecture est.":"1 minute"},"schema":{"@context":"https:\/\/schema.org","@graph":[{"@type":"WebSite","@id":"https:\/\/kouklinostours.gr\/#website","url":"https:\/\/kouklinostours.gr\/","name":"Kouklinos Tours","description":"\u0393\u03c1\u03b1\u03c6\u03b5\u03af\u03bf \u0393\u03b5\u03bd\u03b9\u03ba\u03bf\u03cd \u03a4\u03bf\u03c5\u03c1\u03b9\u03c3\u03bc\u03bf\u03cd","potentialAction":[{"@type":"SearchAction","target":{"@type":"EntryPoint","urlTemplate":"https:\/\/kouklinostours.gr\/?s={search_term_string}"},"query-input":"required name=search_term_string"}],"inLanguage":"fr-FR"},{"@type":"ImageObject","@id":"https:\/\/kouklinostours.gr\/fr\/leoforeia-50-theseon\/#primaryimage","inLanguage":"fr-FR","url":"https:\/\/kouklinostours.gr\/wp-content\/uploads\/2021\/10\/stolo-4-2.jpg","contentUrl":"https:\/\/kouklinostours.gr\/wp-content\/uploads\/2021\/10\/stolo-4-2.jpg","width":1201,"height":1600,"caption":"Kouklinos Tours"},{"@type":"WebPage","@id":"https:\/\/kouklinostours.gr\/fr\/leoforeia-50-theseon\/#webpage","url":"https:\/\/kouklinostours.gr\/fr\/leoforeia-50-theseon\/","name":"Bus \u00e0 50 places - Kouklinos Tours","isPartOf":{"@id":"https:\/\/kouklinostours.gr\/#website"},"primaryImageOfPage":{"@id":"https:\/\/kouklinostours.gr\/fr\/leoforeia-50-theseon\/#primaryimage"},"datePublished":"2021-10-22T05:31:55+00:00","dateModified":"2021-10-26T12:25:33+00:00","breadcrumb":{"@id":"https:\/\/kouklinostours.gr\/fr\/leoforeia-50-theseon\/#breadcrumb"},"inLanguage":"fr-FR","potentialAction":[{"@type":"ReadAction","target":["https:\/\/kouklinostours.gr\/fr\/leoforeia-50-theseon\/"]}]},{"@type":"BreadcrumbList","@id":"https:\/\/kouklinostours.gr\/fr\/leoforeia-50-theseon\/#breadcrumb","itemListElement":[{"@type":"ListItem","position":1,"name":"\u0391\u03c1\u03c7\u03b9\u03ba\u03ae","item":"https:\/\/kouklinostours.gr\/fr\/home2\/"},{"@type":"ListItem","position":2,"name":"Bus \u00e0 50 places"}]}]}},"_links":{"self":[{"href":"https:\/\/kouklinostours.gr\/fr\/wp-json\/wp\/v2\/pages\/1342"}],"collection":[{"href":"https:\/\/kouklinostours.gr\/fr\/wp-json\/wp\/v2\/pages"}],"about":[{"href":"https:\/\/kouklinostours.gr\/fr\/wp-json\/wp\/v2\/types\/page"}],"author":[{"embeddable":true,"href":"https:\/\/kouklinostours.gr\/fr\/wp-json\/wp\/v2\/users\/1"}],"replies":[{"embeddable":true,"href":"https:\/\/kouklinostours.gr\/fr\/wp-json\/wp\/v2\/comments?post=1342"}],"version-history":[{"count":7,"href":"https:\/\/kouklinostours.gr\/fr\/wp-json\/wp\/v2\/pages\/1342\/revisions"}],"predecessor-version":[{"id":1349,"href":"https:\/\/kouklinostours.gr\/fr\/wp-json\/wp\/v2\/pages\/1342\/revisions\/1349"}],"wp:attachment":[{"href":"https:\/\/kouklinostours.gr\/fr\/wp-json\/wp\/v2\/media?parent=1342"}],"curies":[{"name":"wp","href":"https:\/\/api.w.org\/{rel}","templated":true}]}}