{"id":1350,"date":"2021-10-25T17:15:34","date_gmt":"2021-10-25T14:15:34","guid":{"rendered":"https:\/\/kouklinostours.gr\/covid-19\/"},"modified":"2021-10-26T15:27:09","modified_gmt":"2021-10-26T12:27:09","slug":"covid-19","status":"publish","type":"page","link":"https:\/\/kouklinostours.gr\/fr\/covid-19\/","title":{"rendered":"COVID-19"},"content":{"rendered":"\t\t<div data-elementor-type=\"wp-page\" data-elementor-id=\"1350\" class=\"elementor elementor-1350 elementor-1151\" data-elementor-settings=\"[]\">\n\t\t\t\t\t\t\t<div class=\"elementor-section-wrap\">\n\t\t\t\t\t\t\t<section class=\"elementor-section elementor-top-section elementor-element elementor-element-f522573 elementor-section-boxed elementor-section-height-default elementor-section-height-default\" data-id=\"f522573\" data-element_type=\"section\" data-settings=\"{&quot;background_background&quot;:&quot;classic&quot;}\">\n\t\t\t\t\t\t<div class=\"elementor-container elementor-column-gap-default\">\n\t\t\t\t\t<div class=\"elementor-column elementor-col-100 elementor-top-column elementor-element elementor-element-75e5751\" data-id=\"75e5751\" data-element_type=\"column\">\n\t\t\t<div class=\"elementor-widget-wrap elementor-element-populated\">\n\t\t\t\t\t\t\t\t<div class=\"elementor-element elementor-element-bdbfccf elementor-widget elementor-widget-heading\" data-id=\"bdbfccf\" data-element_type=\"widget\" data-widget_type=\"heading.default\">\n\t\t\t\t<div class=\"elementor-widget-container\">\n\t\t\t<h2 class=\"elementor-heading-title elementor-size-default\">COVID-19 Info<\/h2>\t\t<\/div>\n\t\t\t\t<\/div>\n\t\t\t\t\t<\/div>\n\t\t<\/div>\n\t\t\t\t\t\t\t<\/div>\n\t\t<\/section>\n\t\t\t\t<section class=\"elementor-section elementor-top-section elementor-element elementor-element-4383f7f3 elementor-section-content-top elementor-section-boxed elementor-section-height-default elementor-section-height-default\" data-id=\"4383f7f3\" data-element_type=\"section\">\n\t\t\t\t\t\t<div class=\"elementor-container elementor-column-gap-no\">\n\t\t\t\t\t<div class=\"elementor-column elementor-col-100 elementor-top-column elementor-element elementor-element-26ee6093\" data-id=\"26ee6093\" data-element_type=\"column\" data-settings=\"{&quot;background_background&quot;:&quot;classic&quot;}\">\n\t\t\t<div class=\"elementor-widget-wrap elementor-element-populated\">\n\t\t\t\t\t\t\t\t<div class=\"elementor-element elementor-element-1d8653e elementor-widget elementor-widget-heading\" data-id=\"1d8653e\" data-element_type=\"widget\" data-widget_type=\"heading.default\">\n\t\t\t\t<div class=\"elementor-widget-container\">\n\t\t\t<h3 class=\"elementor-heading-title elementor-size-default\">COVID-19 Info<\/h3>\t\t<\/div>\n\t\t\t\t<\/div>\n\t\t\t\t<div class=\"elementor-element elementor-element-1b260de elementor-widget-divider--view-line elementor-widget elementor-widget-divider\" data-id=\"1b260de\" data-element_type=\"widget\" data-widget_type=\"divider.default\">\n\t\t\t\t<div class=\"elementor-widget-container\">\n\t\t\t\t\t<div class=\"elementor-divider\">\n\t\t\t<span class=\"elementor-divider-separator\">\n\t\t\t\t\t\t<\/span>\n\t\t<\/div>\n\t\t\t\t<\/div>\n\t\t\t\t<\/div>\n\t\t\t\t<div class=\"elementor-element elementor-element-4125edff elementor-widget elementor-widget-text-editor\" data-id=\"4125edff\" data-element_type=\"widget\" data-widget_type=\"text-editor.default\">\n\t\t\t\t<div class=\"elementor-widget-container\">\n\t\t\t\t\t\t\t<h4>Notre soci\u00e9t\u00e9 prend toutes les pr\u00e9cautions n\u00e9cessaires et adh\u00e8re \u00e0 tous les protocoles sanitaires.<\/h4><p>Par cons\u00e9quent, les points suivants s\u2019appliquent \u00e0 tous nos v\u00e9hicules:<\/p><ul><li>Le r\u00e9servoir est rempli au moins \u00e0 85%<\/li><li>Nous d\u00e9sinfectons tout ce qui est fr\u00e9quemment touch\u00e9 par les passagers apr\u00e8s chaque parcours. De plus, apr\u00e8s la fin de chaque quart de travail, nous d\u00e9sinfectons les v\u00e9hicules de mani\u00e8re approfondie et compl\u00e8te<\/li><li>Un dispositif antiseptique est install\u00e9 pr\u00e8s de chaque entr\u00e9e du bus<\/li><li>Le port du masque est obligatoire tout au long du trajet tant pour les passagers que pour le conducteur<\/li><li>Tous nos guides ont suivi avec succ\u00e8s le s\u00e9minaire de formation cr\u00e9tois sur la pand\u00e9mie<\/li><li>Nous maintenons dans chaque v\u00e9hicule un plan d&rsquo;action et des EPI pour l\u2019\u00e9ventualit\u00e9 de cas suspect ou de sympt\u00f4mes selon les instructions de l\u2019Organisation nationale de la sant\u00e9 (EODY)<\/li><li>Les conducteurs savent rep\u00e9rer les sympt\u00f4mes suspects du Covid19<\/li><li>Un syst\u00e8me AIR PURIFIER ECO 3 est mis en place pour la purification et la d\u00e9sinfection de l&rsquo;air<\/li><\/ul>\t\t\t\t\t\t<\/div>\n\t\t\t\t<\/div>\n\t\t\t\t\t<\/div>\n\t\t<\/div>\n\t\t\t\t\t\t\t<\/div>\n\t\t<\/section>\n\t\t\t\t\t\t<\/div>\n\t\t\t\t\t<\/div>\n\t\t","protected":false},"excerpt":{"rendered":"<p>COVID-19 Info COVID-19 Info Notre soci\u00e9t\u00e9 prend toutes les pr\u00e9cautions n\u00e9cessaires et adh\u00e8re \u00e0 tous les protocoles sanitaires. Par cons\u00e9quent, les points suivants s\u2019appliquent \u00e0 tous nos v\u00e9hicules: Le r\u00e9servoir est rempli au moins \u00e0 85% Nous d\u00e9sinfectons tout ce qui est fr\u00e9quemment touch\u00e9 par les passagers apr\u00e8s chaque parcours. De plus, apr\u00e8s la fin [&hellip;]<\/p>\n","protected":false},"author":1,"featured_media":0,"parent":0,"menu_order":0,"comment_status":"closed","ping_status":"closed","template":"elementor_header_footer","meta":[],"yoast_head":"<!-- This site is optimized with the Yoast SEO plugin v17.5 - https:\/\/yoast.com\/wordpress\/plugins\/seo\/ -->\n<title>COVID-19 - Kouklinos Tours<\/title>\n<meta name=\"robots\" content=\"index, follow, max-snippet:-1, max-image-preview:large, max-video-preview:-1\" \/>\n<link rel=\"canonical\" href=\"https:\/\/kouklinostours.gr\/fr\/covid-19\/\" \/>\n<meta property=\"og:locale\" content=\"fr_FR\" \/>\n<meta property=\"og:type\" content=\"article\" \/>\n<meta property=\"og:title\" content=\"COVID-19 - Kouklinos Tours\" \/>\n<meta property=\"og:description\" content=\"COVID-19 Info COVID-19 Info Notre soci\u00e9t\u00e9 prend toutes les pr\u00e9cautions n\u00e9cessaires et adh\u00e8re \u00e0 tous les protocoles sanitaires. Par cons\u00e9quent, les points suivants s\u2019appliquent \u00e0 tous nos v\u00e9hicules: Le r\u00e9servoir est rempli au moins \u00e0 85% Nous d\u00e9sinfectons tout ce qui est fr\u00e9quemment touch\u00e9 par les passagers apr\u00e8s chaque parcours. De plus, apr\u00e8s la fin [&hellip;]\" \/>\n<meta property=\"og:url\" content=\"https:\/\/kouklinostours.gr\/fr\/covid-19\/\" \/>\n<meta property=\"og:site_name\" content=\"Kouklinos Tours\" \/>\n<meta property=\"article:modified_time\" content=\"2021-10-26T12:27:09+00:00\" \/>\n<meta name=\"twitter:card\" content=\"summary_large_image\" \/>\n<meta name=\"twitter:label1\" content=\"Dur\u00e9e de lecture est.\" \/>\n\t<meta name=\"twitter:data1\" content=\"1 minute\" \/>\n<script type=\"application\/ld+json\" class=\"yoast-schema-graph\">{\"@context\":\"https:\/\/schema.org\",\"@graph\":[{\"@type\":\"WebSite\",\"@id\":\"https:\/\/kouklinostours.gr\/#website\",\"url\":\"https:\/\/kouklinostours.gr\/\",\"name\":\"Kouklinos Tours\",\"description\":\"\\u0393\\u03c1\\u03b1\\u03c6\\u03b5\\u03af\\u03bf \\u0393\\u03b5\\u03bd\\u03b9\\u03ba\\u03bf\\u03cd \\u03a4\\u03bf\\u03c5\\u03c1\\u03b9\\u03c3\\u03bc\\u03bf\\u03cd\",\"potentialAction\":[{\"@type\":\"SearchAction\",\"target\":{\"@type\":\"EntryPoint\",\"urlTemplate\":\"https:\/\/kouklinostours.gr\/?s={search_term_string}\"},\"query-input\":\"required name=search_term_string\"}],\"inLanguage\":\"fr-FR\"},{\"@type\":\"WebPage\",\"@id\":\"https:\/\/kouklinostours.gr\/fr\/covid-19\/#webpage\",\"url\":\"https:\/\/kouklinostours.gr\/fr\/covid-19\/\",\"name\":\"COVID-19 - Kouklinos Tours\",\"isPartOf\":{\"@id\":\"https:\/\/kouklinostours.gr\/#website\"},\"datePublished\":\"2021-10-25T14:15:34+00:00\",\"dateModified\":\"2021-10-26T12:27:09+00:00\",\"breadcrumb\":{\"@id\":\"https:\/\/kouklinostours.gr\/fr\/covid-19\/#breadcrumb\"},\"inLanguage\":\"fr-FR\",\"potentialAction\":[{\"@type\":\"ReadAction\",\"target\":[\"https:\/\/kouklinostours.gr\/fr\/covid-19\/\"]}]},{\"@type\":\"BreadcrumbList\",\"@id\":\"https:\/\/kouklinostours.gr\/fr\/covid-19\/#breadcrumb\",\"itemListElement\":[{\"@type\":\"ListItem\",\"position\":1,\"name\":\"\\u0391\\u03c1\\u03c7\\u03b9\\u03ba\\u03ae\",\"item\":\"https:\/\/kouklinostours.gr\/fr\/home2\/\"},{\"@type\":\"ListItem\",\"position\":2,\"name\":\"COVID-19\"}]}]}<\/script>\n<!-- \/ Yoast SEO plugin. -->","yoast_head_json":{"title":"COVID-19 - Kouklinos Tours","robots":{"index":"index","follow":"follow","max-snippet":"max-snippet:-1","max-image-preview":"max-image-preview:large","max-video-preview":"max-video-preview:-1"},"canonical":"https:\/\/kouklinostours.gr\/fr\/covid-19\/","og_locale":"fr_FR","og_type":"article","og_title":"COVID-19 - Kouklinos Tours","og_description":"COVID-19 Info COVID-19 Info Notre soci\u00e9t\u00e9 prend toutes les pr\u00e9cautions n\u00e9cessaires et adh\u00e8re \u00e0 tous les protocoles sanitaires. Par cons\u00e9quent, les points suivants s\u2019appliquent \u00e0 tous nos v\u00e9hicules: Le r\u00e9servoir est rempli au moins \u00e0 85% Nous d\u00e9sinfectons tout ce qui est fr\u00e9quemment touch\u00e9 par les passagers apr\u00e8s chaque parcours. De plus, apr\u00e8s la fin [&hellip;]","og_url":"https:\/\/kouklinostours.gr\/fr\/covid-19\/","og_site_name":"Kouklinos Tours","article_modified_time":"2021-10-26T12:27:09+00:00","twitter_card":"summary_large_image","twitter_misc":{"Dur\u00e9e de lecture est.":"1 minute"},"schema":{"@context":"https:\/\/schema.org","@graph":[{"@type":"WebSite","@id":"https:\/\/kouklinostours.gr\/#website","url":"https:\/\/kouklinostours.gr\/","name":"Kouklinos Tours","description":"\u0393\u03c1\u03b1\u03c6\u03b5\u03af\u03bf \u0393\u03b5\u03bd\u03b9\u03ba\u03bf\u03cd \u03a4\u03bf\u03c5\u03c1\u03b9\u03c3\u03bc\u03bf\u03cd","potentialAction":[{"@type":"SearchAction","target":{"@type":"EntryPoint","urlTemplate":"https:\/\/kouklinostours.gr\/?s={search_term_string}"},"query-input":"required name=search_term_string"}],"inLanguage":"fr-FR"},{"@type":"WebPage","@id":"https:\/\/kouklinostours.gr\/fr\/covid-19\/#webpage","url":"https:\/\/kouklinostours.gr\/fr\/covid-19\/","name":"COVID-19 - Kouklinos Tours","isPartOf":{"@id":"https:\/\/kouklinostours.gr\/#website"},"datePublished":"2021-10-25T14:15:34+00:00","dateModified":"2021-10-26T12:27:09+00:00","breadcrumb":{"@id":"https:\/\/kouklinostours.gr\/fr\/covid-19\/#breadcrumb"},"inLanguage":"fr-FR","potentialAction":[{"@type":"ReadAction","target":["https:\/\/kouklinostours.gr\/fr\/covid-19\/"]}]},{"@type":"BreadcrumbList","@id":"https:\/\/kouklinostours.gr\/fr\/covid-19\/#breadcrumb","itemListElement":[{"@type":"ListItem","position":1,"name":"\u0391\u03c1\u03c7\u03b9\u03ba\u03ae","item":"https:\/\/kouklinostours.gr\/fr\/home2\/"},{"@type":"ListItem","position":2,"name":"COVID-19"}]}]}},"_links":{"self":[{"href":"https:\/\/kouklinostours.gr\/fr\/wp-json\/wp\/v2\/pages\/1350"}],"collection":[{"href":"https:\/\/kouklinostours.gr\/fr\/wp-json\/wp\/v2\/pages"}],"about":[{"href":"https:\/\/kouklinostours.gr\/fr\/wp-json\/wp\/v2\/types\/page"}],"author":[{"embeddable":true,"href":"https:\/\/kouklinostours.gr\/fr\/wp-json\/wp\/v2\/users\/1"}],"replies":[{"embeddable":true,"href":"https:\/\/kouklinostours.gr\/fr\/wp-json\/wp\/v2\/comments?post=1350"}],"version-history":[{"count":3,"href":"https:\/\/kouklinostours.gr\/fr\/wp-json\/wp\/v2\/pages\/1350\/revisions"}],"predecessor-version":[{"id":1353,"href":"https:\/\/kouklinostours.gr\/fr\/wp-json\/wp\/v2\/pages\/1350\/revisions\/1353"}],"wp:attachment":[{"href":"https:\/\/kouklinostours.gr\/fr\/wp-json\/wp\/v2\/media?parent=1350"}],"curies":[{"name":"wp","href":"https:\/\/api.w.org\/{rel}","templated":true}]}}